{"id":3254,"date":"2015-04-22T04:11:09","date_gmt":"2015-04-22T04:11:09","guid":{"rendered":"https:\/\/www.countingedge.com\/kortrakning\/kiss-2\/"},"modified":"2020-07-08T23:24:31","modified_gmt":"2020-07-08T23:24:31","slug":"kiss-2","status":"publish","type":"page","link":"https:\/\/www.countingedge.com\/sv\/kortrakning\/kiss-2\/","title":{"rendered":"KISS II kortr\u00e4kningssystem i blackjack"},"content":{"rendered":"<h2>Overview<\/h2>\n<p><img decoding=\"async\" class=\"alignleft size-medium\" src=\"https:\/\/www.countingedge.com\/wp-content\/uploads\/2014\/01\/cardcouning-fingers-300x232.png\" alt=\"counting cards\" \/><\/p>\n<p>Fred Renzey hade en ganska grundl\u00e4ggande filosofi i tanken n\u00e4r han skapade KISS II kortr\u00e4kningssystemet \u2013 h\u00e5ll det kort och enkelt. Renzey publicerade KISS II metoden i sin bok Blackjack Bluebook II. Den ut\u00f6kade versionen av blackjack boken kom ut 2006, s\u00e5 KISS II metoden h\u00e5ller fortfarande p\u00e5 att bli uppdaterat och f\u00f6rb\u00e4ttrad av Renzey. Fred Renzey \u00e4r k\u00e4nd inom spelarv\u00e4rlden som en skicklig expert p\u00e5 blackjack och andra kortspel vilket ger trov\u00e4rdigheten till hans KISS II system.<\/p>\n<p>Nyb\u00f6rjare till kortr\u00e4kning kommer \u00e4lska KISS II systemet. Som namnet indikerar, g\u00f6r metoden allt m\u00f6jligt f\u00f6r att f\u00f6renkla processen med kortr\u00e4kning. F\u00f6rutom att vara enkelt att l\u00e4ra sig och anv\u00e4nda i live blackjack spel, \u00e4r KISS II systemet kraftfullt nog f\u00f6r att ge spelaren en +0.64% adderad marginal \u00f6ver huset.<\/p>\n<h2>Vad du beh\u00f6ver veta om KISS II kortr\u00e4kningsmetod <\/h2>\n<p>Det f\u00f6rsta att f\u00f6rst\u00e5 med KISS II \u00e4r att det vidh\u00e4ftar grunderna med kortr\u00e4kning. M\u00e5let med metoden \u00e4r att h\u00e4la speare att utveckla en l\u00f6pande ber\u00e4kning som utv\u00e4rderar n\u00e4r leken blivit f\u00f6rdelaktig. N\u00e4r den l\u00f6pande ber\u00e4kningen n\u00e5r en h\u00f6g niv\u00e5 som +3, +4, +5, skjuter chanserna f\u00f6r vinster i blackjack i h\u00f6jden och du borde h\u00f6ja dina bud. Om den ber\u00e4kningen hamnar under noll till ett negativt tal, var f\u00f6rsiktig. Det kanske \u00e4r dags att ta en paus.<\/p>\n<div class=\"alert alert-info\"><img loading=\"lazy\" decoding=\"async\" class=\"alignnone\" src=\"https:\/\/www.countingedge.com\/wp-content\/uploads\/2025\/03\/betwaycasinogames.png\" alt=\"B\u00e4sta svenska kasino\" width=\"950\" height=\"417\" \/> <\/p>\n<div align=\"center\"><a class=\"btn btn-theme btn-lg\" href=\"https:\/\/www.countingedge.com\/recommends\/betway-se\/\" target=\"_blank\" data-bgcolor=\"#CC3333\" data-bghovercolor=\"#242424\" data-txtcolor=\"#FFFFFF\" data-txthovercolor=\"#FFFFFF\" >\u2764 Sveriges B\u00e4sta Casino \u2764<\/a><\/div>\n<p> <\/div>\n<p>F\u00f6r det andra, KISS II kortr\u00e4kningsmetoden \u00e4r vad som \u00e4r k\u00e4nt som ett obalanserat system. Detta betyder enkelt att om alla kort \u00e4r delade fr\u00e5n korth\u00e5llaren kommer inte din slutgiltiga ber\u00e4kning n\u00f6dv\u00e4ndigtvis vara nol. Varf\u00f6r detta? Det \u00e4r f\u00f6r att startv\u00e4rdet inte b\u00f6rjar p\u00e5 noll. D\u00e4r finns olika teorier om vad startv\u00e4rdet ska vara p\u00e5.<\/p>\n<p>N\u00e5gra motst\u00e5ndare till KISS II f\u00f6resl\u00e5r att du ska starta ber\u00e4kningen vid en ny korth\u00e5llare p\u00e5 -12! Trots att vi inte skulle g\u00e5 s\u00e5 l\u00e5ngt, \u00e4r anledningen att b\u00f6rja med ett negativt v\u00e4rde ist\u00e4llet f\u00f6r p\u00e5 0 att du absolut kan vara s\u00e4ker p\u00e5 att leken \u00e4r f\u00f6rdelaktig s\u00e5 fort den sl\u00e5r \u00f6ver till det positiva territoriet och du kan vinna mer pengar med blackjack.<\/p>\n<p>N\u00e5got annat du beh\u00f6ver veta om KISS II metoden \u00e4r att det \u00e4r en kl\u00e4des-specifik ber\u00e4kning. Tv\u00e5orna i leken \u00e4r givna olika v\u00e4rden baserade p\u00e5 f\u00e4rgen p\u00e5 dess kl\u00e4dnad. Detta l\u00e4gger till lite sv\u00e5righeter till metoden och m\u00e5nga spelare h\u00e5ller sig borta fr\u00e5n kl\u00e4des-specifika ber\u00e4kningar.<\/p>\n<h2>Kortv\u00e4rdena i The KISS IIS<\/h2>\n<h3>H\u00e4r \u00e4r kortv\u00e4rdena givna korten i KISS II<\/h3>\n<h3>Kort V\u00e4rde<\/h3>\n\n<table id=\"tablepress-6\" class=\"tablepress tablepress-id-6\">\n<thead>\n<tr class=\"row-1\">\n\t<th class=\"column-1\">Red 2<\/th><th class=\"column-2\">Black 2<\/th><th class=\"column-3\">3<\/th><th class=\"column-4\">4<\/th><th class=\"column-5\">5<\/th><th class=\"column-6\">6<\/th><th class=\"column-7\">7<\/th><th class=\"column-8\">8<\/th><th class=\"column-9\">9<\/th><th class=\"column-10\">10<\/th><th class=\"column-11\">J<\/th><th class=\"column-12\">Q<\/th><th class=\"column-13\">K<\/th><th class=\"column-14\">A<\/th>\n<\/tr>\n<\/thead>\n<tbody class=\"row-striping row-hover\">\n<tr class=\"row-2\">\n\t<td class=\"column-1\">0<\/td><td class=\"column-2\">+1<\/td><td class=\"column-3\">+1<\/td><td class=\"column-4\">+1<\/td><td class=\"column-5\">+1<\/td><td class=\"column-6\">+1<\/td><td class=\"column-7\">0<\/td><td class=\"column-8\">0<\/td><td class=\"column-9\">0<\/td><td class=\"column-10\">-1<\/td><td class=\"column-11\">-1<\/td><td class=\"column-12\">-1<\/td><td class=\"column-13\">-1<\/td><td class=\"column-14\">0<\/td>\n<\/tr>\n<\/tbody>\n<\/table>\n<!-- #tablepress-6 from cache -->\n<p>D\u00e4r \u00e4r tv\u00e5 viktiga saker att l\u00e4gga m\u00e4rke till n\u00e4r du kollar p\u00e5 dessa kortv\u00e4rdena. F\u00f6r det f\u00f6rsta, som vi sa ovan, s\u00e5 givs tv\u00e5orna olika v\u00e4rden baserat p\u00e5 f\u00e4rgen p\u00e5 deras kl\u00e4dnad. D\u00e4r \u00e4r en konstant eldig debatt i blackjack communityt om f\u00f6r- och nackdelarna med en kl\u00e4des-specifik ber\u00e4kning. Till slut \u00e4r det upp till spelaren att best\u00e4mma om den \u00e4r bekv\u00e4m med metoden.<\/p>\n<div class=\"alert alert-info\"><button type=\"button\" class=\"close\" data-dismiss=\"alert\" aria-hidden=\"true\">&times;<\/button>Ni kan <a href=\"https:\/\/www.countingedge.com\/sv\/betta-med-bitcoin-casinon\/\">spela casino spel med Bitcoin<\/a>, och f\u00e5 en h\u00e4ftig <a href=\"https:\/\/www.countingedge.com\/sv\/blackjack-bonus-satsningskrav\/\">blackjack bonus<\/a> och <a href=\"https:\/\/www.countingedge.com\/sv\/live-blackjack-riktiga-pengar\/\">spela live blackjack om pengar<\/a>, men ni borde f\u00f6rst l\u00e4ra er mer om <a href=\"https:\/\/www.countingedge.com\/sv\/\">blackjack<\/a> h\u00e4r p\u00e5 Counting Edge! D\u00e4refter, kan ni <a href=\"https:\/\/www.countingedge.com\/sv\/blackjack-systemet\/blackjack-online\/\">vinna pengar med min metod<\/a>.<\/div>\n<p>F\u00f6r det andra, s\u00e5 kommer du notera att KISS II metoden \u00e4r mycket f\u00f6renklad p\u00e5 grund av att den till\u00e5ter spelaren att eliminera 50% av korten fr\u00e5n ber\u00e4kningen. Detta f\u00f6r att fyra av korten har v\u00e4rdet av +1 och fyra har v\u00e4rdet av -1. Detta betyder att de korten tar ut varandra. H\u00e5lla en ber\u00e4kning i KISS II under live spel \u00e4r mycket enklare f\u00f6r d\u00e4r \u00e4r f\u00e4rre kort att h\u00e5lla koll p\u00e5 och l\u00e4gga till i den l\u00f6pande ber\u00e4kningen.<\/p>\n<p>I KISS II metoden finns ingen anledning att h\u00e5lla en separat ber\u00e4kning av \u00e4ss i spel. Du r\u00e4knar helt enkelt \u00e4ssen som 0 i den l\u00f6pande ber\u00e4kningen.<\/p>\n<h2>Summering av Kiss II <\/h2>\n<p>F\u00f6r nyb\u00f6rjare, tror <a href=\"https:\/\/www.countingedge.com\/sv\/\">Counting Edge<\/a> att KISS II metoden \u00e4r en mycket bra introduktion till kortr\u00e4kning. Den \u00e4r enkel att l\u00e4ra sig och simpel att anv\u00e4nda vid blackjack bordet. Det kommer vara till spelarens f\u00f6rdel att tr\u00e4na p\u00e5 KISS II sj\u00e4lva hemma f\u00f6rst innan den ger sig in i en riktig runda p\u00e5 casinot.<\/p>\n<p>Det enda sv\u00e5ra med KISS II \u00e4r den kl\u00e4des-specifika ber\u00e4kningen med tv\u00e5orna i leken. Det borde noteras att KISS II kommer fungera utan att ge olika v\u00e4rden till de r\u00f6da och svarta tv\u00e5orna, men det kommer reducera effektiviteten av metoden.<\/p>\n","protected":false},"excerpt":{"rendered":"<p>Overview Fred Renzey hade en ganska grundl\u00e4ggande filosofi i tanken n\u00e4r han skapade KISS II kortr\u00e4kningssystemet \u2013 h\u00e5ll det kort och enkelt. Renzey publicerade KISS II metoden i sin bok Blackjack Bluebook II. Den ut\u00f6kade versionen av blackjack boken kom ut 2006, s\u00e5 KISS II metoden h\u00e5ller fortfarande p\u00e5 att bli uppdaterat och f\u00f6rb\u00e4ttrad av [&hellip;]<\/p>\n","protected":false},"author":1,"featured_media":0,"parent":2965,"menu_order":0,"comment_status":"open","ping_status":"open","template":"","meta":{"footnotes":""},"class_list":["post-3254","page","type-page","status-publish","hentry"],"_links":{"self":[{"href":"https:\/\/www.countingedge.com\/sv\/wp-json\/wp\/v2\/pages\/3254","targetHints":{"allow":["GET"]}}],"collection":[{"href":"https:\/\/www.countingedge.com\/sv\/wp-json\/wp\/v2\/pages"}],"about":[{"href":"https:\/\/www.countingedge.com\/sv\/wp-json\/wp\/v2\/types\/page"}],"author":[{"embeddable":true,"href":"https:\/\/www.countingedge.com\/sv\/wp-json\/wp\/v2\/users\/1"}],"replies":[{"embeddable":true,"href":"https:\/\/www.countingedge.com\/sv\/wp-json\/wp\/v2\/comments?post=3254"}],"version-history":[{"count":0,"href":"https:\/\/www.countingedge.com\/sv\/wp-json\/wp\/v2\/pages\/3254\/revisions"}],"up":[{"embeddable":true,"href":"https:\/\/www.countingedge.com\/sv\/wp-json\/wp\/v2\/pages\/2965"}],"wp:attachment":[{"href":"https:\/\/www.countingedge.com\/sv\/wp-json\/wp\/v2\/media?parent=3254"}],"curies":[{"name":"wp","href":"https:\/\/api.w.org\/{rel}","templated":true}]}}