{"id":3094,"date":"2015-04-13T18:56:23","date_gmt":"2015-04-13T18:56:23","guid":{"rendered":"https:\/\/www.countingedge.com\/blackjack-systemet\/small-ball-blackjack\/"},"modified":"2020-07-08T22:24:41","modified_gmt":"2020-07-08T22:24:41","slug":"small-ball-blackjack","status":"publish","type":"page","link":"https:\/\/www.countingedge.com\/sv\/blackjack-systemet\/small-ball-blackjack\/","title":{"rendered":"Small Ball Blackjack : Vad \u00e4r Small Ball blackjack?"},"content":{"rendered":"<h2>Fram tills nu har vi fokuserat fr\u00e4mst p\u00e5 grunderna i Counting&#8230;<\/h2>\n<p>Fram tills nu har vi fokuserat fr\u00e4mst p\u00e5 grunderna i Counting Edge blackjacksystem. Dessa grundl\u00e4ggande element \u00e4r v\u00e4ldigt viktiga och helt n\u00f6dv\u00e4ndiga. Ta ett par dagar och g\u00e5 \u00f6ver det som du har l\u00e4rt dig hittills, och utifall du inte har b\u00f6rjat memorera den grundl\u00e4ggande strategin eller \u00f6vat p\u00e5 din kortr\u00e4kning, g\u00f6r det nu.<\/p>\n<p>Det finns m\u00e5nga blackjacksystem p\u00e5 marknaden. Counting Edge skiljer sig fr\u00e5n dessa p\u00e5 m\u00e5nga niv\u00e5er eftersom detta system g\u00e5r bortom det mest basala och mekaniska du beh\u00f6ver f\u00f6r att kunna bli en framg\u00e5ngsrik blackjackspelare. Vad som g\u00f6r att v\u00e5rt system verkligen st\u00e5r ut ur m\u00e4ngden \u00e4r att det fokuserar p\u00e5 byggandet av din bankrulle i en stadigt takt \u00f6ver en l\u00e4ngre tid s\u00e5 att du kan spela med h\u00f6gre begr\u00e4nsningar och \u00f6ka dina vinster. Detta \u00e4r hj\u00e4rtat och sj\u00e4len i systemet. Vi kallar det f\u00f6r Small Ball blackjack.<\/p>\n<h3>Vad \u00e4r Small Ball Blackjack?<\/h3>\n<p>Small Ball blackjack \u00e4r ett s\u00e4tt att spela som \u00e4r utvecklat f\u00f6r att \u00f6ka dina vinnande sessioner och f\u00f6r att din bankrulle sakta men s\u00e4kert ska v\u00e4xa i storlek. Dessa sm\u00e5 vinster v\u00e4xer tills de till slut utg\u00f6r hela din bankrulle. I takt med att din bankrulle v\u00e4xer s\u00e5 kan du h\u00f6ja dina inkomster eftersom du f\u00e5r m\u00f6jlighet att spela med st\u00f6rre insatser.<\/p>\n<div class=\"alert alert-info\"><img loading=\"lazy\" decoding=\"async\" class=\"alignnone\" src=\"https:\/\/www.countingedge.com\/wp-content\/uploads\/2025\/03\/betwaycasinogames.png\" alt=\"B\u00e4sta svenska kasino\" width=\"950\" height=\"417\" \/> <\/p>\n<div align=\"center\"><a class=\"btn btn-theme btn-lg\" href=\"https:\/\/www.countingedge.com\/recommends\/betway-se\/\" target=\"_blank\" data-bgcolor=\"#CC3333\" data-bghovercolor=\"#242424\" data-txtcolor=\"#FFFFFF\" data-txthovercolor=\"#FFFFFF\" >\u2764 Sveriges B\u00e4sta Casino \u2764<\/a><\/div>\n<p> <\/div>\n<p>Ett misstag som m\u00e5nga blackjackspelare g\u00f6r \u00e4r att de bara vill vinna stort och v\u00e4grar acceptera sm\u00e5 vinster. De vill ha en vinst som verkligen k\u00e4nns. Att vinna en liten summa pengar tilltalar inte spelarens natur. Tyv\u00e4rr kan detta leda till girighet. Girighet kan h\u00e5lla kvar dig i en session alldeles f\u00f6r l\u00e4nge, vilket kan leda till att du m\u00e5ste g\u00e5 d\u00e4rifr\u00e5n med en f\u00f6rlust i bagaget. Small Ball blackjack kan f\u00f6rhindra dig fr\u00e5n att bli girig och kan ist\u00e4llet g\u00f6ra dig till en konsekvent vinnare.<\/p>\n<h3>Det \u00e4r Bara ett Enda L\u00e5ngt Spel<\/h3>\n<p>Ditt f\u00f6rsta steg n\u00e4r det g\u00e4ller att bem\u00e4stra Small Ball blackjack \u00e4r att b\u00f6rja t\u00e4nka p\u00e5 ditt blackjackspelande som en enda l\u00e5ng session ist\u00e4llet f\u00f6r flera. Det \u00e4r m\u00f6jligt att f\u00f6rlora en omg\u00e5ng. Du kommer att g\u00f6ra det, garanterat. Vad du beh\u00f6ver g\u00f6ra \u00e4r att inse att en f\u00f6rlorad omg\u00e5ng inte p\u00e5verkar din framg\u00e5ng \u00f6verlag.<\/p>\n<p>F\u00f6rs\u00f6k se hela bilden. Ist\u00e4llet f\u00f6r att t\u00e4nka p\u00e5 hur mycket du har vunnit eller f\u00f6rlorat under dagens spel, s\u00e5 m\u00e5ste du ist\u00e4llet t\u00e4nka p\u00e5 hur mycket du har vunnit och f\u00f6rlorat \u00e4nda sedan du b\u00f6rjade spela. Ligger du i framkant eller har du hamnat p\u00e5 efterk\u00e4lken?<\/p>\n<p>N\u00e4r du l\u00e4r dig att t\u00e4nka p\u00e5 det h\u00e4r s\u00e4ttet kring blackjack s\u00e5 kommer du inte l\u00e4ngre att bli uppr\u00f6rd \u00f6ver att ha f\u00f6rlorat en enskild omg\u00e5ng. Att bli uppr\u00f6rd \u00f6ver n\u00e5got s\u00e5dant kan f\u00e5 dig att hamna \u201don tilt\u201d och f\u00f6rlora din fattning. Om detta sker s\u00e5 kommer besluten du tar att bli p\u00e5verkade p\u00e5 ett negativt vis.<\/p>\n<h3>Att Best\u00e4mma Gr\u00e4nser f\u00f6r Vinster &amp; F\u00f6rluster<\/h3>\n<p>I Small Ball blackjack s\u00e5 \u00e4r m\u00e5let att best\u00e4mma strikta gr\u00e4nser f\u00f6r hur m\u00e5nga vinster och f\u00f6rluster du kan ta per omg\u00e5ng. Att g\u00f6ra p\u00e5 detta vis kommer att maximera dina chanser att skapa dig en vinst och det kommer \u00e4ven att minimera din f\u00f6rluster n\u00e4r du har en f\u00f6rlorande session. Inledningsvis s\u00e5 kommer din vinst\/f\u00f6rlust-gr\u00e4nser att vara 20% av din bankrulle. V\u00e5rt system f\u00f6resl\u00e5r att du b\u00f6rjar med en bankrulle p\u00e5 250$ f\u00f6r att spela vid ett 5$-bord. D\u00e4rf\u00f6r \u00e4r 20% av din bankrulle 50$. Detta inneb\u00e4r att om du vinner 50$ i en omg\u00e5ng, s\u00e5 \u00e4r den omg\u00e5ngen \u00f6ver och du ska d\u00e5 l\u00e4mna bordet.<\/p>\n<p>P\u00e5 samma s\u00e4tt, om du f\u00f6rlorar 50$ under en omg\u00e5ng s\u00e5 m\u00e5ste du ocks\u00e5 l\u00e4mna bordet och \u00e5terv\u00e4nda igen f\u00f6r en ny omg\u00e5ng. Syftet med denna begr\u00e4nsning av vinster \u00e4r att hj\u00e4lpta dig att konsekvent g\u00e5 ut ur kasinot med en vinst. Hur m\u00e5nga g\u00e5nger har du inte h\u00f6rt en hasardspelare s\u00e4ga \u201dJag borde ha slutat medan jag l\u00e5g p\u00e5 topp!\u201d. En vinstgr\u00e4ns hj\u00e4lper dig att g\u00f6ra precis det. Den specificerar en viss summa som du kommer att beh\u00e5lla i utifall du vinner.<\/p>\n<p>N\u00e4r du st\u00e4ller dig upp och l\u00e4mnar bordet efter att ha n\u00e5tt din vinstgr\u00e4ns s\u00e5 har du haft en bra omg\u00e5ng. Ingenting kan ta den vinsten ifr\u00e5n dig.<\/p>\n<p>En gr\u00e4ns f\u00f6r f\u00f6rluster skyddar din bankrulle fr\u00e5n h\u00e5rda slag. F\u00f6r att vinna i blackjack s\u00e5 beh\u00f6ver du pengar att spela med. Om du f\u00f6rlorar hela din bankrulle i en omg\u00e5ng s\u00e5 kan du inte spela f\u00f6rr\u00e4n du har byggt upp den igen. Att s\u00e4tta en gr\u00e4ns f\u00f6r f\u00f6rluster garanterar att du aldrig kommer att f\u00f6rlora hela din bankrulle under en enskild omg\u00e5ng blackjack.<\/p>\n<h3>Smarta Spelare Vet N\u00e4r de Ska Sluta<\/h3>\n<p>En smart spelare kan l\u00e4mna bordet med b\u00e5de en liten vinst och en liten f\u00f6rlust. De vet att i det l\u00e5nga loppet s\u00e5 spelar dagens omg\u00e5ngar inte s\u00e5 stor roll, eftersom blackjack \u00e4r ett enda l\u00e5ngt spel. Det \u00e4r p\u00e5 detta vis som en professionell spelare beter sig. En professionell spelare behandlar sitt blackjackspelande som ett f\u00f6retag.<\/p>\n<p>En nedg\u00e5ngen spelare, \u00e5 andra sidan, visar ingen beh\u00e4rskning. Det t\u00e4nker inte som en aff\u00e4rsm\u00e4n. De \u00e4r alldeles f\u00f6r upptagna med sp\u00e4nningen vid bordet. Allt de bryr sig om \u00e4r att satsa igen, och de kommer att forts\u00e4tta g\u00f6ra det tills det att de f\u00f6rlorar allting p\u00e5 grund av att ingen vinst \u00e4r stor nog.<\/p>\n<div class=\"alert alert-info\"><button type=\"button\" class=\"close\" data-dismiss=\"alert\" aria-hidden=\"true\">&times;<\/button>Ni kan <a href=\"https:\/\/www.countingedge.com\/sv\/betta-med-bitcoin-casinon\/\">spela casino spel med Bitcoin<\/a>, och f\u00e5 en h\u00e4ftig <a href=\"https:\/\/www.countingedge.com\/sv\/blackjack-bonus-satsningskrav\/\">blackjack bonus<\/a> och <a href=\"https:\/\/www.countingedge.com\/sv\/live-blackjack-riktiga-pengar\/\">spela live blackjack om pengar<\/a>, men ni borde f\u00f6rst l\u00e4ra er mer om <a href=\"https:\/\/www.countingedge.com\/sv\/\">blackjack<\/a> h\u00e4r p\u00e5 Counting Edge! D\u00e4refter, kan ni <a href=\"https:\/\/www.countingedge.com\/sv\/blackjack-systemet\/blackjack-online\/\">vinna pengar med min metod<\/a>.<\/div>\n<p>Om du vill bli en professionell blackjackspelare s\u00e5 m\u00e5ste du fatta ett beslut i denna stund. Har du nog med sj\u00e4lvdisciplin f\u00f6r att kunna l\u00e4mna ett bord vid en vinst? Har du nog med sj\u00e4lvdisciplin f\u00f6r att kunna l\u00e4mna bordet efter en liten f\u00f6rlust ist\u00e4llet f\u00f6r att f\u00f6rlora hela din bankrulle? Om du inte kan svara ja p\u00e5 dessa fr\u00e5gor s\u00e5 \u00e4r nog en karri\u00e4r inom blackjack ingenting f\u00f6r dig. Det \u00e4r helt okej. V\u00e4rlden har alltid behov av snabbmatskass\u00f6rskor som arbetar f\u00f6r minimil\u00f6n och k\u00e4mpar f\u00f6r br\u00f6df\u00f6dan.<\/p>\n<p>En v\u00e4rld av stora pengar inom blackjack v\u00e4ntar p\u00e5 dig d\u00e4r ute. F\u00f6rm\u00e5gan att kunna leva p\u00e5 ett spel som du \u00e4lskar, att \u00e4ta gratis p\u00e5 kasinot och att f\u00e5 \u201dcomps\u201d som gratis hotellrum, och dessutom chansen att tj\u00e4na enorma summor \u00e4r som en gyllene ring precis framf\u00f6r dina \u00f6gon. Har du det som kr\u00e4vs f\u00f6r att str\u00e4cka dig fram och ta den?<\/p>\n<h3>Att Bygga din Bankrulle med Small Ball Blackjack<\/h3>\n<p>Som vi har konstaterat tidigare, s\u00e5 beh\u00f6ver din bankrulle inneh\u00e5lla 50 g\u00e5nger minimuminsatsen vid bordet. Vi f\u00f6resl\u00e5r att du b\u00f6rjar vid ett 5$-bord med en bankrulle p\u00e5 250$. M\u00e5let med Small Ball blackjack \u00e4r att stadigt bygga din bankrulle s\u00e5 att du kan b\u00f6rja spela st\u00f6rre blackjackspel f\u00f6r st\u00f6rre summor pengar. Nu ska vi visa dig charmen med Small Ball blackjack!<\/p>\n<p>N\u00e4rhelst du n\u00e5r din vinstgr\u00e4ns p\u00e5 50$ s\u00e5 l\u00e4mnar du bordet och l\u00e4gger till din vinst till din bankrulle. L\u00e5t oss se vad som h\u00e4nder efter det att du har vunnit fem omg\u00e5ngar med Small Ball blackjack. Efter fem vunna omg\u00e5ngar s\u00e5 kommer du att ha 250$ att l\u00e4gga till din bankrulle. Nu har du 500$ totalt.<\/p>\n<p>Du vet v\u00e4l vad det betyder? Du har nu en bankrulle stor nog f\u00f6r att spela vid ett 10$-bord (50 x 100 = 500). Men v\u00e4nta, det blir b\u00e4ttre \u00e4nd\u00e5. Med en st\u00f6rre bankrulle s\u00e5 har du nu ocks\u00e5 en st\u00f6rre vinstgr\u00e4ns. 20% av 500$ \u00e4r lika med 100$. Nu \u00e4r allts\u00e5 ditt vinstm\u00e5l f\u00f6r varje omg\u00e5ng ist\u00e4llet 100$.<\/p>\n<p>Ist\u00e4llet f\u00f6r att tj\u00e4na 50 dollar per omg\u00e5ng kan du nu tj\u00e4na 100 efter bara fem stycken vunna omg\u00e5ngar, med hj\u00e4lp av Counting Edges system. L\u00e5t oss ta det ett steg l\u00e4ngre. Du vinner fem omg\u00e5ngar till med din vinstgr\u00e4ns p\u00e5 100$ och l\u00e4gger din vinst p\u00e5 500$ till din bankrulle. Nu har du en bankrulle p\u00e5 1000$ och kan spela vid ett 20$-bord (50 x 20 = 1000). Vi gissar p\u00e5 att du redan har gjort din matematikl\u00e4xa. N\u00e4r du kommer till det h\u00e4r stadiet s\u00e5 har du en vinstgr\u00e4ns p\u00e5 200$ trots att du fortfarande riskerar enbart 20% av din bankrulle per session.<\/p>\n<p>Du kanske f\u00f6rst\u00e5r charmen med Small Ball blackjack? P\u00e5 bara tio vinnande omg\u00e5ngar s\u00e5 kan du g\u00e5 fr\u00e5n att spela vid ett 5$-bord med vinstgr\u00e4nser p\u00e5 50$ till att spela vid ett 20$-bord med en vinstgr\u00e4ns p\u00e5 200$, tack vare v\u00e5rt Counting Edge-system. Allt detta \u00e4r m\u00f6jligt eftersom du var villig att s\u00e4tta gr\u00e4nser f\u00f6r dina vinster och f\u00f6rluster, och du h\u00f6ll dig till dem. Vem skulle inte vilja ha ett jobb d\u00e4r du tj\u00e4nade 200$ om dagen f\u00f6r bara ett par timmars arbete?<\/p>\n<h3>Att Minimera F\u00f6rluster med Small Ball Blackjack<\/h3>\n<p>Livet vore gott om varje omg\u00e5ng av blackjack var en vinnande s\u00e5dan. Tyv\u00e4rr s\u00e5 \u00e4r det inte s\u00e5 det ser ut i verkligheten. Blackjack \u00e4r ett hasardspel. Det finns alltid en chans att du f\u00f6rlorar n\u00e4r du spelar.<\/p>\n<p>Det \u00e4r bra att ha sj\u00e4lvf\u00f6rtroende vid blackjackbordet, men att tro att du aldrig kommer att f\u00f6rlora \u00e4r bara orealistiskt. Det \u00e4r ocks\u00e5 en farlig attityd att ha, eftersom den g\u00f6r dig st\u00f6ddig och slarvig. Du m\u00e5ste acceptera att f\u00f6rlusten \u00e4r en del av spelet. Knepet \u00e4r att minimera dina f\u00f6rluster s\u00e5 att du kan f\u00e5 revansch vid ett senare tillf\u00e4lle.<\/p>\n<p>Ibland h\u00e4nder det sig att du g\u00f6r allting r\u00e4tt, men \u00e4nd\u00e5 f\u00f6rlorar. Du kan fatta alla de korrekta besluten, h\u00e5ller r\u00e4kningen perfekt och satsar precis som man ska, men du f\u00f6rlorar \u00e4nd\u00e5. Om alla vann hela tiden s\u00e5 skulle det inte finnas n\u00e5gra kasinos. De skulle g\u00e5 i konkurs allihopa.<\/p>\n<p>Small Ball blackjack hj\u00e4lper dig att hantera dina f\u00f6rluster med en strikt f\u00f6rlustgr\u00e4ns f\u00f6r varje omg\u00e5ng. Denna f\u00f6rlustgr\u00e4ns p\u00e5 20% garanterar att du kan ta tio f\u00f6rlorande h\u00e4nder p\u00e5 rad innan du m\u00e5ste avsluta den p\u00e5g\u00e5ende omg\u00e5ngen. Att f\u00f6rlora tio h\u00e4nder p\u00e5 rad \u00e4r ovanligt, men det h\u00e4nder. Om det g\u00f6r det s\u00e5 kommer v\u00e5rt system att hj\u00e4lpa dig att minimera slaget mot din bankrulle.<\/p>\n<h3>Jaga Aldrig Dina Blackjack F\u00f6rluster<\/h3>\n<p>Ett vanligt misstag som m\u00e5nga blackjackspelare och andra spelare g\u00f6r \u00e4r att de jagar sina f\u00f6rluster f\u00f6r att g\u00e5 plus-minus. Detta \u00e4r en f\u00f6rlorande taktik och du m\u00e5ste l\u00e4ra dig att kontrollera driften att f\u00f6rs\u00f6ka ta igen dina f\u00f6rluster under en omg\u00e5ng. Om du n\u00e5r din maximala f\u00f6rlustgr\u00e4ns, s\u00e5 \u00e4r omg\u00e5ngen \u00f6ver. Inga kompromisser. Ta en promenad, \u00e4t n\u00e5gonting, men stanna absolut inte kvar vid bordet och tro att du kan v\u00e4nda det hela till din f\u00f6rdel.<\/p>\n<p>ALLA kasinospel \u00e4r designade till husets f\u00f6rdel. Om du stannar f\u00f6r l\u00e4nge vid ett bord s\u00e5 kommer kasinot till slut att vinna. Kasinot vet detta, och de r\u00e4knar med det. Kasinot r\u00e4knar med att spelvansinnet ska ta \u00f6ver och h\u00e5lla dig kvar vid bordet.<\/p>\n<p>F\u00f6r att vinna konsekvent s\u00e5 m\u00e5ste du vara smartare \u00e4n kasinot. Detta betyder att du m\u00e5ste best\u00e4mma gr\u00e4nser f\u00f6r vinster och f\u00f6rluster och h\u00e5lla dig till dem, oavsett vad.<\/p>\n","protected":false},"excerpt":{"rendered":"<p>Fram tills nu har vi fokuserat fr\u00e4mst p\u00e5 grunderna i Counting&#8230; Fram tills nu har vi fokuserat fr\u00e4mst p\u00e5 grunderna i Counting Edge blackjacksystem. Dessa grundl\u00e4ggande element \u00e4r v\u00e4ldigt viktiga och helt n\u00f6dv\u00e4ndiga. Ta ett par dagar och g\u00e5 \u00f6ver det som du har l\u00e4rt dig hittills, och utifall du inte har b\u00f6rjat memorera den [&hellip;]<\/p>\n","protected":false},"author":1,"featured_media":0,"parent":3079,"menu_order":0,"comment_status":"open","ping_status":"open","template":"","meta":{"footnotes":""},"class_list":["post-3094","page","type-page","status-publish","hentry"],"_links":{"self":[{"href":"https:\/\/www.countingedge.com\/sv\/wp-json\/wp\/v2\/pages\/3094","targetHints":{"allow":["GET"]}}],"collection":[{"href":"https:\/\/www.countingedge.com\/sv\/wp-json\/wp\/v2\/pages"}],"about":[{"href":"https:\/\/www.countingedge.com\/sv\/wp-json\/wp\/v2\/types\/page"}],"author":[{"embeddable":true,"href":"https:\/\/www.countingedge.com\/sv\/wp-json\/wp\/v2\/users\/1"}],"replies":[{"embeddable":true,"href":"https:\/\/www.countingedge.com\/sv\/wp-json\/wp\/v2\/comments?post=3094"}],"version-history":[{"count":0,"href":"https:\/\/www.countingedge.com\/sv\/wp-json\/wp\/v2\/pages\/3094\/revisions"}],"up":[{"embeddable":true,"href":"https:\/\/www.countingedge.com\/sv\/wp-json\/wp\/v2\/pages\/3079"}],"wp:attachment":[{"href":"https:\/\/www.countingedge.com\/sv\/wp-json\/wp\/v2\/media?parent=3094"}],"curies":[{"name":"wp","href":"https:\/\/api.w.org\/{rel}","templated":true}]}}