{"id":3054,"date":"2015-04-24T05:42:35","date_gmt":"2015-04-24T05:42:35","guid":{"rendered":"https:\/\/www.countingedge.com\/blackjack-hall-of-fame-2\/"},"modified":"2020-07-08T22:34:12","modified_gmt":"2020-07-08T22:34:12","slug":"blackjack-hall-of-fame","status":"publish","type":"page","link":"https:\/\/www.countingedge.com\/sv\/blackjack-hall-of-fame\/","title":{"rendered":"Blackjack Hall Of Fame &#8211; De Absolut B\u00e4sta Spelare"},"content":{"rendered":"<h2>M\u00e5nga m\u00e4nniskor dr\u00f6mmer om att bli professionella&#8230;<\/h2>\n<h3>M\u00e5nga m\u00e4nniskor dr\u00f6mmer om att bli professionella&#8230;<\/h3>\n<p>M\u00e5nga m\u00e4nniskor dr\u00f6mmer om att bli professionella blackjack-spelare och kortr\u00e4knare. M\u00e5nga av dem f\u00e5r sina dr\u00f6mmar besannade; men bara de absolut b\u00e4sta inkluderas i Blackjacks Hall of Fame. Att bli inkluderad d\u00e4r \u00e4r ett bevis p\u00e5 en spelares prestationer i blackjack.<\/p>\n<p>Om du vill bli del av Blackjacks Hall of Fame, var beredd att investera mycket tid och \u00f6vning i dina f\u00e4rdigheter. Blackjacks Hall of Fame \u00e4r en super-exklusiv samling av v\u00e4rldens b\u00e4sta spelare, f\u00f6rfattare och strateger.<\/p>\n<h3>Historian Bakom Blackjacks Hall Of Fame<\/h3>\n<p>\u00c5r 2002 hade Barona Casino i San Diego kommit p\u00e5 en id\u00e9 om att skapa en s\u00e4rskild Hall of Fame f\u00f6r Blackjack. Id\u00e9n var lite ploj till en b\u00f6rjan och ett resultat av den \u00f6kade populariteten hos kortspel. Barona s\u00e5g skapandet av en egen Hall of Fame som ett s\u00e4tt att dra profit av populariteten hos spelet och attrahera potentiella bes\u00f6kare till kasinot.<\/p>\n<div class=\"alert alert-info\"><img loading=\"lazy\" decoding=\"async\" class=\"alignnone\" src=\"https:\/\/www.countingedge.com\/wp-content\/uploads\/2025\/03\/betwaycasinogames.png\" alt=\"B\u00e4sta svenska kasino\" width=\"950\" height=\"417\" \/> <\/p>\n<div align=\"center\"><a class=\"btn btn-theme btn-lg\" href=\"https:\/\/www.countingedge.com\/recommends\/betway-se\/\" target=\"_blank\" data-bgcolor=\"#CC3333\" data-bghovercolor=\"#242424\" data-txtcolor=\"#FFFFFF\" data-txthovercolor=\"#FFFFFF\" >\u2764 Sveriges B\u00e4sta Casino \u2764<\/a><\/div>\n<p> <\/div>\n<p>Det kan verka underligt att kortr\u00e4kning \u00e4r n\u00e5gonting som skulle bel\u00f6nas av ett casino. Alla m\u00e4n och kvinnor som v\u00e4ljs ut till medlemsskap har ju trots allt p\u00e5 n\u00e5got vis en koppling till kortr\u00e4kning. De har antingen skrivit om det eller tj\u00e4nat sitt levebr\u00f6d p\u00e5 det. Man skulle kunna s\u00e4ga att att skapandet av Blackjacks Hall of Fame av Barona Casino p\u00e5 ett s\u00e4tt var en medgivande fr\u00e5n spelf\u00f6retagen att kortr\u00e4kning existerar i blackjack och att v\u00e4ldigt lite kan g\u00f6ra f\u00f6r att stoppa det.<\/p>\n<p>Som vi kan se tj\u00e4nade faktiskt Barona Casino p\u00e5 att skapa sin Hall of Fame. Barona Casino beh\u00e5ller fortfarande den exklusiva r\u00e4tten till sin Blackjack Hall of Fame. G\u00e4ster p\u00e5 casinot kan bes\u00f6ka det och se information om dem som har f\u00e5tt utm\u00e4rkelsen.<\/p>\n<h3>De F\u00f6rsta Medlemmarna I Blackjack Hall Of Fame<\/h3>\n<p>De f\u00f6rst nominerade medlemmarna kungjordes vintern 2002. Det var 21 nominerade i den f\u00f6rsta gruppen och antalet valdes av sj\u00e4lvklara sk\u00e4l. Alla nominerade var spelare som hade etablerat sig sj\u00e4lva som blackjack-experter. Vissa av dem var spelaren, vissa av dem var f\u00f6rfattare och n\u00e5gra var helt enkelt experter p\u00e5 spelet.<\/p>\n<p>Det best\u00e4mdes att publiken skulle f\u00e5 r\u00f6sta i den f\u00f6rsta gruppen p\u00e5 21 stycken nominerade via Internet. Detta gjordes f\u00f6r att v\u00e4cka intresse f\u00f6r Blackjacks Hall of Fame och fungerade bra. M\u00e5nga r\u00f6stade p\u00e5 n\u00e4tet.<\/p>\n<p>R\u00f6stningen avgjordes och en invignings-ceremoni sattes till januari 2003 p\u00e5 Blackjack-balen. Blackjack-balen var ett privat evenemang av Max Rubin och var endast \u00f6ppet till en v\u00e4lutvald grupp av professionella inom Blackjack. Det var p\u00e5 denna sammakomst som de f\u00f6rsta sju medlemmarna i Hall of Fame kungjordes.<\/p>\n<h3>Och dessa var<\/h3>\n<ul>\n<li><a href=\"https:\/\/www.countingedge.com\/sv\/blackjack-spelare\/al-francesco\/\">Al Francesco<\/a>\n<\/li>\n<li><a href=\"https:\/\/www.countingedge.com\/sv\/blackjack-spelare\/peter-griffin\/\">Peter Griffin<\/a>\n<\/li>\n<li><a href=\"https:\/\/www.countingedge.com\/sv\/blackjack-spelare\/arnold-snyder\/\">Arnold Snyder<\/a>\n<\/li>\n<li><a href=\"https:\/\/www.countingedge.com\/sv\/blackjack-spelare\/edward-o-thorp\/\">Edward O.<\/p>\n<p>Thorp<\/a>\n<\/li>\n<li><a href=\"https:\/\/www.countingedge.com\/sv\/blackjack-spelare\/ken-uston\/\">Ken Uston<\/a>\n<\/li>\n<li><a href=\"https:\/\/www.countingedge.com\/sv\/blackjack-spelare\/stanford-wong\/\">Stanford Wong<\/a>\n<\/li>\n<li><a href=\"https:\/\/www.countingedge.com\/sv\/blackjack-spelare\/tommy-hyland\/\">Tommy Hyland<\/a>\n<\/li>\n<\/ul>\n<p>Dessa sju m\u00e4n blev de f\u00f6rsta att n\u00e5 Blackjacks Hall of Fame. Var och en av dem har bidragit till f\u00f6rst\u00e5elsen f\u00f6r blackjack och kortr\u00e4kning genom sin erfarenhet och sitt skrivande.<\/p>\n<h3>F\u00f6rdelar Med Blackjack Hall Of Fame<\/h3>\n<p>Baron Casino ville hylla spelarna genom att skapa Blackjack Hall of Fame, men de hade \u00e4ven ett annat motiv. I utbyte mot medlemsskap i Hall of Fame m\u00e5ste spelarna lova att aldrig spela vid Baronas blackjackbord! P\u00e5 det h\u00e4r s\u00e4ttet kan Barona garantera att de mest kraftfulla experterna inom blackjack inte anv\u00e4nder sina f\u00e4rdigheter i deras casino. Detta \u00e4r ett mycket smart s\u00e4tt att v\u00e4rja sig mot v\u00e4rldens b\u00e4sta kortr\u00e4knare.<\/p>\n<p>Och vad f\u00e5r d\u00e5 medlemmarna f\u00f6r detta? De f\u00e5r livstids medlemsskap p\u00e5 Barona med rum, mat och dryck inkluderat. Det l\u00e5ter bra, men kom ih\u00e5g att medlemmarna inte f\u00e5r spela p\u00e5 Barona. Detta g\u00f6r medlemsskapet n\u00e5got v\u00e4rdel\u00f6st.<\/p>\n<p>N\u00e4r det kommer till kritan \u00e4r Baronas medlemsskap bara en symbolisk g\u00e5va. Den sanna f\u00f6rdelen \u00e4r \u00e4ran och prestigen som kommer med att bli erk\u00e4nd. Medlemmarna kan vara stolta \u00f6ver det faktum att deras bidrag till blackjack och kortr\u00e4kning har uppm\u00e4rksammats.<\/p>\n<h3>Kontroversen Och Blackjack Hall Of Fame<\/h3>\n<p>Till dags dato har ingen kvinna inkluderats i Blackjack Hall of Fame. Kvinnor har nominerats, men ingen har blivit vald \u00e4n s\u00e5 l\u00e4nge. Den h\u00e4r exkluderingen av kvinnor har lett till mycket diskussion och debatt runt medlemmarna av spelkommit\u00e9n.<\/p>\n<p>Den h\u00e4r typen av spel har l\u00e4nge ansetts vara m\u00e4nnens dom\u00e4n. Den stereotypa spelaren \u00e4r alltid en cigarr-r\u00f6kande, whiskey-drickande man. Denna attityd har i det stora hela bidragit till att blackjack f\u00f6rblivit just en herrklubb f\u00f6r de flesta professionella.<\/p>\n<p>Det finns indikationer p\u00e5 att den h\u00e4r mentaliteten l\u00e5ngsamt f\u00f6r\u00e4ndras. De senaste \u00e5ren har kvinnor blivit mer prominenta i blackjack och poker. De kvinnliga spelarna \u00e4r mycket bra och kan t\u00e4vla med de b\u00e4sta manliga spelarna. Det verkar bara vara en fr\u00e5ga om tid innan spelkommit\u00e9n erk\u00e4nner en kvinna till Hall of Fame.<\/p>\n<h3>Andra Medlemmar I Blackjack Hall Of Fame<\/h3>\n<p>Just nu l\u00e4ggs enbart en medlem per \u00e5r till i Blackjack Hall of Fame. Detta har gjort det sv\u00e5rare att kvalificera f\u00f6r medlemsskap. De som inkluderats kan dock vila i tanken p\u00e5 att deras namn alltid kommer att sammankopplas med toppklassigt blackjackspel.<\/p>\n<p><span style=\"text-decoration: underline;\">H\u00e4r \u00e4r en lista p\u00e5 de medlemmar som lagts till efter de inledande sju:<\/span> <ul class=\"bullets mline the-icons \"  style=\"color:#666\"><li ><i class=\"fa fa-check\" style=\"color:#D42013;\"><\/i>Max Rubin, 2004.<\/li><li ><i class=\"fa fa-check\" style=\"color:#D42013;\"><\/i>Keith Taft, 2004.<\/li><li ><i class=\"fa fa-check\" style=\"color:#D42013;\"><\/i>Julian Braun, 2005.<\/li><li ><i class=\"fa fa-check\" style=\"color:#D42013;\"><\/i>Lawrence Revere, 2005.<\/li><li ><i class=\"fa fa-check\" style=\"color:#D42013;\"><\/i>James Grosjean, 2006.<\/li><li ><i class=\"fa fa-check\" style=\"color:#D42013;\"><\/i>John Chang, 2007.<\/li><li ><i class=\"fa fa-check\" style=\"color:#D42013;\"><\/i>Roger Baldwin 2008.<\/li><li ><i class=\"fa fa-check\" style=\"color:#D42013;\"><\/i>Wilbert Cantey 2008.<\/li><li ><i class=\"fa fa-check\" style=\"color:#D42013;\"><\/i>Herbert Maisel 2008<\/li><li ><i class=\"fa fa-check\" style=\"color:#D42013;\"><\/i>James McDermott, 2008.<\/li><li ><i class=\"fa fa-check\" style=\"color:#D42013;\"><\/i>Richard W.<\/p>\n<p>Munchkin, 2009<\/li><li ><i class=\"fa fa-check\" style=\"color:#D42013;\"><\/i>Darryl Purpose, 2010.<\/li><li ><i class=\"fa fa-check\" style=\"color:#D42013;\"><\/i>Zeljko Ranogajec, 2011.<\/li><li ><i class=\"fa fa-check\" style=\"color:#D42013;\"><\/i>Ian Anderson, 2012.<\/li><\/ul>\n<p>Vem som helst som spelar blackjack, vare sig det \u00e4r professionellt eller bara f\u00f6r skojs skull, st\u00e5r i tacksamhetsskuld till dessa m\u00e4n f\u00f6r vad de bidragit med till spelet. Utan dem skulle det vara betydligt sv\u00e5rare att vinna i blackjack. De har visat att blackjack \u00e4r ett spel som kan sl\u00e5s och att man kan vinna med m\u00e5lmedvetenhet, bara man f\u00f6rst\u00e5r de basala teorierna hos kortr\u00e4kning och den matematiska aspekten hos spelet.<\/p>\n<div class=\"alert alert-info\"><button type=\"button\" class=\"close\" data-dismiss=\"alert\" aria-hidden=\"true\">&times;<\/button>Ni kan <a href=\"https:\/\/www.countingedge.com\/sv\/betta-med-bitcoin-casinon\/\">spela casino spel med Bitcoin<\/a>, och f\u00e5 en h\u00e4ftig <a href=\"https:\/\/www.countingedge.com\/sv\/blackjack-bonus-satsningskrav\/\">blackjack bonus<\/a> och <a href=\"https:\/\/www.countingedge.com\/sv\/live-blackjack-riktiga-pengar\/\">spela live blackjack om pengar<\/a>, men ni borde f\u00f6rst l\u00e4ra er mer om <a href=\"https:\/\/www.countingedge.com\/sv\/\">blackjack<\/a> h\u00e4r p\u00e5 Counting Edge! D\u00e4refter, kan ni <a href=\"https:\/\/www.countingedge.com\/sv\/blackjack-systemet\/blackjack-online\/\">vinna pengar med min metod<\/a>.<\/div>\n","protected":false},"excerpt":{"rendered":"<p>M\u00e5nga m\u00e4nniskor dr\u00f6mmer om att bli professionella&#8230; M\u00e5nga m\u00e4nniskor dr\u00f6mmer om att bli professionella&#8230; M\u00e5nga m\u00e4nniskor dr\u00f6mmer om att bli professionella blackjack-spelare och kortr\u00e4knare. M\u00e5nga av dem f\u00e5r sina dr\u00f6mmar besannade; men bara de absolut b\u00e4sta inkluderas i Blackjacks Hall of Fame. Att bli inkluderad d\u00e4r \u00e4r ett bevis p\u00e5 en spelares prestationer i blackjack. [&hellip;]<\/p>\n","protected":false},"author":1,"featured_media":0,"parent":0,"menu_order":0,"comment_status":"open","ping_status":"open","template":"","meta":{"footnotes":""},"class_list":["post-3054","page","type-page","status-publish","hentry"],"_links":{"self":[{"href":"https:\/\/www.countingedge.com\/sv\/wp-json\/wp\/v2\/pages\/3054","targetHints":{"allow":["GET"]}}],"collection":[{"href":"https:\/\/www.countingedge.com\/sv\/wp-json\/wp\/v2\/pages"}],"about":[{"href":"https:\/\/www.countingedge.com\/sv\/wp-json\/wp\/v2\/types\/page"}],"author":[{"embeddable":true,"href":"https:\/\/www.countingedge.com\/sv\/wp-json\/wp\/v2\/users\/1"}],"replies":[{"embeddable":true,"href":"https:\/\/www.countingedge.com\/sv\/wp-json\/wp\/v2\/comments?post=3054"}],"version-history":[{"count":0,"href":"https:\/\/www.countingedge.com\/sv\/wp-json\/wp\/v2\/pages\/3054\/revisions"}],"wp:attachment":[{"href":"https:\/\/www.countingedge.com\/sv\/wp-json\/wp\/v2\/media?parent=3054"}],"curies":[{"name":"wp","href":"https:\/\/api.w.org\/{rel}","templated":true}]}}