{"id":2968,"date":"2015-04-22T20:58:23","date_gmt":"2015-04-22T20:58:23","guid":{"rendered":"https:\/\/www.countingedge.com\/kortrakning\/true-count\/"},"modified":"2020-07-08T23:25:37","modified_gmt":"2020-07-08T23:25:37","slug":"true-count","status":"publish","type":"page","link":"https:\/\/www.countingedge.com\/sv\/kortrakning\/true-count\/","title":{"rendered":"True Count : Sann ber\u00e4kning i Blackjack"},"content":{"rendered":"<h2>Den sanna ber\u00e4kningen (True count) \u00e4r v\u00e4ldigt viktig i m\u00e5nga&#8230;<\/h2>\n<p>Den sanna ber\u00e4kningen (True count) \u00e4r v\u00e4ldigt viktig i m\u00e5nga metoder av kortr\u00e4kning d\u00e5 kortr\u00e4kningsstrate<a href=\"https:\/\/www.countingedge.com\/cardcounting.html\">g<\/a>ierna beskrivna i dessa metoder bara presenterar halva bilden. Den andra h\u00e4lften best\u00e4ms av den sanna ber\u00e4kningen. Genom att l\u00e4ra dig hur man g\u00f6r detta kommer du f\u00e5 en mer \u00f6verensst\u00e4mmande bild av hur m\u00e5nga h\u00f6ga kort som ligger kvar i backjack-korth\u00e5llaren.<\/p>\n<p>D\u00e4rf\u00f6r borde du ocks\u00e5 h\u00e5lla koll p\u00e5 antalet lekar kvar i spel. Till exempel, en l\u00f6pande ber\u00e4kning p\u00e5 +10 \u00e4r mycket b\u00e4ttre om d\u00e4r \u00e4r 2 lekar kvar till skillnad fr\u00e5n om d\u00e4r \u00e4r 5 lekar kvar.<\/p>\n<div class=\"alert alert-info\"><img loading=\"lazy\" decoding=\"async\" class=\"alignnone\" src=\"https:\/\/www.countingedge.com\/wp-content\/uploads\/2025\/03\/betwaycasinogames.png\" alt=\"B\u00e4sta svenska kasino\" width=\"950\" height=\"417\" \/> <\/p>\n<div align=\"center\"><a class=\"btn btn-theme btn-lg\" href=\"https:\/\/www.countingedge.com\/recommends\/betway-se\/\" target=\"_blank\" data-bgcolor=\"#CC3333\" data-bghovercolor=\"#242424\" data-txtcolor=\"#FFFFFF\" data-txthovercolor=\"#FFFFFF\" >\u2764 Sveriges B\u00e4sta Casino \u2764<\/a><\/div>\n<p> <\/div>\n<h3>Att Fastst\u00e4lla Den Sanna Ber\u00e4kningen<\/h3>\n<p>Att komma fram till en sanna ber\u00e4kningen kr\u00e4ver bara grundl\u00e4ggande matematiska kunskaper s\u00e5 fort som du har den l\u00f6pande ber\u00e4kningen och en generell bild av hur m\u00e5nga lekar det \u00e4r kvar. Dela bara den l\u00f6pande ber\u00e4kningen med andelen lekar kvar i spel. Om du har en +6 efter f\u00f6rsta rundan av spelet i en korth\u00e5llare med 6 lekar, \u00e4r den l\u00f6pande ber\u00e4kningen +1 eftersom att det \u00e4r runt 6 lekar kvar. Om du har +6 n\u00e4r du \u00e4r halvv\u00e4gs igenom korth\u00e5llaren, d\u00e5 har du 3 lekar kvar och +2 i l\u00f6pande ber\u00e4kning.<\/p>\n<p>Det finns en del s\u00e4tt att komma fram till andelen lekar kvar i korth\u00e5llaren. Det enklaste s\u00e4ttet \u00e4r att gissa hur m\u00e5nga lekar d\u00e4r \u00e4r kvar. Med lite tr\u00e4ning \u00e4r detta inte s\u00e5 sv\u00e5rt som det verkar. B\u00f6rja med att titta p\u00e5 korth\u00e5llaren och identifiera mitten. N\u00e4r du gjort detta kan du enkelt gissa dig till hur m\u00e5nga lekar d\u00e4r \u00e4r kvar.<\/p>\n<p>I ett spel med sex lekar vet du att det \u00e4r tre lekar \u00f6ver och tre lekar under mittpunkten. Dela sedan upp de sektionerna i tredjedelar och du har en r\u00e4tt bra bild \u00f6ver hur mycket utrymme en lek tar upp i den korth\u00e5llaren. Kom ih\u00e5g, det \u00e4r inte ett krav p\u00e5 att din gissning \u00e4r perfekt. Bara se till att g\u00f6ra en bra, logisk gissning.<\/p>\n<p>Ett annat s\u00e4tt att r\u00e4kna hur m\u00e5nga lekar som spelats \u00e4r att r\u00e4kna hur m\u00e5nga rundor det g\u00e5tt. Om d\u00e4r \u00e4r 6 spelare och varje spelare spelar runt 3 kort per hand, \u00e4r det 1\/3 av en lek. Tre rundor av spel skulle d\u00e5 bli en hel lek. Denna metoden kr\u00e4ver lite mer matematik men ibland g\u00f6r casinon ett bra jobb med att \u201cg\u00f6mma\u201d resterande lekar.<\/p>\n<h3>F\u00f6rdelar Med En Sann Ber\u00e4kning<\/h3>\n<p>Desto h\u00f6gre den sanna ber\u00e4kningen \u00e4r, desto st\u00f6rre \u00e4r f\u00f6rdelarna f\u00f6r spelaren. I en typisk korth\u00e5llare med 6 lekar ger varje sann ber\u00e4kningspo\u00e4ng spelaren ytterligare ett 0.5% \u00f6vertag. N\u00e4r korten i korth\u00e5llaren \u00e4r blandade, \u00e4r den l\u00f6pande ber\u00e4kningen 0 och dealerns \u00f6vertag \u00e4r runt 0.5%. N\u00e4r den sanna ber\u00e4kningen \u00e4r +1, \u00e4r du j\u00e4mn med oddsen hos dealern. N\u00e4r den sanna ber\u00e4kningen \u00f6kar en till po\u00e4ng till +2, har du f\u00e5tt \u00f6vertaget med 0.5%.<\/p>\n<p>N\u00e4stan alla professionella kortr\u00e4knare anv\u00e4nder den sanna ber\u00e4kningen f\u00f6r den ger en mer tydlig presentation av leken. Skillnaden mellan kortr\u00e4knare som \u00e4r amat\u00f6rer och de som r\u00e4knar kort professionellt \u00e4r den sanna ber\u00e4kningen. \u00d6verlag s\u00e5 \u00f6kar den potentiella vinsten n\u00e4r man anv\u00e4nder det. En l\u00f6pande ber\u00e4kning kommer fortfarande l\u00e5ta dig bli framg\u00e5ngsrik vid blackjack-bordet, men genom att anv\u00e4nda dig av sann ber\u00e4kning kan du h\u00f6ja dig till en professionell och legendarisk niv\u00e5.<\/p>\n<div class=\"alert alert-info\"><button type=\"button\" class=\"close\" data-dismiss=\"alert\" aria-hidden=\"true\">&times;<\/button>Ni kan <a href=\"https:\/\/www.countingedge.com\/sv\/betta-med-bitcoin-casinon\/\">spela casino spel med Bitcoin<\/a>, och f\u00e5 en h\u00e4ftig <a href=\"https:\/\/www.countingedge.com\/sv\/blackjack-bonus-satsningskrav\/\">blackjack bonus<\/a> och <a href=\"https:\/\/www.countingedge.com\/sv\/live-blackjack-riktiga-pengar\/\">spela live blackjack om pengar<\/a>, men ni borde f\u00f6rst l\u00e4ra er mer om <a href=\"https:\/\/www.countingedge.com\/sv\/\">blackjack<\/a> h\u00e4r p\u00e5 Counting Edge! D\u00e4refter, kan ni <a href=\"https:\/\/www.countingedge.com\/sv\/blackjack-systemet\/blackjack-online\/\">vinna pengar med min metod<\/a>.<\/div>\n<p>Om du letar efter en satsningsstrategi att anv\u00e4nda med sann ber\u00e4kning, testa f\u00f6ljande strategi. Ditt basbelopp \u00e4r vad du minst vill satsa. Till exempel, om ditt basbelopp \u00e4r $5 och korten i korth\u00e5llaren precis har blivit blandad, satsa $5. Om den sanna ber\u00e4kningen \u00e4r +4, satsa $15.<\/p>\n<h3>Sann Ber\u00e4knings Sattningsstrategi I Blackjack<\/h3>\n<p>Det borde vara sagt att sann ber\u00e4kning INTE \u00e4r en satsningsstrategi. Det \u00e4r en kortr\u00e4kningsmetod. Man kan dock fastst\u00e4lla vissa generella riktlinjer f\u00f6r satsning baserade p\u00e5 v\u00e4rdet av ber\u00e4kningen:<\/p>\n<ul class=\"bullets mline the-icons \"  style=\"color:#666\"><li ><i class=\"fa fa-check\" style=\"color:#D42013;\"><\/i>Sann ber\u00e4kning p\u00e5 +1 eller mindre, satsa ditt basbelopp. <\/li><li ><i class=\"fa fa-check\" style=\"color:#D42013;\"><\/i>Sann ber\u00e4kning p\u00e5 +2 eller +3, satsa 2 g\u00e5nger ditt basbelopp. <\/li><li ><i class=\"fa fa-check\" style=\"color:#D42013;\"><\/i>Sann ber\u00e4kning p\u00e5 +4 eller +5, satsa 3 g\u00e5nger ditt basbelopp. <\/li><li ><i class=\"fa fa-check\" style=\"color:#D42013;\"><\/i>Sann ber\u00e4kning p\u00e5 +6 eller +7, satsa 4 g\u00e5nger ditt basbelopp.<\/li><li ><i class=\"fa fa-check\" style=\"color:#D42013;\"><\/i>Sann ber\u00e4kning p\u00e5 +8 eller mer, satsa 5 g\u00e5nger ditt basbelopp.<\/li><\/ul>\n<p>Detta \u00e4r bara f\u00f6rslag och borde inte f\u00f6ljas automatiskt. Som en kortr\u00e4knare beh\u00f6ver du variera dina satsningar ofta f\u00f6r att inte riskera att bli uppt\u00e4ckt. Sj\u00e4lvklart kommer dessa riktlinjer fungera perfekt f\u00f6r en blackjack-spelare som \u00e4r ny till att r\u00e4kna kort eller helt enkelt vill anv\u00e4nda ett simpelt tillv\u00e4gag\u00e5ngss\u00e4tt. Det viktiga att komma ih\u00e5g \u00e4r att syftet med all typ av kortr\u00e4kning \u00e4r att notifiera dig om f\u00f6rdelaktiga satsningssituationer i blackjack.<\/p>\n<p>L\u00e4r dig att anv\u00e4nda sann ber\u00e4kning och du kommer m\u00e4rka en tydlig \u00f6kning i precision av din ber\u00e4kning i live blackjack-spel. Den \u00f6kade precision kommer ge dig stora bel\u00f6ningar.<\/p>\n","protected":false},"excerpt":{"rendered":"<p>Den sanna ber\u00e4kningen (True count) \u00e4r v\u00e4ldigt viktig i m\u00e5nga&#8230; Den sanna ber\u00e4kningen (True count) \u00e4r v\u00e4ldigt viktig i m\u00e5nga metoder av kortr\u00e4kning d\u00e5 kortr\u00e4kningsstrategierna beskrivna i dessa metoder bara presenterar halva bilden. Den andra h\u00e4lften best\u00e4ms av den sanna ber\u00e4kningen. Genom att l\u00e4ra dig hur man g\u00f6r detta kommer du f\u00e5 en mer \u00f6verensst\u00e4mmande [&hellip;]<\/p>\n","protected":false},"author":1,"featured_media":0,"parent":2965,"menu_order":0,"comment_status":"open","ping_status":"open","template":"","meta":{"footnotes":""},"class_list":["post-2968","page","type-page","status-publish","hentry"],"_links":{"self":[{"href":"https:\/\/www.countingedge.com\/sv\/wp-json\/wp\/v2\/pages\/2968","targetHints":{"allow":["GET"]}}],"collection":[{"href":"https:\/\/www.countingedge.com\/sv\/wp-json\/wp\/v2\/pages"}],"about":[{"href":"https:\/\/www.countingedge.com\/sv\/wp-json\/wp\/v2\/types\/page"}],"author":[{"embeddable":true,"href":"https:\/\/www.countingedge.com\/sv\/wp-json\/wp\/v2\/users\/1"}],"replies":[{"embeddable":true,"href":"https:\/\/www.countingedge.com\/sv\/wp-json\/wp\/v2\/comments?post=2968"}],"version-history":[{"count":0,"href":"https:\/\/www.countingedge.com\/sv\/wp-json\/wp\/v2\/pages\/2968\/revisions"}],"up":[{"embeddable":true,"href":"https:\/\/www.countingedge.com\/sv\/wp-json\/wp\/v2\/pages\/2965"}],"wp:attachment":[{"href":"https:\/\/www.countingedge.com\/sv\/wp-json\/wp\/v2\/media?parent=2968"}],"curies":[{"name":"wp","href":"https:\/\/api.w.org\/{rel}","templated":true}]}}