{"id":2859,"date":"2015-04-21T16:28:05","date_gmt":"2015-04-21T16:28:05","guid":{"rendered":"https:\/\/www.countingedge.com\/blackjack-spelare\/ken-uston\/"},"modified":"2020-07-09T00:11:01","modified_gmt":"2020-07-09T00:11:01","slug":"ken-uston","status":"publish","type":"page","link":"https:\/\/www.countingedge.com\/sv\/blackjack-spelare\/ken-uston\/","title":{"rendered":"Ken Uston : Blackjack Spelare"},"content":{"rendered":"<h2>N\u00e4r det g\u00e4ller blackjacklegender st\u00e5r Ken Uston en bra bit&#8230;<\/h2>\n<p><img decoding=\"async\" class=\"alignleft size-full \" src=\"https:\/\/www.countingedge.com\/wp-content\/uploads\/2015\/04\/ken-uston-blackjack.jpg\" alt=\"Ken Uston\" \/>N\u00e4r det g\u00e4ller blackjacklegender st\u00e5r Ken Uston en bra bit \u00f6ver alla andra. Medan det finns flera som var f\u00f6re Uston i utvecklingen av kortr\u00e4kning, s\u00e5 var Ken Uston den f\u00f6rsta blackjackspelaren att konsistent applicera sin kunskap och sina tekniker f\u00f6r att tj\u00e4na miljoner vid blackjackbordet. Hans insikter i kortr\u00e4kning och spelet blackjack forts\u00e4tter influera m\u00e4nniskor \u00e4n idag.<\/p>\n<p>Ustons riktiga namn var Kenneth Senzo Usui. Han var av blandat folkslag. Ustons mor var \u00f6sterrikare, medan hans far var en japansk aff\u00e4rsman. Uston var den \u00e4ldsta av tre barn, och v\u00e4ldigt intelligent. Ustons far satte en h\u00f6g intellektuell standard f\u00f6r barnen, och uppmuntrade dem att l\u00e4ra sig och utveckla sig att kunna l\u00e4sa snabbare \u00e4n andra barn i deras \u00e5lder.<\/p>\n<p>Som ett resultat antogs Uston till Yale vid bara 16 \u00e5rs \u00e5lder. Det h\u00e4r var en stor framg\u00e5ng, men Uston tog det ett steg l\u00e4ngre genom att bli medlem av Phi Betta Kappa-s\u00e4llskapet. Efter sin tid vid Yale fick Uston sin MBA fr\u00e5n Harvard. Inte m\u00e5nga spelare, vare sig de spelar blackjack eller n\u00e5gonting annat, kan s\u00e4ga att de g\u00e5tt ut tv\u00e5 Ivy League-skolor.<\/p>\n<div class=\"alert alert-info\"><img loading=\"lazy\" decoding=\"async\" class=\"alignnone\" src=\"https:\/\/www.countingedge.com\/wp-content\/uploads\/2025\/03\/betwaycasinogames.png\" alt=\"B\u00e4sta svenska kasino\" width=\"950\" height=\"417\" \/> <\/p>\n<div align=\"center\"><a class=\"btn btn-theme btn-lg\" href=\"https:\/\/www.countingedge.com\/recommends\/betway-se\/\" target=\"_blank\" data-bgcolor=\"#CC3333\" data-bghovercolor=\"#242424\" data-txtcolor=\"#FFFFFF\" data-txthovercolor=\"#FFFFFF\" >\u2764 Sveriges B\u00e4sta Casino \u2764<\/a><\/div>\n<p> <\/div>\n<p>Den h\u00e4r typen av intelligens och akademisk framg\u00e5ng hittas bland m\u00e5nga blackjackexperter. De flesta av dem visar upp stor skicklighet i matematik. Uston var inget undantag. Hans collegeexpertis fixade honom ett jobb i telefonindustrin, som en v\u00e4lbetalt konsult f\u00f6r olika firmor. Till sist blev Uston Senior Vice President vid Pacific Stock Exchange.<\/p>\n<p>Medan Uston gjorde ett namn f\u00f6r sig i aktiemarknaden b\u00f6rjade han l\u00e4sa Edward O. Thorp\u2019s Beat The Dealer. Han l\u00e4ste den om helgerna och blev helt \u00f6vertygad om att det var m\u00f6jligt att tj\u00e4na stora pengar p\u00e5 blackjack. Hans f\u00f6rk\u00e4rlek till siffror blev grunden som skulle f\u00f6rvandla honom till en skicklig kortr\u00e4knare, och det dr\u00f6jde inte l\u00e4nge innan Uston \u00e5kte p\u00e5 helgresor till Las Vegas.<\/p>\n<p>Ett rent slumpm\u00f6te med proffsspelaren Al Francesco visade sig vara ett omv\u00e4ndande \u00f6gonblick f\u00f6r Ken Uston. Francesco var en av de f\u00f6rsta blackjackspelarna att utforska lagkonceptet. Han samlade expertspelare som skulle attackera casinon i grupp. En ny id\u00e9 i Francescos lag var att de inkluderade en \u201cstorspelare\u201d. Storspelaren var lagmedlemmen som togs till de hetaste borden f\u00f6r att satsa stort. Det tog inte l\u00e5ng tid innan Uston blev storspelaren i Francescos lag p\u00e5 grund av hans f\u00f6rm\u00e5ga att r\u00e4kna kort.<\/p>\n<p>Saker gick bra f\u00f6r Francescos lag tills Uston publicerad esin f\u00f6rsta bok, som praktiskt nog hettye The Big Player. Det var inte ovanligt f\u00f6r blackjackexperter att skriva b\u00f6cker om kortr\u00e4kning, men Uston gjorde ett stort misstag. Hans bok identifierade i praktiken flera av medlemmarna i Francescos lag. Resultatet blev att Francescos lag bannades fr\u00e5n Las Vegas-casinon. Med ett enda slag hade han d\u00f6dat guldg\u00e5sen.<\/p>\n<p>Separerad fr\u00e5n Al Francesco och utan n\u00e5gon plats att spela blackjack p\u00e5 s\u00e5 blev Ustons f\u00e4rdigheter som kortr\u00e4knare inte speciellt anv\u00e4ndbara fram till 1978. Det \u00e5ret legaliserades hasardspel i Atlantic City, New Jersey. En helt ny v\u00e4rld \u00f6ppnades upp f\u00f6r kortr\u00e4knare, och KEn Uston var bland de m\u00e5nga spelare som \u00e5kte \u00f6sterut. Den h\u00e4r g\u00e5ngen bildade Uston sitt eget lag av proffskortr\u00e4knare. M\u00e4nnen gick ned p\u00e5 Atlantic City som en storm och b\u00f6rjade tj\u00e4na stort.<\/p>\n<p>Trots all sin expertis i kortr\u00e4kning gjorde inte Uston speciellt mycket f\u00f6r att d\u00f6lja allt hans lag gjorde. P\u00e5 en relativt kort tid togs de och bannades fr\u00e5n alla casinon i Atlantic City. Ustons svar var en l\u00e5ng juridisk kamp d\u00e4r han blev den f\u00f6rsta kortspelaren att p\u00e5 allvar utmana det olika casinon gjorde i r\u00e4tten.<\/p>\n<p>Efter att Resorts International bannat Uston och hans lag 1979 s\u00e5 l\u00e4mnade Uston in en st\u00e4mning d\u00e4r han kallade kortr\u00e4knandet en en f\u00e4rdighet, och han sade d\u00e4rf\u00f6r att spelare inte borde kunna bannas. Slutresultatet blev en framg\u00e5ng f\u00f6r Uston, men det var inte en speciellt stor en. Trots att casinon i Atlantic City numera inte kunde banna kortr\u00e4knare fr\u00e5n att spela, s\u00e5 gjordes andra saker f\u00f6r att hindra kortr\u00e4knandet. Det inkluderar att ha med flera kortlekar, att ha automatiska blandningsmaskiner, och andra saker som anv\u00e4ndes f\u00f6r att stoppa kortr\u00e4knandet.<\/p>\n<div class=\"alert alert-info\"><button type=\"button\" class=\"close\" data-dismiss=\"alert\" aria-hidden=\"true\">&times;<\/button>Ni kan <a href=\"https:\/\/www.countingedge.com\/sv\/betta-med-bitcoin-casinon\/\">spela casino spel med Bitcoin<\/a>, och f\u00e5 en h\u00e4ftig <a href=\"https:\/\/www.countingedge.com\/sv\/blackjack-bonus-satsningskrav\/\">blackjack bonus<\/a> och <a href=\"https:\/\/www.countingedge.com\/sv\/live-blackjack-riktiga-pengar\/\">spela live blackjack om pengar<\/a>, men ni borde f\u00f6rst l\u00e4ra er mer om <a href=\"https:\/\/www.countingedge.com\/sv\/\">blackjack<\/a> h\u00e4r p\u00e5 Counting Edge! D\u00e4refter, kan ni <a href=\"https:\/\/www.countingedge.com\/sv\/blackjack-systemet\/blackjack-online\/\">vinna pengar med min metod<\/a>.<\/div>\n<p>Uston gick vidare att f\u00f6rfatta m\u00e5nga popul\u00e4ra b\u00f6cker om blackjack, inklusive Million Dollar Blackjack. Som en spelare gick det d\u00e4remot aldrig mycket b\u00e4ttre f\u00f6r hans karri\u00e4r efter att han bannats flera g\u00e5nger. Han tvingades s\u00e5 sm\u00e5ningom att ha p\u00e5 sig en hel del f\u00f6rkl\u00e4dnader f\u00f6r att komma in i casinon, och n\u00e4r ansiktigenk\u00e4nningstekniken kom misslyckades han \u00e4ven med det. Uston hamnade till sist i Paris i Frankrike, d\u00e4r han dog av hj\u00e4rtstillest\u00e5nd vid 52 \u00e5rs \u00e5lder.<\/p>\n","protected":false},"excerpt":{"rendered":"<p>N\u00e4r det g\u00e4ller blackjacklegender st\u00e5r Ken Uston en bra bit&#8230; N\u00e4r det g\u00e4ller blackjacklegender st\u00e5r Ken Uston en bra bit \u00f6ver alla andra. Medan det finns flera som var f\u00f6re Uston i utvecklingen av kortr\u00e4kning, s\u00e5 var Ken Uston den f\u00f6rsta blackjackspelaren att konsistent applicera sin kunskap och sina tekniker f\u00f6r att tj\u00e4na miljoner vid [&hellip;]<\/p>\n","protected":false},"author":1,"featured_media":0,"parent":2847,"menu_order":0,"comment_status":"open","ping_status":"open","template":"","meta":{"footnotes":""},"class_list":["post-2859","page","type-page","status-publish","hentry"],"_links":{"self":[{"href":"https:\/\/www.countingedge.com\/sv\/wp-json\/wp\/v2\/pages\/2859","targetHints":{"allow":["GET"]}}],"collection":[{"href":"https:\/\/www.countingedge.com\/sv\/wp-json\/wp\/v2\/pages"}],"about":[{"href":"https:\/\/www.countingedge.com\/sv\/wp-json\/wp\/v2\/types\/page"}],"author":[{"embeddable":true,"href":"https:\/\/www.countingedge.com\/sv\/wp-json\/wp\/v2\/users\/1"}],"replies":[{"embeddable":true,"href":"https:\/\/www.countingedge.com\/sv\/wp-json\/wp\/v2\/comments?post=2859"}],"version-history":[{"count":0,"href":"https:\/\/www.countingedge.com\/sv\/wp-json\/wp\/v2\/pages\/2859\/revisions"}],"up":[{"embeddable":true,"href":"https:\/\/www.countingedge.com\/sv\/wp-json\/wp\/v2\/pages\/2847"}],"wp:attachment":[{"href":"https:\/\/www.countingedge.com\/sv\/wp-json\/wp\/v2\/media?parent=2859"}],"curies":[{"name":"wp","href":"https:\/\/api.w.org\/{rel}","templated":true}]}}