{"id":2858,"date":"2015-04-21T16:42:26","date_gmt":"2015-04-21T16:42:26","guid":{"rendered":"https:\/\/www.countingedge.com\/blackjack-spelare\/tommy-hyland\/"},"modified":"2020-07-09T00:11:51","modified_gmt":"2020-07-09T00:11:51","slug":"tommy-hyland","status":"publish","type":"page","link":"https:\/\/www.countingedge.com\/sv\/blackjack-spelare\/tommy-hyland\/","title":{"rendered":"Tommy Hyland : Blackjack Spelare"},"content":{"rendered":"<h2>Tommy Hyland f\u00f6ddes 1956 i New Jersey.<\/h2>\n<p><img decoding=\"async\" class=\"alignleft size-full \" src=\"https:\/\/www.countingedge.com\/wp-content\/uploads\/2015\/04\/tommy-hyland-blackjack1.jpg\" alt=\"Tommy Hyland\" \/>Tommy Hyland f\u00f6ddes 1956 i New Jersey. Hans ber\u00e4ttelse \u00e4r v\u00e4ldigt lik den f\u00f6r m\u00e5nga professionella blackjackspelare. Tommy b\u00f6rjade spela vid en v\u00e4ldigt ung \u00e5lder, med ett spel som \u00e4r k\u00e4nt som \u201cpitching pennies.\u201d Tv\u00e5 pojkar skulle kasta mynt mot en v\u00e4gg. Den som kommer n\u00e4rmast v\u00e4ggen med sitt mynt vinner b\u00e4gge mynt. Det h\u00e4r var Tommy Hylands ing\u00e5ng till hasardspel, och \u00e4nda sedan dess har han varit fast.<\/p>\n<p>Hyland var en naturlig atlet, men stora framg\u00e5ngar i basketboll, golf, och baseball. Han spelade allt i high school. Han b\u00f6rjade dessutom att utveckla en f\u00f6rk\u00e4rlek till professionella sporter. Tommy gick i college i Ohio, men han passade inte f\u00f6r universitetslivet. Hyland erk\u00e4nde att han inte brydde sig speciellt mycket om sina collegekurser, utan han f\u00f6redrog ist\u00e4llet att spela biljard, poker eller golf.<\/p>\n<div class=\"alert alert-info\"><img loading=\"lazy\" decoding=\"async\" class=\"alignnone\" src=\"https:\/\/www.countingedge.com\/wp-content\/uploads\/2025\/03\/betwaycasinogames.png\" alt=\"B\u00e4sta svenska kasino\" width=\"950\" height=\"417\" \/> <\/p>\n<div align=\"center\"><a class=\"btn btn-theme btn-lg\" href=\"https:\/\/www.countingedge.com\/recommends\/betway-se\/\" target=\"_blank\" data-bgcolor=\"#CC3333\" data-bghovercolor=\"#242424\" data-txtcolor=\"#FFFFFF\" data-txthovercolor=\"#FFFFFF\" >\u2764 Sveriges B\u00e4sta Casino \u2764<\/a><\/div>\n<p> <\/div>\n<p>Hans tid p\u00e5 universitetet var dock en v\u00e4ndpunkt. Det var h\u00e4r som han f\u00f6rst uppt\u00e4ckte blackjack. Han fick en kopia av Lawrence Reveres Playing Blackjack as a Business. Hylands rumskamrat i college var v\u00e4ldigt intresserad av spelet blackjack, och han och Tommy lade m\u00e5nga timmar p\u00e5 att \u00f6va kortr\u00e4kningsmetoder som beskrevs i Reveres bok.<\/p>\n<p>Rumskamraten hade till en b\u00f6rjan mer intresse \u00e4n Tommy, och hade p\u00e5 en helg lyckats vinna flera tusen dollar i Atlantic City. Framg\u00e5ngen \u00f6vertygade Tommy Hyland att han skulle ta blackjack mer allvarligt. 1979 blev Tommy Hyland en professionell blackjackspelare p\u00e5 heltid.<\/p>\n<p>M\u00e5nga blackjackf\u00f6rfattare skrev om kortr\u00e4kning vid den h\u00e4r tiden. N\u00e5gra av dem, som Ken Uston, har b\u00f6rjar komma ig\u00e5ng med id\u00e9n om blackjacklag. I det h\u00e4r scenariot kan skickliga blackjackspelare samla sina resurser och sin kunskap f\u00f6r att attackera ett casino. Det fungerade bra f\u00f6r en del spelare, och Hyland best\u00e4mde sig f\u00f6r att samla sitt eget lag kortr\u00e4knare.<\/p>\n<div class=\"alert alert-info\"><button type=\"button\" class=\"close\" data-dismiss=\"alert\" aria-hidden=\"true\">&times;<\/button>Ni kan <a href=\"https:\/\/www.countingedge.com\/sv\/betta-med-bitcoin-casinon\/\">spela casino spel med Bitcoin<\/a>, och f\u00e5 en h\u00e4ftig <a href=\"https:\/\/www.countingedge.com\/sv\/blackjack-bonus-satsningskrav\/\">blackjack bonus<\/a> och <a href=\"https:\/\/www.countingedge.com\/sv\/live-blackjack-riktiga-pengar\/\">spela live blackjack om pengar<\/a>, men ni borde f\u00f6rst l\u00e4ra er mer om <a href=\"https:\/\/www.countingedge.com\/sv\/\">blackjack<\/a> h\u00e4r p\u00e5 Counting Edge! D\u00e4refter, kan ni <a href=\"https:\/\/www.countingedge.com\/sv\/blackjack-systemet\/blackjack-online\/\">vinna pengar med min metod<\/a>.<\/div>\n<p>Tommy Hylands f\u00f6rsta blackjacklag bestod bara av tv\u00e5 personer &#8211; Tommy och en golfkompis, Leo. Tommy och Leo b\u00f6rjar applicera sin korttr\u00e4ning tillsammans, och resultatet blev otroligt. De tv\u00e5 m\u00e4nnen hade inte mycket pengar att b\u00f6rja med. Med bara $1000 hade de b\u00f6rjat en allvarlig attack mot spelet och inom sex m\u00e5nader hade de kvadrupplat deras pengar. S\u00e5 framg\u00e5ngsrik som de \u00e4n var s\u00e5 s\u00e5g Tommy Hyland det dock som ett experiment. Han var \u00f6vertygad om att man kunde tj\u00e4na betydligt mer p\u00e5 blackjack.<\/p>\n<p>Tv\u00e5 till personer kom till laget. De fyra m\u00e4nnen tog totalt $16 000 och fick ihop mer \u00e4n $100 000 vid slutet av 1979. Det var tydligt att Tommy Hylands framtid var att bygga det st\u00f6rsta och starkaste laget av kortr\u00e4knare. Laget sv\u00e4llde upp till 15 medlemmar. Vid den tidpunkten hade de s\u00e5 mycket som 40 m\u00e4n som arbetade casinon. Tommy Hyland var ansvarig f\u00f6r laget, och hans arbete med det var legendariskt.<\/p>\n<p>Tommy Hylands blackjackkarri\u00e4r har inte varit helt utan kontroverser. P\u00e5 ett casino i Bahamas togs han f\u00f6r att ha anv\u00e4nt en dator. Edward O. Thorp hade utvecklat en b\u00e4rbar dator och de blev vanliga. Den g\u00e5ngen hade faktiskt Tommy Hyland anv\u00e4nt en dator som s\u00e5gs som helt laglig. Trots det togs han f\u00f6r brottet.<\/p>\n<p>\u00c5klagarna erbj\u00f6d honom en deal. Han skulle s\u00e4ga sig vara skyldig, betala, och g\u00e5 hem, eller s\u00e5 kunde han forts\u00e4tta sl\u00e5ss och inv\u00e4nta r\u00e4tteg\u00e5ngen. Hyland valde att medge skuld och \u00e5terv\u00e4nda hem.<\/p>\n<p>I kortr\u00e4knandets tidiga dagar var det ofta en spelare skulle beh\u00f6va oroa sig f\u00f6r att \u00e5ka dit f\u00f6r ett brott. Tommy Hyland blev faktiskt bortdragen av ett casinos s\u00e4kerhetsgrupp, och tvingades betala tillbaka $100 000 som han vunnit fr\u00e5n casinot, allt under pistolhot. Dessa saker h\u00e4nde en hel del i casinospelandets tidiga dagar, speciellt i Las Vegas.<\/p>\n<p>Det var dock en h\u00e4ndelse 1994 som skulle \u00e4ndra Tommy Hyland till en aktivist f\u00f6r kortr\u00e4knare och deras r\u00e4ttigheter. Tommy och hans lag arresterades i ett kanadensiskt casino och anklagades f\u00f6r att ha fuskat. R\u00e4tteg\u00e5ngen som f\u00f6ljde p\u00e5stod att blackjacklag var en form av fusk. M\u00e5nga proffs, inklusive Arnold Snyder, st\u00e4llde sig bakom Hyland.<\/p>\n<p>Domaren i r\u00e4tteg\u00e5ngen beslutade till sist att blackjacklag \u00e4r ordentligt tr\u00e4nade proffs som anv\u00e4nder sin skicklighet. Tommy Hyland och hans lag fick g\u00e5 fria. Hyland \u00e4r en medlem av Blackjack Hall of Fame, och han har lagt ned en hel del tid f\u00f6r att sl\u00e5ss f\u00f6r blackjackspelares och kortr\u00e4knarens r\u00e4ttigheter. Han har faktiskt g\u00e5tt h\u00e5rt \u00e5t mot m\u00e5nga casinon f\u00f6r att de ska behandla kortr\u00e4knare r\u00e4ttvist.<\/p>\n","protected":false},"excerpt":{"rendered":"<p>Tommy Hyland f\u00f6ddes 1956 i New Jersey. Tommy Hyland f\u00f6ddes 1956 i New Jersey. Hans ber\u00e4ttelse \u00e4r v\u00e4ldigt lik den f\u00f6r m\u00e5nga professionella blackjackspelare. Tommy b\u00f6rjade spela vid en v\u00e4ldigt ung \u00e5lder, med ett spel som \u00e4r k\u00e4nt som \u201cpitching pennies.\u201d Tv\u00e5 pojkar skulle kasta mynt mot en v\u00e4gg. Den som kommer n\u00e4rmast v\u00e4ggen med [&hellip;]<\/p>\n","protected":false},"author":1,"featured_media":0,"parent":2847,"menu_order":0,"comment_status":"open","ping_status":"open","template":"","meta":{"footnotes":""},"class_list":["post-2858","page","type-page","status-publish","hentry"],"_links":{"self":[{"href":"https:\/\/www.countingedge.com\/sv\/wp-json\/wp\/v2\/pages\/2858","targetHints":{"allow":["GET"]}}],"collection":[{"href":"https:\/\/www.countingedge.com\/sv\/wp-json\/wp\/v2\/pages"}],"about":[{"href":"https:\/\/www.countingedge.com\/sv\/wp-json\/wp\/v2\/types\/page"}],"author":[{"embeddable":true,"href":"https:\/\/www.countingedge.com\/sv\/wp-json\/wp\/v2\/users\/1"}],"replies":[{"embeddable":true,"href":"https:\/\/www.countingedge.com\/sv\/wp-json\/wp\/v2\/comments?post=2858"}],"version-history":[{"count":0,"href":"https:\/\/www.countingedge.com\/sv\/wp-json\/wp\/v2\/pages\/2858\/revisions"}],"up":[{"embeddable":true,"href":"https:\/\/www.countingedge.com\/sv\/wp-json\/wp\/v2\/pages\/2847"}],"wp:attachment":[{"href":"https:\/\/www.countingedge.com\/sv\/wp-json\/wp\/v2\/media?parent=2858"}],"curies":[{"name":"wp","href":"https:\/\/api.w.org\/{rel}","templated":true}]}}