{"id":2855,"date":"2015-04-21T16:30:11","date_gmt":"2015-04-21T16:30:11","guid":{"rendered":"https:\/\/www.countingedge.com\/blackjack-spelare\/peter-griffin-card-counter\/"},"modified":"2020-07-09T00:11:18","modified_gmt":"2020-07-09T00:11:18","slug":"peter-griffin","status":"publish","type":"page","link":"https:\/\/www.countingedge.com\/sv\/blackjack-spelare\/peter-griffin\/","title":{"rendered":"Peter Griffin : Blackjack Spelare"},"content":{"rendered":"<h2>Peter Griffin delade n\u00e5got betydelsefullt med m\u00e5nga&#8230;<\/h2>\n<p><img decoding=\"async\" class=\"alignleft size-full \" src=\"https:\/\/www.countingedge.com\/wp-content\/uploads\/2015\/04\/peter-griffin-blackjack.png\" alt=\"Peter Griffin\" \/>Peter Griffin delade n\u00e5got betydelsefullt med m\u00e5nga blackjackkortr\u00e4knare som revolutionerade spelet 21. Han var en matematiker. M\u00e5nga av ursprungsf\u00f6respr\u00e5karna f\u00f6r kortr\u00e4kning hade matematisk bakgrund. Peter Griffin var en av dessa m\u00e4n.<\/p>\n<p>Griffin f\u00f6ddes 1937 i New Jersey i en v\u00e4lutbildad familj. Hans egna morfar hade varit professor i matematik vid Reed College, och hade faktiskt skrivit en skolbox om matematik. Det \u00e4r inte undra p\u00e5 att Peter Griffin v\u00e4xte upp fascinerad av siffror och sannolikhet, tv\u00e5 saker som \u00e4r sj\u00e4lva grunden f\u00f6r att r\u00e4kna kort.<\/p>\n<p>Efter den formella utbildningen skaffade Peter Griffin ett jobb 1965 som professor i matematik vid California State University-Sacramento, d\u00e4r han fortsatte jobba till sin d\u00f6d 1998. Som m\u00e5nga andra, inklusive Stanford Wong, utvecklade Griffin sin f\u00f6rk\u00e4rlek till blackjack och kortr\u00e4kning n\u00e4r han arbetade som mattel\u00e4rare.<\/p>\n<div class=\"alert alert-info\"><img loading=\"lazy\" decoding=\"async\" class=\"alignnone\" src=\"https:\/\/www.countingedge.com\/wp-content\/uploads\/2025\/03\/betwaycasinogames.png\" alt=\"B\u00e4sta svenska kasino\" width=\"950\" height=\"417\" \/> <\/p>\n<div align=\"center\"><a class=\"btn btn-theme btn-lg\" href=\"https:\/\/www.countingedge.com\/recommends\/betway-se\/\" target=\"_blank\" data-bgcolor=\"#CC3333\" data-bghovercolor=\"#242424\" data-txtcolor=\"#FFFFFF\" data-txthovercolor=\"#FFFFFF\" >\u2764 Sveriges B\u00e4sta Casino \u2764<\/a><\/div>\n<p> <\/div>\n<p>Griffins intresse f\u00f6r blackjack kan sp\u00e5ras tillbaka till 1970. Det \u00e5ret f\u00f6reslog han en kurs med hasardmatematik f\u00f6r universitetets styrelse. Kurserna blev f\u00f6rst\u00e5s v\u00e4ldigt popul\u00e4ra, och m\u00e5nga b\u00f6rjade erbjudes vid prestigefulla universitet, inklusive MIT. Kurserna utvecklades av Peter Griffin och andra och skulle s\u00e5 sm\u00e5ningom leda till de moderna kurserna i spelteori.<\/p>\n<p>F\u00f6r att utveckla l\u00e4randet som kr\u00e4vdes f\u00f6r hans kurs beh\u00f6vde Griffin forska fram och testa olika teorier om kortr\u00e4kning och blackjacksannolikhet. Det fanns bara ett s\u00e4tt f\u00f6r honom att g\u00f6ra detta p\u00e5, och det var att \u00e5ka till Las Vegas. Griffin t\u00e4nkte testa sina teorier n\u00e4r han spelade blackjack live. De f\u00f6rsta resorna var rena katastrofer. Griffin \u00e5terv\u00e4nde hem nedslagen efter vartenda bes\u00f6k till casinot.<\/p>\n<div class=\"alert alert-info\"><button type=\"button\" class=\"close\" data-dismiss=\"alert\" aria-hidden=\"true\">&times;<\/button>Ni kan <a href=\"https:\/\/www.countingedge.com\/sv\/betta-med-bitcoin-casinon\/\">spela casino spel med Bitcoin<\/a>, och f\u00e5 en h\u00e4ftig <a href=\"https:\/\/www.countingedge.com\/sv\/blackjack-bonus-satsningskrav\/\">blackjack bonus<\/a> och <a href=\"https:\/\/www.countingedge.com\/sv\/live-blackjack-riktiga-pengar\/\">spela live blackjack om pengar<\/a>, men ni borde f\u00f6rst l\u00e4ra er mer om <a href=\"https:\/\/www.countingedge.com\/sv\/\">blackjack<\/a> h\u00e4r p\u00e5 Counting Edge! D\u00e4refter, kan ni <a href=\"https:\/\/www.countingedge.com\/sv\/blackjack-systemet\/blackjack-online\/\">vinna pengar med min metod<\/a>.<\/div>\n<p>Men fr\u00e5n detta kom framg\u00e5ng. Peter Griffin inspirerades att forska mer och studera mer. Han s\u00e4nkte ned sig i vartenda arbete som gjorts p\u00e5 \u00e4mnet. Han \u00f6vade och analyserade teknikerna han hade l\u00e4rt sig medan han utvecklade dem f\u00f6r att t\u00e4cka \u00e4n fler missber\u00e4kningar. Griffin tog dessutom ett nytt tillv\u00e4gag\u00e5ngss\u00e4tt. Han b\u00f6rjade att samla en enorm m\u00e4ngd statistik \u00f6ver proffsblackjackspelare i Atlantic City samtidigt som han gjorde detsamma f\u00f6r spelare i Las Vegas och Reno.<\/p>\n<p>Det h\u00e4r var banbrytande arbete i kortr\u00e4kningsmetodologi. Peter Griffin anv\u00e4nde statistiska j\u00e4mf\u00f6relser och kunde besluta att det fanns skillnader i casinof\u00f6rdel baserat p\u00e5 var man spelade. Den h\u00e4r kunskapen var inte precis ny, men Griffin var bland de f\u00f6rsta att helt utforska skillnaderna p\u00e5 casinon i Atlantic City och i Las Vegas. P\u00e5 m\u00e5nga s\u00e4tt och vis var det arbete Peter Griffin gjorde med statistik i blackjack v\u00e4ldigt likt det arbete Bill James senare genomf\u00f6rde i baseball. Griffins fynd gjorde mycket f\u00f6r att f\u00f6rklara kortr\u00e4kningsteori.<\/p>\n<p>Peter Griffin var bland de f\u00f6rsta att ber\u00e4kna de precisa procenten som g\u00e4ller i blackjack. Han kom fram till att den genomsnittlige blackjackspelaren har en nackdel p\u00e5 2%. Ingen hade tidigare kunnat ge en exakt siffra p\u00e5 den sannolikheten. Griffin kom sedan fram till de genomsnittliga vinsterna f\u00f6r specifika h\u00e4nder n\u00e4r han applicerade blackjackstrategi. Det mesta av Griffins arbete kommer aldrig att f\u00f6rst\u00e5s av m\u00e5nga kortr\u00e4knare, men det har blivit till en grundl\u00e4ggande del av kortr\u00e4kning.<\/p>\n<p>I Griffins dagar var det v\u00e4ldigt popul\u00e4rt att sl\u00e4ppa sin kortr\u00e4kningsinformation i en bok. M\u00e5nga f\u00f6rfattare marknadsf\u00f6rde sina olika system i sina egna b\u00f6cker, och Griffin gjorde detsamma. Han skrev och s\u00e4ppte The Theory of Blackjack: The Complete Card Counter\u2019s Guide to the Casino Game of 21 1979.<\/p>\n<p>Boken blev snabbt en klassiker bland blackjacklitteraturen. Den var framg\u00e5ngsrik, men kanske inte lika framg\u00e5ngsrik som b\u00f6ckerna som Edward Thorp och Arnold Snyder sl\u00e4ppte. Det kan vara p\u00e5 grund av skrivstilen Griffin anv\u00e4nde i boken. Griffin var en v\u00e4lutbildad man, och han skrev allt p\u00e5 ett v\u00e4ldigt utbildat vis. Somliga blackjackspelare tyckte att boken k\u00e4ndes f\u00f6r vetenskaplig och f\u00f6r akademisk.<\/p>\n<p>Det kan s\u00e4gas att Peter Griffins stora passion var att l\u00e4ra ut. Det var det som skiljde honom fr\u00e5n andra blackjackexperter. Peter Griffin var inte en kortr\u00e4knare, egentligen, utan snarare en instrukt\u00f6r. Andra f\u00f6rfattare p\u00e5 \u00e4mnet blackjack och kortr\u00e4kning f\u00f6rs\u00f6kte sj\u00e4lva aktivt att tj\u00e4na pengar p\u00e5 att spela kort. Det var aldrig Peter Griffins m\u00e5l. Han var helt n\u00f6jd med att studera metoderna i kortr\u00e4kning och l\u00e4ra ut hasardmatematik.<\/p>\n<p>Han slutade faktiskt aldrig l\u00e4ra ut under hela sitt liv. Peter Griffin dog 1998 efter en kamp mot prostatacancer. Hans namn kanske inte \u00e4r lika bekant som blackjackspelare som Ken Uston, Edward Thorp, eller Stanford Wong, men det \u00e4r v\u00e4rt att komma ih\u00e5g att m\u00e5nga av Peter Griffins \u00e5stadkommanden utvecklat effektiviteten i m\u00e5nga kortr\u00e4kningsmetoder.<\/p>\n","protected":false},"excerpt":{"rendered":"<p>Peter Griffin delade n\u00e5got betydelsefullt med m\u00e5nga&#8230; Peter Griffin delade n\u00e5got betydelsefullt med m\u00e5nga blackjackkortr\u00e4knare som revolutionerade spelet 21. Han var en matematiker. M\u00e5nga av ursprungsf\u00f6respr\u00e5karna f\u00f6r kortr\u00e4kning hade matematisk bakgrund. Peter Griffin var en av dessa m\u00e4n. Griffin f\u00f6ddes 1937 i New Jersey i en v\u00e4lutbildad familj. Hans egna morfar hade varit professor i [&hellip;]<\/p>\n","protected":false},"author":1,"featured_media":0,"parent":2847,"menu_order":0,"comment_status":"open","ping_status":"open","template":"","meta":{"footnotes":""},"class_list":["post-2855","page","type-page","status-publish","hentry"],"_links":{"self":[{"href":"https:\/\/www.countingedge.com\/sv\/wp-json\/wp\/v2\/pages\/2855","targetHints":{"allow":["GET"]}}],"collection":[{"href":"https:\/\/www.countingedge.com\/sv\/wp-json\/wp\/v2\/pages"}],"about":[{"href":"https:\/\/www.countingedge.com\/sv\/wp-json\/wp\/v2\/types\/page"}],"author":[{"embeddable":true,"href":"https:\/\/www.countingedge.com\/sv\/wp-json\/wp\/v2\/users\/1"}],"replies":[{"embeddable":true,"href":"https:\/\/www.countingedge.com\/sv\/wp-json\/wp\/v2\/comments?post=2855"}],"version-history":[{"count":0,"href":"https:\/\/www.countingedge.com\/sv\/wp-json\/wp\/v2\/pages\/2855\/revisions"}],"up":[{"embeddable":true,"href":"https:\/\/www.countingedge.com\/sv\/wp-json\/wp\/v2\/pages\/2847"}],"wp:attachment":[{"href":"https:\/\/www.countingedge.com\/sv\/wp-json\/wp\/v2\/media?parent=2855"}],"curies":[{"name":"wp","href":"https:\/\/api.w.org\/{rel}","templated":true}]}}