{"id":2853,"date":"2015-04-21T16:23:11","date_gmt":"2015-04-21T16:23:11","guid":{"rendered":"https:\/\/www.countingedge.com\/blackjack-spelare\/arnold-snyder\/"},"modified":"2021-03-08T16:26:55","modified_gmt":"2021-03-08T16:26:55","slug":"arnold-snyder","status":"publish","type":"page","link":"https:\/\/www.countingedge.com\/sv\/blackjack-spelare\/arnold-snyder\/","title":{"rendered":"Arnold Snyder : Blackjack Spelare"},"content":{"rendered":"<h2>Arnold Snyder har bidragit med mycket viktigt till blackjack.<\/h2>\n<p><img decoding=\"async\" class=\"alignleft size-full \" src=\"https:\/\/www.countingedge.com\/wp-content\/uploads\/2015\/04\/arnold-snyder-blackjack.jpg\" alt=\"Arnold Snyder\" \/>Arnold Snyder har bidragit med mycket viktigt till blackjack. Han \u00e4r inte bara en v\u00e4lrespekterad f\u00f6rfattare till b\u00f6cker om konsten bakom framg\u00e5ngsrik blackjack, utan \u00e4r \u00e4ven skapare av flertalet kortr\u00e4kningsmetoder. Han har \u00e4ven blivit en av blackjacks viktigaste m\u00e4n genom att f\u00f6rsvara blackjackspelares r\u00e4ttigheter.<\/p>\n<p>Varje diskussion om Arnold Snyder m\u00e5ste b\u00f6rja med de blackjack-b\u00f6cker han har f\u00f6rfattat. Var och en av dem erbjuder sin egen djuplodade nyans av spelet. Kanske \u00e4r den mest v\u00e4lk\u00e4nda av dem hans bok Blackbelt in Blackjack.<\/p>\n<p>Blackbelt in Blackjack publicerades av Arnold Snyder 1983 och \u00e5terpublicerades 1998. Med hj\u00e4lp av ett kampsportsteam skapade han boken i tre delar, med syfte att g\u00f6ra en nyb\u00f6rjarspelare till en kraftfull proffsspelare. Del 1 ger all grundl\u00e4ggande information om blackjack. Den g\u00e5r genom reglerna i spelet, grundl\u00e4ggande strategi, samt mekaniken bakom blackjack spelet.<\/p>\n<p>I del 2 introduceras sedan l\u00e4saren till tv\u00e5 av Snyders mest popul\u00e4ra kortr\u00e4kningsmetoder. Hi-Lo Lite Count och Zen Count. Del 3 skrevs f\u00f6r den avancerade kortr\u00e4knaren och inneh\u00e5ller information om hur man s\u00e4tter ihop blackjack-team.<\/p>\n<div class=\"alert alert-info\"><img loading=\"lazy\" decoding=\"async\" class=\"alignnone\" src=\"https:\/\/www.countingedge.com\/wp-content\/uploads\/2025\/03\/betwaycasinogames.png\" alt=\"B\u00e4sta svenska kasino\" width=\"950\" height=\"417\" \/> <\/p>\n<div align=\"center\"><a class=\"btn btn-theme btn-lg\" href=\"https:\/\/www.countingedge.com\/recommends\/betway-se\/\" target=\"_blank\" data-bgcolor=\"#CC3333\" data-bghovercolor=\"#242424\" data-txtcolor=\"#FFFFFF\" data-txthovercolor=\"#FFFFFF\" >\u2764 Sveriges B\u00e4sta Casino \u2764<\/a><\/div>\n<p> <\/div>\n<p>\u00c4mnet blackjack-team, som diskuteras i Del 3 av Blackbelt in Blackjack, har varit en viktig del av Arnold Snyders eget liv. Ett blackjack-team \u00e4r en grupp kortr\u00e4knare som arbetar tillsammans f\u00f6r att dra in stora summor pengar p\u00e5 blackjack. Dessa individer kombinerar sina f\u00e4rdigheter och delar sina vinster. Det mest k\u00e4nda blackjack-teamet \u00e4r f\u00f6rmodligen det som skapades p\u00e5 MIT. MIT-studenterna i teamet anv\u00e4nde sig av olika former av kortr\u00e4knarmetoder, framtagna av Arnold Snyder.<\/p>\n<p>Riskerna med kortr\u00e4kning blev tydliga n\u00e4r Tommy Hyland, en professionell blackjackspelare och v\u00e4n till Arnold Snyder, arresterades av kanadensisk polis i Windsor f\u00f6r att ha fuskat. Hyland var ledare f\u00f6r ett kraftfullt blackjack-team. Under hans r\u00e4tteg\u00e5ng vittnade Arnold Snyder till f\u00f6rdel f\u00f6r sin v\u00e4n. Snyder har fortsatt vara aktiv f\u00f6rsvarare av blackjackspelares r\u00e4ttigheter.<\/p>\n<p>Han \u00e4r \u00e4ven k\u00e4nd f\u00f6r att vara en f\u00f6rsta blackjack-spelare som talat om vikten av lek-penetrering. Hans f\u00f6rsta bok, The Blackjack Formula, handlar uteslutande om just detta. Lek-penetrering handlar om hur djupt nerifr\u00e5n leken delas innan den blandas om. Snyder var den f\u00f6rsta som visade att en kortr\u00e4knares vinstmarginaler p\u00e5verkas ansenligt mycket av lekpenetration.<\/p>\n<p>En fantastisk sak ang\u00e5ende hans lekpenetrerings-teorier \u00e4r att n\u00e4stan alla har blivit bekr\u00e4ftade av frist\u00e5ende datorsimulationer. Detta gav en gigantisk boost till tillf\u00f6rlitligheten g\u00e4llande hans teorier och metoder.<\/p>\n<p>Shuffletracking var ett annat koncept som Snyder sj\u00e4lv var en pionj\u00e4r inom. Han skrev en hel bok om \u00e4mnet 2003. Boken var mindre popul\u00e4r \u00e4n n\u00e5gra av de andra som skrivits av Snyder; f\u00f6rmodligen p\u00e5 grund av att det \u00e4r en v\u00e4ldigt avanceras teknik som \u00e4r v\u00e4ldigt sv\u00e5r att bem\u00e4stra. Det finns dock en m\u00f6jlighet till stora vinster inom shuffletracking och m\u00e5nga seri\u00f6sa blackjackspelare anv\u00e4nder konceptet.<\/p>\n<div class=\"alert alert-info\"><button type=\"button\" class=\"close\" data-dismiss=\"alert\" aria-hidden=\"true\">&times;<\/button>Ni kan <a href=\"https:\/\/www.countingedge.com\/sv\/betta-med-bitcoin-casinon\/\">spela casino spel med Bitcoin<\/a>, och f\u00e5 en h\u00e4ftig <a href=\"https:\/\/www.countingedge.com\/sv\/blackjack-bonus-satsningskrav\/\">blackjack bonus<\/a> och <a href=\"https:\/\/www.countingedge.com\/sv\/live-blackjack-riktiga-pengar\/\">spela live blackjack om pengar<\/a>, men ni borde f\u00f6rst l\u00e4ra er mer om <a href=\"https:\/\/www.countingedge.com\/sv\/\">blackjack<\/a> h\u00e4r p\u00e5 Counting Edge! D\u00e4refter, kan ni <a href=\"https:\/\/www.countingedge.com\/sv\/blackjack-systemet\/blackjack-online\/\">vinna pengar med min metod<\/a>.<\/div>\n<p>All Snyders blackjack-kunskap och expertis summerades 2006 i boken The Big Book of Blackjack. Denna bok kan med r\u00e4tta kallas f\u00f6r blackjack-bibeln. Den inneh\u00e5ller material p\u00e5 alla aspekter av spelet. I denna bok sammanst\u00e4ller Snyder en livstids blackjack-kunskap genom att g\u00e5 igenom varje \u00e4mne i detalj.<\/p>\n<p>Det finns \u00e4ven en detaljerad historia om spelet blackjack, n\u00e5gonting som s\u00e4llan p\u00e5tr\u00e4ffas i andra b\u00f6cker p\u00e5 samma \u00e4mne. Blackjackstrategi och kortr\u00e4knings-metoder f\u00f6rklaras till fullo. Denna bok kommer definitivt att g\u00e5 genom historien som Snyders st\u00f6rsta arv. Det \u00e4r kulmen av ett livsverk inom blackjack och kortr\u00e4kning.<\/p>\n<p>En av de st\u00f6rsta \u00e4ror en kortr\u00e4knare eller blackjackspelare kan f\u00e5, \u00e4r att bli hedrad av spelarna som anv\u00e4nder hans metoder i spel. En av de sju obestridliga namnen i Blackjacks Hall of Fame \u00e4r Arnold Snyder. Detta \u00e4r helt klart ett s\u00e4tt att validera hans bidrag till f\u00f6rst\u00e5elsen f\u00f6r spelet blackjack.<\/p>\n<p>Snyder sj\u00e4lv \u00e4r fortfarande mycket aktiv i blackjack-samh\u00e4llet genom Blackjack Forum som han skapade 1981. Denna tidsskrift kan bara hittas p\u00e5 n\u00e4tet och inneh\u00e5ller artiklar fr\u00e5n blackjackspelare, matematiker och advokater g\u00e4llande olika aspekter av blackjack och kortr\u00e4kning.<\/p>\n","protected":false},"excerpt":{"rendered":"<p>Arnold Snyder har bidragit med mycket viktigt till blackjack. Arnold Snyder har bidragit med mycket viktigt till blackjack. Han \u00e4r inte bara en v\u00e4lrespekterad f\u00f6rfattare till b\u00f6cker om konsten bakom framg\u00e5ngsrik blackjack, utan \u00e4r \u00e4ven skapare av flertalet kortr\u00e4kningsmetoder. Han har \u00e4ven blivit en av blackjacks viktigaste m\u00e4n genom att f\u00f6rsvara blackjackspelares r\u00e4ttigheter. Varje diskussion [&hellip;]<\/p>\n","protected":false},"author":1,"featured_media":0,"parent":2847,"menu_order":0,"comment_status":"open","ping_status":"open","template":"","meta":{"footnotes":""},"class_list":["post-2853","page","type-page","status-publish","hentry"],"_links":{"self":[{"href":"https:\/\/www.countingedge.com\/sv\/wp-json\/wp\/v2\/pages\/2853","targetHints":{"allow":["GET"]}}],"collection":[{"href":"https:\/\/www.countingedge.com\/sv\/wp-json\/wp\/v2\/pages"}],"about":[{"href":"https:\/\/www.countingedge.com\/sv\/wp-json\/wp\/v2\/types\/page"}],"author":[{"embeddable":true,"href":"https:\/\/www.countingedge.com\/sv\/wp-json\/wp\/v2\/users\/1"}],"replies":[{"embeddable":true,"href":"https:\/\/www.countingedge.com\/sv\/wp-json\/wp\/v2\/comments?post=2853"}],"version-history":[{"count":0,"href":"https:\/\/www.countingedge.com\/sv\/wp-json\/wp\/v2\/pages\/2853\/revisions"}],"up":[{"embeddable":true,"href":"https:\/\/www.countingedge.com\/sv\/wp-json\/wp\/v2\/pages\/2847"}],"wp:attachment":[{"href":"https:\/\/www.countingedge.com\/sv\/wp-json\/wp\/v2\/media?parent=2853"}],"curies":[{"name":"wp","href":"https:\/\/api.w.org\/{rel}","templated":true}]}}