{"id":2849,"date":"2015-04-21T16:19:02","date_gmt":"2015-04-21T16:19:02","guid":{"rendered":"https:\/\/www.countingedge.com\/blackjack-spelare\/al-francesco\/"},"modified":"2021-03-08T16:59:41","modified_gmt":"2021-03-08T16:59:41","slug":"al-francesco","status":"publish","type":"page","link":"https:\/\/www.countingedge.com\/sv\/blackjack-spelare\/al-francesco\/","title":{"rendered":"AL FRANCESCO : Blackjack Spelare"},"content":{"rendered":"<h2>Overview<\/h2>\n<h3>Overview<\/h3>\n<p><img decoding=\"async\" class=\" size-full alignleft\" src=\"https:\/\/www.countingedge.com\/wp-content\/uploads\/2015\/04\/al-francesco-blackjack.jpg\" alt=\"Al Francesco\" \/><\/p>\n<p>N\u00e4r det kommer till blackjacklegender blir det helt enkelt inte mycket st\u00f6rre \u00e4n Al Francesco. Han \u00e4r v\u00e4lk\u00e4nd som den man som introducerade konceptet blackjack som teamspel och &#8221;Storspelaren&#8221; (the Big Player) som har anv\u00e4nts av blackjackspelare v\u00e4rlden \u00f6ver, inklusive MIT-blackjackteamet. Franscesco \u00e4r med andra ord en blackjack-pionj\u00e4r.<\/p>\n<p>Som s\u00e5 m\u00e5nga andra professionella spelare b\u00f6rjade Francesco satsa p\u00e5 kortspel n\u00e4r han v\u00e4xte upp i Gary, Indiana (USA). Han visade m\u00e5nga olika slags variationer p\u00e5 spelet rummy och innan han sj\u00e4lv ens visste ordet av tj\u00e4nade han $5,000 varje \u00e5r p\u00e5 kortspel. P\u00e5 det sena 1950-talet och tidiga 1960-talet var detta en mycket ansenlig summa pengar. Att konstant kunna vinna var n\u00e5gonting som \u00f6vertygade Francesco om att sikta h\u00f6gre i spelet och satsa d\u00e4r profitmarginalen var \u00e4nnu h\u00f6gre.<\/p>\n<p>N\u00e4r Edward O. Thorp publicerade sin bok Beat The Dealer, 1963, bodde Al Francesco i Californien. Kortr\u00e4knarkonceptet som beskrevs av Thorp verkade enkelt nog f\u00f6r Francesco och han var mycket ivrig att l\u00e4ra sig anv\u00e4nda knepen vid blackjackbordet. Med n\u00e5got slags simpelt handf\u00e5ng av grundprinciperna i Thorps bok gick Francesco in p\u00e5 casinona.<\/p>\n<p>Under den f\u00f6rsta sessionen med Thorps metod tvingades Francesco l\u00e4mna bordet efter bara 20 minuter av spel p\u00e5 grund av att han fick en alldeles enorm huvudv\u00e4rk. Han ins\u00e5g nu att kortr\u00e4kning var n\u00e5gonting mycket komplext och kr\u00e4vde timmar av inl\u00e4rning och \u00f6vning.<\/p>\n<div class=\"alert alert-info\"><img loading=\"lazy\" decoding=\"async\" class=\"alignnone\" src=\"https:\/\/www.countingedge.com\/wp-content\/uploads\/2025\/03\/betwaycasinogames.png\" alt=\"B\u00e4sta svenska kasino\" width=\"950\" height=\"417\" \/> <\/p>\n<div align=\"center\"><a class=\"btn btn-theme btn-lg\" href=\"https:\/\/www.countingedge.com\/recommends\/betway-se\/\" target=\"_blank\" data-bgcolor=\"#CC3333\" data-bghovercolor=\"#242424\" data-txtcolor=\"#FFFFFF\" data-txthovercolor=\"#FFFFFF\" >\u2764 Sveriges B\u00e4sta Casino \u2764<\/a><\/div>\n<p> <\/div>\n<p>Ist\u00e4llet f\u00f6r att omedelbart \u00e5terv\u00e4nda till casinona, spenderade Francesco s\u00e5ledes timmar \u00e5t att \u00f6va hemma. Han lyckades bem\u00e4stra kortr\u00e4knarkonsten och \u00e5terv\u00e4nde sedan till blackjackborden, d\u00e4r han blev en oslagbar spelare. Casinona blev snabbt medvetna om Francescos f\u00f6rm\u00e5gor och han blev snabbt bannad fr\u00e5n det ena casinot efter det andra. Francesco tappade d\u00e4rmed lusten och slutade spela blackjack i \u00e5tta l\u00e5nga \u00e5r.<\/p>\n<div class=\"alert alert-info\"><button type=\"button\" class=\"close\" data-dismiss=\"alert\" aria-hidden=\"true\">&times;<\/button>Ni kan <a href=\"https:\/\/www.countingedge.com\/sv\/betta-med-bitcoin-casinon\/\">spela casino spel med Bitcoin<\/a>, och f\u00e5 en h\u00e4ftig <a href=\"https:\/\/www.countingedge.com\/sv\/blackjack-bonus-satsningskrav\/\">blackjack bonus<\/a> och <a href=\"https:\/\/www.countingedge.com\/sv\/live-blackjack-riktiga-pengar\/\">spela live blackjack om pengar<\/a>, men ni borde f\u00f6rst l\u00e4ra er mer om <a href=\"https:\/\/www.countingedge.com\/sv\/\">blackjack<\/a> h\u00e4r p\u00e5 Counting Edge! D\u00e4refter, kan ni <a href=\"https:\/\/www.countingedge.com\/sv\/blackjack-systemet\/blackjack-online\/\">vinna pengar med min metod<\/a>.<\/div>\n<p>Han visste att han var tvungen att utveckla ett b\u00e4ttre s\u00e4tt att spela blackjack p\u00e5. Kortr\u00e4kning i sig fungerade helt enkelt inte l\u00e4ngre eftersom casinona hade blivit alldeles f\u00f6r smarta. De delade information med varandra. Om man blev haffad med att r\u00e4kna kort p\u00e5 ett casino, s\u00e5 var det n\u00e5gonting som \u00f6vriga casinon skulle komma att k\u00e4nna till. Detta gjorde det om\u00f6jligt f\u00f6r Francesco att leva p\u00e5 blackjack. Han b\u00f6rjade fundera \u00f6ver hur han kunde \u00f6verlista casinot och konceptet med team-blackjack uppfanns d\u00e4rmed.<\/p>\n<p>\u00c5ret var 1971 och Francesco hade l\u00e4rt sig en ny r\u00e4kningsmetod av Lawrence Revere. Francesco best\u00e4mde sig f\u00f6r att bilda ett team av blackjackspelare som skulle arbeta tillsammans f\u00f6r att l\u00e5 casinot p\u00e5 blackjack. Hans olika team bestod av sju medlemmar. Sex av dem fungerade genom att lokalisera borden med h\u00f6g r\u00e4kning.<\/p>\n<p>Den sjunde var Storspelaren. Storspelaren signalerades av andra medlemmar i teamet och satte sig ner vid de hetaste borden. Storspelaren utgav sig vanligen f\u00f6r att vara turist eller en f\u00f6rstag\u00e5ngsspelare som bara r\u00e5kade ha tur. Systemet fungerade utm\u00e4rkt eftersom det lurade casinot. Storspelaren r\u00e4knade som regel aldrig kort, utan klev bara in vid ett bord som enligt de \u00f6vriga medlemmarna var hett f\u00f6r tillf\u00e4llet. De andra medlemmarna satsade alltid bordets minimum s\u00e5 att det skulle vara om\u00f6jligt att identifiera dem som kortr\u00e4knare.<\/p>\n<p>Francesco rekryterade personligen medlemmarna till sina team. Det dr\u00f6jde inte l\u00e4nge fr\u00e5n att han hade b\u00f6rjat anv\u00e4nda teamspel i blackjack f\u00f6rr\u00e4n han rekryterade en ung man som sin proteg\u00e9. Han blev en av de mest avl\u00f6nade spelare n\u00e5gonsin i n\u00e5got av Francescos blackjack-team. Den unge mannens namn var Ken Uston och han skrev sedermera en bok om sina erfarenheter i Francescos team, som hette The Big Player.<\/p>\n<p>Oturligt nog var Uston inte s\u00e4rdeles diskret och han kunde inte undg\u00e5 att uppt\u00e4ckas av casinona. Till detta avsl\u00f6jade \u00e4ven hans bok Francescos team. Efter detta v\u00e4grade m\u00e5nga av spelarna i de olika teamen att samarbeta med Uston igen. Det blev inre konflikter och Francescos framg\u00e5ng som team-manager fick s\u00e5ledes ett abrupt slut. Francesco h\u00f6ll ingenting emot Uston, dock; och de tv\u00e5 f\u00f6rblev v\u00e4nner till Ustons d\u00f6d.<\/p>\n<p>P\u00e5 grund av sina bidrag till spelet blackjack \u00e4r Al Francesco numera en medlem i Blackjackens Hall of Fame. Han har dragit sig tillbaka fr\u00e5n professionell blackjack vid det h\u00e4r laget men satsar fortfarande p\u00e5 sport och trav. Han har anv\u00e4nt olika alias s\u00e5som Frank Scupani och Frank Salerno genom sin l\u00e5nga karri\u00e4r.<\/p>\n<p>Det kan s\u00e4gas att alla framg\u00e5ngsrika blackjackteam som haft fantastisk framg\u00e5ng i Las Vegas och Atlantic City har Al Francesco att tacka f\u00f6r det. Alla har n\u00e4mligen anv\u00e4nt sig av ett system som \u00e4r mycket likt det Francesco uppfann, och alla har lett till miljonvinster. Francescos system f\u00f6r team-blackjack anv\u00e4nds \u00e4n idag och Storspelaren attackerar fortfarande casinon v\u00e4rlden \u00f6ver!<\/p>\n<p> &nbsp;<\/p>\n","protected":false},"excerpt":{"rendered":"<p>Overview Overview N\u00e4r det kommer till blackjacklegender blir det helt enkelt inte mycket st\u00f6rre \u00e4n Al Francesco. Han \u00e4r v\u00e4lk\u00e4nd som den man som introducerade konceptet blackjack som teamspel och &#8221;Storspelaren&#8221; (the Big Player) som har anv\u00e4nts av blackjackspelare v\u00e4rlden \u00f6ver, inklusive MIT-blackjackteamet. Franscesco \u00e4r med andra ord en blackjack-pionj\u00e4r. Som s\u00e5 m\u00e5nga andra professionella [&hellip;]<\/p>\n","protected":false},"author":1,"featured_media":0,"parent":2847,"menu_order":0,"comment_status":"open","ping_status":"open","template":"","meta":{"footnotes":""},"class_list":["post-2849","page","type-page","status-publish","hentry"],"_links":{"self":[{"href":"https:\/\/www.countingedge.com\/sv\/wp-json\/wp\/v2\/pages\/2849","targetHints":{"allow":["GET"]}}],"collection":[{"href":"https:\/\/www.countingedge.com\/sv\/wp-json\/wp\/v2\/pages"}],"about":[{"href":"https:\/\/www.countingedge.com\/sv\/wp-json\/wp\/v2\/types\/page"}],"author":[{"embeddable":true,"href":"https:\/\/www.countingedge.com\/sv\/wp-json\/wp\/v2\/users\/1"}],"replies":[{"embeddable":true,"href":"https:\/\/www.countingedge.com\/sv\/wp-json\/wp\/v2\/comments?post=2849"}],"version-history":[{"count":0,"href":"https:\/\/www.countingedge.com\/sv\/wp-json\/wp\/v2\/pages\/2849\/revisions"}],"up":[{"embeddable":true,"href":"https:\/\/www.countingedge.com\/sv\/wp-json\/wp\/v2\/pages\/2847"}],"wp:attachment":[{"href":"https:\/\/www.countingedge.com\/sv\/wp-json\/wp\/v2\/media?parent=2849"}],"curies":[{"name":"wp","href":"https:\/\/api.w.org\/{rel}","templated":true}]}}