{"id":2828,"date":"2015-04-23T04:54:36","date_gmt":"2015-04-23T04:54:36","guid":{"rendered":"https:\/\/www.countingedge.com\/blackjack-variationer\/european-blackjack-how-to-play\/"},"modified":"2020-07-08T22:44:00","modified_gmt":"2020-07-08T22:44:00","slug":"europeisk-blackjack","status":"publish","type":"page","link":"https:\/\/www.countingedge.com\/sv\/blackjack-variationer\/europeisk-blackjack\/","title":{"rendered":"Europeisk Blackjack Regler &#038; Info"},"content":{"rendered":"<h2>Det \u00e4r om\u00f6jligt att tala om blackjack utan att f\u00f6rst ber\u00f6ra&#8230;<\/h2>\n<p>Det \u00e4r om\u00f6jligt att tala om blackjack utan att f\u00f6rst ber\u00f6ra den del av v\u00e4rlden d\u00e4r blackjacken f\u00f6ddes. Europeisk blackjack \u00e4r f\u00f6reg\u00e5ngaren till blackjack s\u00e5 som vi k\u00e4nner den idag i USA och i andra omr\u00e5den. Under \u00e5ren s\u00e5 har europeisk blackjack utvecklats till n\u00e5gonting som i stor utstr\u00e4ckning liknar standardvariationen av spelet, \u00e4ven om det fortfarande finns ett par aspekter av blackjack i Europa som skiljer sig n\u00e5got fr\u00e5n hur spelet spelas i Amerika.<\/p>\n<p>Alla som begrundar att spela blackjack i Europa b\u00f6r vara medveten om dessa regelskillnader innan de ger sig in i spelet.<\/p>\n<h3>Europeisk Blackjack Och Dess Historia<\/h3>\n<p>Blackjacken f\u00f6ddes, som vi sa, faktiskt i Europa. \u00c4ven om det exakta tillf\u00e4llet f\u00f6r spelets f\u00f6dsel \u00e4r ok\u00e4nt s\u00e5 kan man hitta den f\u00f6rsta nedskrivna referensen till spelet hos Miguel de Cervantes. Cervantes \u00e4r fr\u00e4mst k\u00e4nd f\u00f6r sitt verk Don Quixote. Cervantes var sj\u00e4lv en spelare och i en av sina romaner \u00e5terber\u00e4ttar han ber\u00e4ttelsen om tv\u00e5 kortspelare som var mycket duktiga p\u00e5 att fuska i spelet 21. Eftersom denna ber\u00e4ttelse \u00e4r skriven antingen 1601 eller 1602 s\u00e5 kan vi framg\u00e5ngsrikt konstatera att blackjack spelades i Spanien s\u00e5 tidigt som d\u00e5.<\/p>\n<div class=\"alert alert-info\"><img loading=\"lazy\" decoding=\"async\" class=\"alignnone\" src=\"https:\/\/www.countingedge.com\/wp-content\/uploads\/2025\/03\/betwaycasinogames.png\" alt=\"B\u00e4sta svenska kasino\" width=\"950\" height=\"417\" \/> <\/p>\n<div align=\"center\"><a class=\"btn btn-theme btn-lg\" href=\"https:\/\/www.countingedge.com\/recommends\/betway-se\/\" target=\"_blank\" data-bgcolor=\"#CC3333\" data-bghovercolor=\"#242424\" data-txtcolor=\"#FFFFFF\" data-txthovercolor=\"#FFFFFF\" >\u2764 Sveriges B\u00e4sta Casino \u2764<\/a><\/div>\n<p> <\/div>\n<p>Det var dock fransoserna och tyskarna som verkligen gjorde spelet popul\u00e4rt. I dessa omr\u00e5den kallades spelet f\u00f6r Vingt-et-un, och spelet fortsatte vara popul\u00e4rt genom 1700- och 1800-talet. Alla som spelar blackjack idag st\u00e5r i stor skuld till dessa kulturer som lade grunden f\u00f6r de blackjackregler som vi k\u00e4nner till idag.<\/p>\n<h3>Modern Europeisk Blackjack<\/h3>\n<p>Blackjack \u00e4r fortfarande mycket popul\u00e4rt i Europas l\u00e4ndar, men reglerna i Europeisk blackjack har konserverat n\u00e5gra av spelet ursprungliga aspekter. H\u00e4r \u00e4r de grundl\u00e4ggande reglerna f\u00f6r europeisk blackjack:<\/p>\n<ul>\n<li><a href=\"https:\/\/www.countingedge.com\/double-down\/\">double down<\/a>\n<\/li>\n<\/ul>\n<h3>Kortblandning I Europeisk Blackjack<\/h3>\n<p>I europeisk blackjack s\u00e5 anv\u00e4nds \u00e5tta kortlekar. Ut\u00f6ver det s\u00e5 blandas alla kortlekar efter varje runda. Detta \u00e4r en mardr\u00f6m f\u00f6r kortr\u00e4knare, och det g\u00f6r ocks\u00e5 kortr\u00e4kning praktiskt taget om\u00f6jlig i europeisk blackjack. F\u00f6r att klara av den intensiva kortblandningen s\u00e5 anv\u00e4nds en automatisk kortblandare, liknande de som anv\u00e4nds vid kasinots pokerbord.<\/p>\n<p>Det \u00e4r mycket sv\u00e5rt att etablera en r\u00e4kning i europeisk blackjack eftersom det aldrig finns nog med kort under en runda f\u00f6r att man ska kunna g\u00f6ra en korrekt ber\u00e4kning av huruvida leken \u00e4r till din f\u00f6rdel eller ej. <strong>Ingen Splitting Av 4:or, 5:or, Or 10:or I Europeisk Blackjack<\/strong><\/p>\n<p>Denna regler spelar inte s\u00e5 stor roll f\u00f6r professionella blackjackspelare och kortr\u00e4knare, eftersom dessa kortpar n\u00e4stan aldrig splittas. D\u00e4remot s\u00e5 vet vi att n\u00e4r ett kasino skapar en ny regel f\u00f6r blackjack s\u00e5 \u00e4r det alltid till kasinots f\u00f6rdel. De europeiska kasinos visste att kortr\u00e4kningsexperterna d\u00e5 och d\u00e5 splittade dessa par n\u00e4r dealern var svag och troligtivis skulle bli tjock. Detta \u00e4r ytterligare ett element i euopeisk blackjack som \u00e4r strikt utformad f\u00f6r att f\u00f6rhindra professionella kortr\u00e4knare.<\/p>\n<h3>No Peek I Europeisk Blackjack<\/h3>\n<p>Den kanske allra st\u00f6rsta regelskillnaden i europeisk blackjack \u00e4r den regel som f\u00f6rbjuder dealern fr\u00e5n att titta p\u00e5 sitt g\u00f6mda kort fram tills det att alla spelare har agerat p\u00e5 sina h\u00e4nder. Detta inneb\u00e4r att dealern inte kommer att se efter om han sitter p\u00e5 en blackjack f\u00f6rr\u00e4n alla andra beslut har fattats. Varf\u00f6r \u00e4r denna regel s\u00e5 pass viktig?<\/p>\n<p>I amerikansk blackjack s\u00e5 \u00e4r en blackjack f\u00f6r dealern visad direkt och alla spelare kring bordet f\u00f6rlorar omedelbart sina insatser s\u00e5vida de inte sj\u00e4lva sitter p\u00e5 en blackjack. De f\u00e5r inte m\u00f6jlighet att <a href=\"https:\/\/www.countingedge.com\/double-down\/\">double down<\/a> eller att splitta. I europeisk blackjack s\u00e5 m\u00e5ste en spelare g\u00f6ra alla dessa saker som involverar att \u00f6ka den ursprungliga insatsen utan att veta om dealern sitter p\u00e5 en blackjack. Som du kanske f\u00f6rst\u00e5r s\u00e5 \u00e4r detta till stor f\u00f6rdel f\u00f6r kasinot.<\/p>\n<p>Det blir ocks\u00e5 om\u00f6jligt att f\u00e5nga upp n\u00e5gra \u201dtells\u201d hos dealern eftersom dealern sj\u00e4lv inte vet om hans kort skapar en blackjack. Av dessa anledningar s\u00e5 \u00e4r det klart mer f\u00f6rdelaktig att spela blackjack i USA och i andra omr\u00e5den som h\u00e5ller sig till standardreglerna, om man vill spela och tj\u00e4na stora pengar.<\/p>\n<div class=\"alert alert-info\"><button type=\"button\" class=\"close\" data-dismiss=\"alert\" aria-hidden=\"true\">&times;<\/button>Ni kan <a href=\"https:\/\/www.countingedge.com\/sv\/betta-med-bitcoin-casinon\/\">spela casino spel med Bitcoin<\/a>, och f\u00e5 en h\u00e4ftig <a href=\"https:\/\/www.countingedge.com\/sv\/blackjack-bonus-satsningskrav\/\">blackjack bonus<\/a> och <a href=\"https:\/\/www.countingedge.com\/sv\/live-blackjack-riktiga-pengar\/\">spela live blackjack om pengar<\/a>, men ni borde f\u00f6rst l\u00e4ra er mer om <a href=\"https:\/\/www.countingedge.com\/sv\/\">blackjack<\/a> h\u00e4r p\u00e5 Counting Edge! D\u00e4refter, kan ni <a href=\"https:\/\/www.countingedge.com\/sv\/blackjack-systemet\/blackjack-online\/\">vinna pengar med min metod<\/a>.<\/div>\n","protected":false},"excerpt":{"rendered":"<p>Det \u00e4r om\u00f6jligt att tala om blackjack utan att f\u00f6rst ber\u00f6ra&#8230; Det \u00e4r om\u00f6jligt att tala om blackjack utan att f\u00f6rst ber\u00f6ra den del av v\u00e4rlden d\u00e4r blackjacken f\u00f6ddes. Europeisk blackjack \u00e4r f\u00f6reg\u00e5ngaren till blackjack s\u00e5 som vi k\u00e4nner den idag i USA och i andra omr\u00e5den. Under \u00e5ren s\u00e5 har europeisk blackjack utvecklats till [&hellip;]<\/p>\n","protected":false},"author":1,"featured_media":0,"parent":2816,"menu_order":0,"comment_status":"open","ping_status":"open","template":"","meta":{"footnotes":""},"class_list":["post-2828","page","type-page","status-publish","hentry"],"_links":{"self":[{"href":"https:\/\/www.countingedge.com\/sv\/wp-json\/wp\/v2\/pages\/2828","targetHints":{"allow":["GET"]}}],"collection":[{"href":"https:\/\/www.countingedge.com\/sv\/wp-json\/wp\/v2\/pages"}],"about":[{"href":"https:\/\/www.countingedge.com\/sv\/wp-json\/wp\/v2\/types\/page"}],"author":[{"embeddable":true,"href":"https:\/\/www.countingedge.com\/sv\/wp-json\/wp\/v2\/users\/1"}],"replies":[{"embeddable":true,"href":"https:\/\/www.countingedge.com\/sv\/wp-json\/wp\/v2\/comments?post=2828"}],"version-history":[{"count":0,"href":"https:\/\/www.countingedge.com\/sv\/wp-json\/wp\/v2\/pages\/2828\/revisions"}],"up":[{"embeddable":true,"href":"https:\/\/www.countingedge.com\/sv\/wp-json\/wp\/v2\/pages\/2816"}],"wp:attachment":[{"href":"https:\/\/www.countingedge.com\/sv\/wp-json\/wp\/v2\/media?parent=2828"}],"curies":[{"name":"wp","href":"https:\/\/api.w.org\/{rel}","templated":true}]}}