{"id":3561,"date":"2015-04-21T16:28:05","date_gmt":"2015-04-21T16:28:05","guid":{"rendered":"https:\/\/www.countingedge.com\/pt-pt\/jogadores-profissionais-de-blackjack\/ken-uston\/"},"modified":"2020-07-08T00:40:01","modified_gmt":"2020-07-08T00:40:01","slug":"ken-uston","status":"publish","type":"page","link":"https:\/\/www.countingedge.com\/pt-pt\/jogadores-profissionais-de-blackjack\/ken-uston\/","title":{"rendered":"Ken Uston (Author of &#8220;Million dollar blackjack&#8221;)"},"content":{"rendered":"<h2>Overview<\/h2>\n<h3>Overview<\/h3>\n<p><img decoding=\"async\" class=\"alignleft size-full \" src=\"https:\/\/www.countingedge.com\/wp-content\/uploads\/2015\/04\/ken-uston-blackjack.jpg\" alt=\"Ken Uston\" \/><\/p>\n<p>No que se refere \u00e0s lendas do <a href=\"https:\/\/www.countingedge.com\/pt-pt\/\">blackjack<\/a>, Ken Uston est\u00e1 em primeiro lugar, acima dos restantes. Enquanto muitos precederam Uston no desenvolvimento da contagem de cartas, Ken Uston foi o primeiro a aplicar os seus conhecimentos e t\u00e9cnicas para fazer milh\u00f5es nas mesas de blackjack. O seu conhecimento sobre a contagem de cartas e a sua vis\u00e3o incr\u00edvel no jogo de blackjack, continuam a influenciar jogadores de todos os n\u00edveis.<\/p>\n<p>O verdadeiro nome de Uston era Keneth Senzo Uzui. Ele tinha mistura de ra\u00e7as. A m\u00e3e de Uston era Austr\u00edaca e o seu pai era um homem de neg\u00f3cios Japon\u00eas. Uston era o mais velho dos tr\u00eas filhos do casal e altamente inteligente. O pai de Uston estabeleceu um padr\u00e3o intelectual elevado para os seus filhos, incentivando-os a aprenderem mais rapidamente do que as outras crian\u00e7as da sua idade.<\/p>\n<p>Resultado disto, foi a entrada de Uston em Yale com apenas 16 anos de idade. Este foi um grande passo, mas Uston foi mais al\u00e9m, tornando-se um membro da fraternidade Phi Betta Kappa e membro de honra da sociedade. Depois da sua passagem por Yale, Uston tirou um MBA em Harvard. Muitas poucas pessoas, jogadores de blackjack ou outros, se podem gabar de terem andado em duas escolas da Ivy League.<\/p>\n<div class=\"alert alert-info\"><img loading=\"lazy\" decoding=\"async\" class=\"alignnone\" src=\"https:\/\/www.countingedge.com\/wp-content\/uploads\/2020\/10\/betway-brazil-portugal.png\" alt=\"Melhor casino portugu\u00eas\" width=\"950\" height=\"417\" \/> <\/p>\n<div align=\"center\"><a class=\"btn btn-theme btn-lg\" href=\"https:\/\/www.countingedge.com\/recommends\/betway-pt-2\/\" target=\"_blank\" data-bgcolor=\"#CC3333\" data-bghovercolor=\"#242424\" data-txtcolor=\"#FFFFFF\" data-txthovercolor=\"#FFFFFF\" >\u2764 Visite Meu Cassino Favorito \u2764<\/a><\/div>\n<p> <\/div>\n<p>\u00c9 muito comum encontrar, este tipo de intelig\u00eancia e superioridade acad\u00e9mica,entre muitos especialistas de blackjack. Muitos deles demonstram uma espantosa aptid\u00e3o pelas matem\u00e1ticas. Uston n\u00e3o foi exce\u00e7\u00e3o. A sua experi\u00eancia universit\u00e1ria deu-lhe trabalho na ind\u00fastria telef\u00f3nica e como consultor altamente remunerado para diversas firmas. Recentemente, Uston tornou-se Vice-Presidente s\u00e9nior da Pacific Stock Exchange.<\/p>\n<p>Enquanto Uston construia o seu nome no mercado das a\u00e7\u00f5es, ele come\u00e7ou a ler o livro de Edward Thorp <em>Beat Yhe Dealer<\/em>. Lendo aos fins-de-semana, Uston convenceu-se que era poss\u00edvel ganhar grandes quantias, jogando blackjack. A sua afinidade com os n\u00fameros deu-lhe as bases que o tornariam num excelente contador de cartas, e n\u00e3o demorou muito tempo at\u00e9 Uston fazer viagens regulares de fim- de -semana a Las Vegas.<\/p>\n<p>Um encontro ocasional com o jogador profissional Al Francesco foi o momento chave para Ken Uston. Francesco tinha sido um dos primeiros jogadores de blackjack a explorar o conceito de equipa. Ele juntou jogadores especialistas que iriam atacar os casinos como um grupo. A marca da equipa de Francesco foi a inclus\u00e3o do \u201cBig Player\u201d.<\/p>\n<p>O Big Player era o membro da equipa encaminhado para as mesas quentes, para fazer as apostas mais elevadas N\u00e3o demorou muito at\u00e9 Uston assumir o papel do Big Player na equipa de Francesco, devido \u00e0s suas excelentes aptid\u00f5es para a contagem de cartas. As coisas corriam bem para a equipa de Francesco, at\u00e9 Uston publicar o seu primeiro livro, apropriadamente intitulado por <em>The Big Player<\/em>. Era comum os especialistas de blackjack escreverem livros sobre a contagem de cartas, mas Uston cometeu um erro grave. O seu livro identificava os membros da equipa de Francesco. Como consequ\u00eancia, a equipa de Francesco foi banida dos casinos de Las Vegas.<\/p>\n<p>Numa m\u00e1 jogada, Uston tinha morto o ganso de ouro. Separado de Francesco, e sem poder jogar blackjack, as suas aptid\u00f5es para a contagem das cartas de pouco serviram, at\u00e9 1978. Nesse ano o jogo de casino foi legalizado em Atlantic City, New jersey. Tinha-se aberto uma nova fronteira para os contadores de cartas e Ken Uston juntou-se ao \u00eaxodo de jogadores de blackjack que rumava a leste. Nesta altura, Uston constituiu a sua pr\u00f3pria equipa de contadores de cartas profissionais. Os homens rumaram a Atlantic City como uma rajada de vento e come\u00e7aram a colher lucros elevados<\/p>\n<p>Apesar de toda a sua aptid\u00e3o como contador de cartas, Uston teve um fraco desempenho na jun\u00e7\u00e3o dos esfor\u00e7os da sua equipa. Num curto espa\u00e7o de tempo foram apanhados e banidos dos casinos de Atlantic City. A resposta de Uston foi come\u00e7ar uma lenta batalha legal em que se tornou no primeiro contador de cartas a desafiar em tribunal, as a\u00e7\u00f5es dos casinos.<\/p>\n<p>Depois da Resorts International ter expulsado Uston e a sua equipa em 1979, Uston intentou uma a\u00e7\u00e3o em que defendia que a contagem de cartas era uma aptid\u00e3o e como tal os jogadores n\u00e3o deviam ser impedidos. Uston ganhou a acc\u00e3o, mas isto foi um sopro de vento. Apesar do facto dos casinos e Atlantic City, n\u00e3o poderem impedir os contadores de cartas, outras medidas foram tomadas para prevenir a contagem de cartas. As medidas Inclu\u00edam os baralhos m\u00faltiplos, as m\u00e1quinas autom\u00e1ticas de embaralhar e diversas altera\u00e7\u00f5es ao jogo.<\/p>\n<p>Uston \u00e9 conhecido como autor de muitos livros populares sobre o blackjack, incluindo o <em>Million Dollar Blackjack. <\/em><\/p>\n<p>No entanto, enquanto jogador, a sua carreira nunca recuperou e por v\u00e1rias vezes foi impedido de entrar. At\u00e9 foi for\u00e7ado a usar uma variedade de disfarces para poder entrar no casino, e com o surgir dos sistemas do reconhecimento facial, at\u00e9 isto falhou. Por fim, Uston rumou a Paris, Fran\u00e7a, onde morreu com a idade de 52 anos.<\/p>\n","protected":false},"excerpt":{"rendered":"<p>Overview Overview No que se refere \u00e0s lendas do blackjack, Ken Uston est\u00e1 em primeiro lugar, acima dos restantes. Enquanto muitos precederam Uston no desenvolvimento da contagem de cartas, Ken Uston foi o primeiro a aplicar os seus conhecimentos e t\u00e9cnicas para fazer milh\u00f5es nas mesas de blackjack. O seu conhecimento sobre a contagem de [&hellip;]<\/p>\n","protected":false},"author":1,"featured_media":0,"parent":3503,"menu_order":0,"comment_status":"open","ping_status":"open","template":"","meta":{"footnotes":""},"class_list":["post-3561","page","type-page","status-publish","hentry"],"_links":{"self":[{"href":"https:\/\/www.countingedge.com\/pt-pt\/wp-json\/wp\/v2\/pages\/3561","targetHints":{"allow":["GET"]}}],"collection":[{"href":"https:\/\/www.countingedge.com\/pt-pt\/wp-json\/wp\/v2\/pages"}],"about":[{"href":"https:\/\/www.countingedge.com\/pt-pt\/wp-json\/wp\/v2\/types\/page"}],"author":[{"embeddable":true,"href":"https:\/\/www.countingedge.com\/pt-pt\/wp-json\/wp\/v2\/users\/1"}],"replies":[{"embeddable":true,"href":"https:\/\/www.countingedge.com\/pt-pt\/wp-json\/wp\/v2\/comments?post=3561"}],"version-history":[{"count":0,"href":"https:\/\/www.countingedge.com\/pt-pt\/wp-json\/wp\/v2\/pages\/3561\/revisions"}],"up":[{"embeddable":true,"href":"https:\/\/www.countingedge.com\/pt-pt\/wp-json\/wp\/v2\/pages\/3503"}],"wp:attachment":[{"href":"https:\/\/www.countingedge.com\/pt-pt\/wp-json\/wp\/v2\/media?parent=3561"}],"curies":[{"name":"wp","href":"https:\/\/api.w.org\/{rel}","templated":true}]}}