{"id":3528,"date":"2015-04-24T14:55:08","date_gmt":"2015-04-24T14:55:08","guid":{"rendered":"https:\/\/www.countingedge.com\/pt-pt\/atlantic-city-blackjack\/"},"modified":"2020-07-08T00:43:21","modified_gmt":"2020-07-08T00:43:21","slug":"o-blackjack-em-atlantic-city","status":"publish","type":"page","link":"https:\/\/www.countingedge.com\/pt-pt\/o-blackjack-em-atlantic-city\/","title":{"rendered":"O Blackjack Em Atlantic City"},"content":{"rendered":"<h2>O Blackjack em Atlantic City \u00e9 o que est\u00e1 na moda no que&#8230;<\/h2>\n<p><a href=\"https:\/\/www.countingedge.com\/o-blackjack-em-atlantic-city\/\">O Blackjack em Atlantic City<\/a> \u00e9 o que est\u00e1 na moda no que respeita ao blackjack, pois tornou-se um dos locais preferidos para contadores de cartas experientes e jogadores de blackjack de todo o mundo. Os casinos s\u00e3o luxuriosos e espa\u00e7osos e oferecem algumas das melhores comodidades que se pode encontrar em qualquer local de jogo. Os jogadores qe gostam verdadeiramente de limites generosos nas mesas de blackjack apreciam muito o blackjack de Atlantic City.<\/p>\n<div class=\"alert alert-info\"><img loading=\"lazy\" decoding=\"async\" class=\"alignnone\" src=\"https:\/\/www.countingedge.com\/wp-content\/uploads\/2020\/10\/betway-brazil-portugal.png\" alt=\"Melhor casino portugu\u00eas\" width=\"950\" height=\"417\" \/> <\/p>\n<div align=\"center\"><a class=\"btn btn-theme btn-lg\" href=\"https:\/\/www.countingedge.com\/recommends\/betway-pt-2\/\" target=\"_blank\" data-bgcolor=\"#CC3333\" data-bghovercolor=\"#242424\" data-txtcolor=\"#FFFFFF\" data-txthovercolor=\"#FFFFFF\" >\u2764 Visite Meu Cassino Favorito \u2764<\/a><\/div>\n<p> <\/div>\n<h3>Onde As Areias Se Transformam Em Ouro<\/h3>\n<p>Bruce Springsteen, natural de New Jersey imortalizou o jogo de casino na sua popular can\u00e7\u00e3o \u201cAtlantic City\u201d, onde inseriu a frase \u201cOnde as areias se transformam em ouro\u201d.Voc\u00ea pode ver AQUI o v\u00eddeo da can\u00e7\u00e3o no Youtube. Contru\u00eddos mesmo em frente \u00e0 praia, desde o in\u00edcio que os casinos de Atlantic City estavam destinados a ser um destino popular.<\/p>\n<p>Em 1976,os habitantes de New Jersey votaram para permitir os casinos nos lim\u00edtrofes de Atlantic City. Uma medida semelhante para aprovar o jogo em todo o estado tinha sido anteriormente derrotada e a ei permitindo os casinos em Atlantic City foi aprovada por uma margem pequena.Foi aprovada, e em 26 de Maio de 1978 a Resorts International abriu o primeiro casino em Atlantic City.<\/p>\n<p>Nunca existiram d\u00favidas que o blackjack disponibilizado em Atlantic City viria a ser o jogo de cartas n\u00famero um. Os operadores do casino em Atlantic City sabiam como p\u00f4r em funcionamento um pit de blackjack, com sucesso.Muitos dos gerentes de pit e supervisores tinham aprendido o neg\u00f3cio em Las Vegas.Quando eles chegaram a Atlantic City, procuraram uma maneira de aumentar a vantagem da casa contra o jogador. Eles sabiam que o blackjack apresentava as melhores probabilidades do casino, para os jogadores e estavam determinados a subir o n\u00edvel do jogo. O modo como o fizeram, alterou literalmente o jogo do blackjack. <strong>O Blackjack De Atlantic City E O Soft 17 <\/strong><\/p>\n<p>Atlantic City foi uma das primeiras juridi\u00e7\u00f5es a alterar as regras do blackjack, obrigando o croupier a bater um soft 17. Durante anos, em Las Vegas eram obrigados e passar num total de 17\u2019s. Os patr\u00f5es em Atlantic City sabiam que estando o croupier a bater um soft 17, aumentava a sua vantagem, e esta regra tornou-se uma regra standard nos casinos de Atlantic City.<\/p>\n<p>Um soft 17 \u00e9 uma m\u00e3o de A-6. Quer isto dizer que n\u00e3o h\u00e1 cartas no baralho que fa\u00e7am com que o croupier rebente na pr\u00f3xima jogada. Com efeito, o croupier recebe uma carta gr\u00e1tis para tentarem e aumentarem a sua m\u00e3o, para poderem bater aqueles jogadores que t\u00eam maior do que 17.Esta uma desvantagem tremenda para o jogador.<\/p>\n<p>Apesar da vantagem reduzida do jogador criada por esta regra, muitos <a href=\"https:\/\/www.countingedge.com\/jogadores-profissionais-de-blackjack\/\">jogadores profissionais de blackjack<\/a> e contadores de cartas preferem jogar blackjack em Atlantic City. <strong>O Homem Do Blackjack De Seis Milh\u00f5es De D\u00f3lares <\/strong> Atlantic City foi falada em 2011, devido a Don Johnson, um jogador de blackjack altamente experiente que ganhou uns espantosos seis milh\u00f5es de d\u00f3lares no Casino Tropicana numa \u00fanica s\u00f3 sess\u00e3o. A vit\u00f3ria de Johnson \u00e9 conhecida como a maior vit\u00f3ria numa s\u00f3 sess\u00e3o na hist\u00f3ria de blackjack.<\/p>\n<p>Don Johnson construiu o seu nome enquanto jogador de blackjack, mas ningu\u00e9m tinha imaginado o que iria acontecer quando chegou ao Tropicana em Abril de 2011. Johnson entrou na \u00e1rea muito restrita e o gerente de pit aprovou o seu pedido para apostar 100,000$ por m\u00e3o.Nas 12 horas seguintes, Johnson dizimou o Tropicana em quase seis milh\u00f5es de d\u00f3lares. O supervisor que aprovou o seu limite de 100,000$ foi de seguida despedido.<\/p>\n<p>N\u00e3o demorou muito tempo at\u00e9 que os gerentes de pit suspeitassem que Don Johnson era um contador de cartas. Eles observaram-no durante a sess\u00e3o de 12 horas, mas n\u00e3o conseguiram achar qualquer evid\u00eancia de que ele era um contador de cartas. Isso n\u00e3o importava, pois no Estado de New Jersey, durante muito tempo, contar cartas n\u00e3o era ilegal, numa decis\u00e3o tomada pelo Supremo Tribunal do Estado. Johnson ganhou o dinheiro de forma justa e limpa, e o processo faz parte da hist\u00f3ria do blackjack de Atlantic City.<\/p>\n<h3>Os Melhores Casinos De Blackjack Em Atlantic City<\/h3>\n<p>Se est\u00e1 a planear uma viagem a Atlantic City, eis aqui um lista dos melhores casinos para o blackjack:<\/p>\n<ol>\n<li>O Casino Bally Claridge: (<a href=\"https:\/\/www.caesars.com\/ballys-ac\" rel=\"noopener noreferrer\">link<\/a>) Al\u00e9m da vantagem da casa ser baixa, o Claridge \u00e9 o \u00fanico casino, que \u00e0 data em que escrevemos, oferece uma ren\u00fancia o mais tarde poss\u00edvel na mesa de blackjack. Os jogadores espertos escolhem o Claridge.<\/li>\n<li>O Tropicana Casino; (<a href=\"http:\/\/tropicana.net\/\" rel=\"noopener noreferrer\">Link<\/a>) Desde que Don Johnson ganhou seis milh\u00f5es no Trpicana em 2011, a ac\u00e7\u00e3o no blackjack tem sido quente e pesada. O Tropicana oferece v\u00e1rias vers\u00f5es do jogo e limites nas mesas para acomodar todos os jogadores.<\/li>\n<li>Harrah Resort e Casino: (<a href=\"https:\/\/www.caesars.com\/atlantic-city\/hotels\/harrahs-resort\" rel=\"noopener noreferrer\">Link<\/a>) O Harrah tem sido o l\u00edder em blackjack durante muitos anos e o seu casino em Atlantic City segue orgulhosamente esta regra. No Harrah, os jogadores s\u00e3o tratados como realeza, atrav\u00e9s de uma programa de recompensas,que premeia os jogadores com amenidades para o jogo de blackjack.<\/li>\n<\/ol>\n<p>Estes tr\u00eas casinos s\u00e3o as melhores escolhas para aqueles que querem jogar blackjack em Atlantic City. Existem mais menos casinos do que podemos encontrar em Las Vegas, mas estes tr\u00eas oferecem muita ac\u00e7\u00e3o de blackjack para jogadores de todos os n\u00edveis.<\/p>\n","protected":false},"excerpt":{"rendered":"<p>O Blackjack em Atlantic City \u00e9 o que est\u00e1 na moda no que&#8230; O Blackjack em Atlantic City \u00e9 o que est\u00e1 na moda no que respeita ao blackjack, pois tornou-se um dos locais preferidos para contadores de cartas experientes e jogadores de blackjack de todo o mundo. Os casinos s\u00e3o luxuriosos e espa\u00e7osos e [&hellip;]<\/p>\n","protected":false},"author":1,"featured_media":0,"parent":0,"menu_order":0,"comment_status":"open","ping_status":"open","template":"","meta":{"footnotes":""},"class_list":["post-3528","page","type-page","status-publish","hentry"],"_links":{"self":[{"href":"https:\/\/www.countingedge.com\/pt-pt\/wp-json\/wp\/v2\/pages\/3528","targetHints":{"allow":["GET"]}}],"collection":[{"href":"https:\/\/www.countingedge.com\/pt-pt\/wp-json\/wp\/v2\/pages"}],"about":[{"href":"https:\/\/www.countingedge.com\/pt-pt\/wp-json\/wp\/v2\/types\/page"}],"author":[{"embeddable":true,"href":"https:\/\/www.countingedge.com\/pt-pt\/wp-json\/wp\/v2\/users\/1"}],"replies":[{"embeddable":true,"href":"https:\/\/www.countingedge.com\/pt-pt\/wp-json\/wp\/v2\/comments?post=3528"}],"version-history":[{"count":0,"href":"https:\/\/www.countingedge.com\/pt-pt\/wp-json\/wp\/v2\/pages\/3528\/revisions"}],"wp:attachment":[{"href":"https:\/\/www.countingedge.com\/pt-pt\/wp-json\/wp\/v2\/media?parent=3528"}],"curies":[{"name":"wp","href":"https:\/\/api.w.org\/{rel}","templated":true}]}}