{"id":4573,"date":"2017-05-24T05:07:58","date_gmt":"2017-05-24T05:07:58","guid":{"rendered":"https:\/\/www.countingedge.com\/?page_id=4573\/"},"modified":"2020-07-07T21:48:32","modified_gmt":"2020-07-07T21:48:32","slug":"le-compte-reel-au-blackjack","status":"publish","type":"page","link":"https:\/\/www.countingedge.com\/fr\/comptage-des-cartes\/le-compte-reel-au-blackjack\/","title":{"rendered":"Le compte r\u00e9el au blackjack"},"content":{"rendered":"<h2>Le compte r\u00e9el est tr\u00e8s important dans de nombreuses m\u00e9thodes&#8230;<\/h2>\n<p> Le compte r\u00e9el est tr\u00e8s important dans de nombreuses m\u00e9thodes de comptage des cartes parce que les strat\u00e9gies d\u00e9crites dans ces m\u00e9thodes ne pr\u00e9sentent que la moiti\u00e9 des choses. L&rsquo;autre moiti\u00e9, c&rsquo;est le compte r\u00e9el. Apprendre \u00e0 ma\u00eetriser le compte r\u00e9el vous donnera une meilleure id\u00e9e du nombre de cartes de valeur \u00e9lev\u00e9e restant dans le sabot. Par cons\u00e9quent, vous devrez \u00e9galement suivre le nombre de paquets de cartes dans le jeu. Par exemple, un compte courant de +10 est meilleur s&rsquo;il reste 2 paquets dans le sabot plut\u00f4t que s&rsquo;il reste 5 paquets. <strong>Comment d\u00e9terminer le compte r\u00e9el<\/strong> Trouver le compte r\u00e9el demande seulement quelques calculs basiques une fois que vous avez le compte courant et une id\u00e9e g\u00e9n\u00e9rale du nombre de jeux restant. Il faut diviser le compte courant par le nombre de paquets restant dans le jeu. Si vous avez +6 apr\u00e8s la premi\u00e8re \u00e9tape d&rsquo;un jeu qui compte 6 paquets de cartes, le compte courant est de + 1 puisqu&rsquo;il reste environ six jeux dans le sabot. Si vous avez + 6 et \u00eates \u00e0 la moiti\u00e9 du sabot, il restera 3 paquets et le compte courant sera de +2. <div class=\"alert alert-info\"><img loading=\"lazy\" decoding=\"async\" class=\"alignnone\" src=\"https:\/\/www.countingedge.com\/wp-content\/uploads\/2020\/10\/jackpotcity-fr.jpg\" alt=\"Meilleur casino fran\u00e7ais\" width=\"950\" height=\"417\" \/> <\/p>\n<div align=\"center\"><a class=\"btn btn-theme btn-lg\" href=\"https:\/\/www.countingedge.com\/recommends\/jackpotcity-fr\/\" target=\"_blank\" data-bgcolor=\"#CC3333\" data-bghovercolor=\"#242424\" data-txtcolor=\"#FFFFFF\" data-txthovercolor=\"#FFFFFF\" >\u2764 Visitez Mon Casino Pr\u00e9f\u00e9r\u00e9 \u2764<\/a><\/div>\n<p> <\/div> Il y a deux m\u00e9thodes qui permettent d&rsquo;\u00e9valuer le nombre de jeux restant dans le sabot. La plus simple est de faire une estimation. Avec un peu d&rsquo;entra\u00eenement ce n&rsquo;est pas si difficile. Regardez le sabot et \u00e9valuez le milieu de celui-ci pour estimer combien il reste de paquets. Dans un jeu \u00e0 6 paquets de cartes vous savez qu&rsquo;il y a trois jeux au-dessus et trois jeux au-dessous de la zone du milieu. Divisez ces parties en trois et cela vous donnera une bonne id\u00e9e de la place que prend un jeu dans le sabot. Rappelez-vous que cette estimation n&rsquo;a pas besoin d&rsquo;\u00eatre pr\u00e9cise. Soyez juste logique. L&rsquo;autre fa\u00e7on de faire est de compter le nombre de tours d\u00e9j\u00e0 jou\u00e9s. S&rsquo;il y a 6 joueurs et si chacun joue trois cartes par main, c&rsquo;est un 1\/3 du paquet. Le paquet de cartes sera jou\u00e9 en 3 tours. Cette m\u00e9thode demande un peu plus de calculs mais elle est utile quand le casino cache les paquets restants dans le sabot. <strong>Les avantages du compte r\u00e9el<\/strong> Plus le compte r\u00e9el est \u00e9lev\u00e9, plus l&rsquo;avantage du joueur est grand. Dans un jeu typique \u00e0 6 paquets, chaque point du compte r\u00e9el donne au joueur un avantage de 0,5%. Quand le croupier m\u00e9lange les cartes, le compte courant est \u00e0 0 et son avantage est d&rsquo;environ 0,5%. Lorsque le compte r\u00e9el est \u00e0 +1, vous avez m\u00eame les chances que le croupier. Lorsque le compte r\u00e9el augmente \u00e0 +2, vous avez gagn\u00e9 un avantage de 0,5%. La plupart des compteurs de cartes professionnels utilisent le compte r\u00e9el parce qu&rsquo;il donne une id\u00e9e plus pr\u00e9cise du jeu. La diff\u00e9rence entre les joueurs amateurs et ceux qui vivent du jeu, c&rsquo;est le compte r\u00e9el qui permet d&rsquo;augmenter le profit potentiel. Evidemment, le compte courant vous permettra de r\u00e9ussir \u00e0 la table de blackjack mais utiliser le compte r\u00e9el pourrait vous \u00e9lever au statut de professionnel l\u00e9gendaire. Si vous \u00eates \u00e0 la recherche d&rsquo;une strat\u00e9gie pour parier en utilisant le compte r\u00e9el essayez de suivre celle-ci: votre montant de base sera le minimum que vous voulez pariez. Par exemple si votre montant de base est de 5 $ et si le sabot vient d&rsquo;\u00eatre m\u00e9lang\u00e9, pariez 5$. Si le compte r\u00e9el est de +4, pariez 15$ <strong>Le compte r\u00e9el et la strat\u00e9gie de pari<\/strong> Il faut bien comprendre que le compte r\u00e9el n&rsquo;est pas une strat\u00e9gie de pari. C&rsquo;est une m\u00e9thode de comptage des cartes. On peut cependant \u00e9tablir quelques r\u00e8gles de paris d&rsquo;apr\u00e8s la valeur du compte: <ul class=\"bullets mline the-icons \"  style=\"color:#666\"><li ><i class=\"fa fa-check\" style=\"color:#D42013;\"><\/i>Compte r\u00e9el de +1 ou moins, pariez votre montant de base. <\/li><li ><i class=\"fa fa-check\" style=\"color:#D42013;\"><\/i>Compte r\u00e9el de +2 ou +3, pariez 2 fois votre montant de base. <\/li><li ><i class=\"fa fa-check\" style=\"color:#D42013;\"><\/i>Compte r??el de +4 ou +5, pariez 3 fois votre montant de base. <\/li><li ><i class=\"fa fa-check\" style=\"color:#D42013;\"><\/i>Compte r\u00e9el de +6 ou +7, pariez 4 fois votre montant de base.<\/li><li ><i class=\"fa fa-check\" style=\"color:#D42013;\"><\/i>Compte r\u00e9el de +8 ou plus, pariez 5 fois votre montant de base<\/li><\/ul> Il ne s&rsquo;agit que de suggestions et vous ne devez pas les suivre automatiquement. En tant que compteur de cartes vous devrez varier vos paris tr\u00e8s souvent pour \u00e9viter d&rsquo;\u00eatre d\u00e9tect\u00e9 quel que soit le compte courant. Les conseils ci-dessus marcheront tr\u00e8s bien pour un joueur de blackjack qui d\u00e9bute dans le comptage des cartes ou qui veut une m\u00e9thode simple \u00e0 utiliser. Ce dont il faut se souvenir c&rsquo;est que l&rsquo;objectif de n&rsquo;importe quelle m\u00e9thode de comptage est de vous signaler les moments favorables pour parier. <div class=\"alert alert-info\"><button type=\"button\" class=\"close\" data-dismiss=\"alert\" aria-hidden=\"true\">&times;<\/button>Le <a href=\"https:\/\/www.countingedge.com\">Blackjack<\/a> peut \u00eatre jou\u00e9 en ligne. Tout d&rsquo;abord, vous devez apprendre les <a href=\"https:\/\/www.countingedge.com\/fr\/apprenez-jouer-au-blackjack\/\">r\u00e8gles du blackjack<\/a> avant de r\u00e9clamer un <a href=\"https:\/\/www.countingedge.com\/fr\/les-bonus-au-blackjack\/\">bonus de casino<\/a> et de <a href=\"https:\/\/www.countingedge.com\/fr\/jouer-au-blackjack-pour-les-compensations-ou-pour-largent\/\">jouer au blackjack pour de l&rsquo;argent r\u00e9el<\/a>. Vous pouvez \u00e9galement consulter les <a href=\"https:\/\/www.countingedge.com\/fr\/parier-avec-des-bitcoins\/\">casinos Bitcoin<\/a>.<\/div> Apprenez \u00e0 utiliser le compte r\u00e9el et vous constaterez une augmentation significative de la pr\u00e9cision de vos comptes et cette pr\u00e9cision vous vaudra justement de belles r\u00e9compenses sonnantes et tr\u00e9buchantes.<\/p>\n","protected":false},"excerpt":{"rendered":"<p>Le compte r\u00e9el est tr\u00e8s important dans de nombreuses m\u00e9thodes&#8230; Le compte r\u00e9el est tr\u00e8s important dans de nombreuses m\u00e9thodes de comptage des cartes parce que les strat\u00e9gies d\u00e9crites dans ces m\u00e9thodes ne pr\u00e9sentent que la moiti\u00e9 des choses. L&rsquo;autre moiti\u00e9, c&rsquo;est le compte r\u00e9el. Apprendre \u00e0 ma\u00eetriser le compte r\u00e9el vous donnera une meilleure [&hellip;]<\/p>\n","protected":false},"author":1,"featured_media":0,"parent":4556,"menu_order":0,"comment_status":"open","ping_status":"open","template":"","meta":{"footnotes":""},"class_list":["post-4573","page","type-page","status-publish","hentry"],"_links":{"self":[{"href":"https:\/\/www.countingedge.com\/fr\/wp-json\/wp\/v2\/pages\/4573","targetHints":{"allow":["GET"]}}],"collection":[{"href":"https:\/\/www.countingedge.com\/fr\/wp-json\/wp\/v2\/pages"}],"about":[{"href":"https:\/\/www.countingedge.com\/fr\/wp-json\/wp\/v2\/types\/page"}],"author":[{"embeddable":true,"href":"https:\/\/www.countingedge.com\/fr\/wp-json\/wp\/v2\/users\/1"}],"replies":[{"embeddable":true,"href":"https:\/\/www.countingedge.com\/fr\/wp-json\/wp\/v2\/comments?post=4573"}],"version-history":[{"count":0,"href":"https:\/\/www.countingedge.com\/fr\/wp-json\/wp\/v2\/pages\/4573\/revisions"}],"up":[{"embeddable":true,"href":"https:\/\/www.countingedge.com\/fr\/wp-json\/wp\/v2\/pages\/4556"}],"wp:attachment":[{"href":"https:\/\/www.countingedge.com\/fr\/wp-json\/wp\/v2\/media?parent=4573"}],"curies":[{"name":"wp","href":"https:\/\/api.w.org\/{rel}","templated":true}]}}