{"id":3907,"date":"2015-04-22T20:58:23","date_gmt":"2015-04-22T20:58:23","guid":{"rendered":"https:\/\/www.countingedge.com\/es\/conteo-de-cartas\/true-count\/"},"modified":"2020-07-08T17:42:34","modified_gmt":"2020-07-08T17:42:34","slug":"conteo-real-true-count","status":"publish","type":"page","link":"https:\/\/www.countingedge.com\/es\/conteo-de-cartas\/conteo-real-true-count\/","title":{"rendered":"El Conteo Real en el Blackjack &#8211; True Count"},"content":{"rendered":"<h2>El conteo real es muy importante en muchos m\u00e9todos de conteo&#8230;<\/h2>\n<p>El conteo real es muy importante en muchos m\u00e9todos de conteo de cartas, aunque las estrategias de conteo que se describen en estos m\u00e9todos s\u00f3lo representen la mitad de la cuesti\u00f3n. La otra mitad es determinada por el conteo real. Aprender a hacer esto le dar\u00e1 una visi\u00f3n m\u00e1s precisa de cu\u00e1ntas cartas altas quedan en el zapato. Por lo tanto, tambi\u00e9n debe llevarse un registro de n\u00fameros de mazos que quedan en juego. Por ejemplo, un conteo actualizado de 10 es mucho mejor si quedan 2 mazos en vez de 5 en el zapato.<\/p>\n<h3>C\u00f3mo Determinar el Conteo Real<\/h3>\n<p>Averiguar el conteo real s\u00f3lo requiere conocimientos b\u00e1sicos de matem\u00e1ticas una vez se lleve el conteo actualizado y se tenga una idea general del n\u00famero de barajas restantes. Solamente tiene que dividir el conteo real por el n\u00famero de barajas que quedan en juego. Si usted tiene un +6 tras la primera ronda del juego en un zapato de 6 mazos, el conteo actualizado es +1, ya que todav\u00eda hay 6 barajas en juego. Si usted tiene un +6 cuando el zapato est\u00e1 a medio camino, entonces tendr\u00e1 3 mazos restantes y un +2 en el conteo actualizado.<\/p>\n<div class=\"alert alert-info\"><img loading=\"lazy\" decoding=\"async\" class=\"alignnone\" src=\"https:\/\/www.countingedge.com\/wp-content\/uploads\/2020\/10\/betway-features-es.gif\" alt=\"Mejor Casino Espa\u00f1ol\" width=\"950\" height=\"417\" \/> <\/p>\n<div align=\"center\"><a class=\"btn btn-theme btn-lg\" href=\"https:\/\/www.countingedge.com\/recommends\/betway-es\/\" target=\"_blank\" data-bgcolor=\"#CC3333\" data-bghovercolor=\"#242424\" data-txtcolor=\"#FFFFFF\" data-txthovercolor=\"#FFFFFF\" >\u2764 Visita Mi Casino Favorito \u2764<\/a><\/div>\n<p> <\/div>\n<p>Hay un par de maneras de averiguar el n\u00famero de barajas que quedan en el zapato. La forma m\u00e1s sencilla de hacerlo es mediante la estimaci\u00f3n de cu\u00e1ntas barajas quedan. Con un poco de pr\u00e1ctica, esto no es tan dif\u00edcil como parece. Comience mirando el zapato e identificando la mitad del mismo.<\/p>\n<p>Una vez hecho esto, podr\u00e1 estimar las barajas restantes f\u00e1cilmente. En un juego de seis mazos, sabr\u00e1 que hay tres mazos por encima del punto medio y tres mazos por debajo de ese punto. Tras ello, divida esas secciones en tercios y tendr\u00e1 una buena idea de cu\u00e1nto espacio ocupa una baraja en el zapato. Recuerde, no es necesario ser perfecto en su estimaci\u00f3n. Simplemente haga una buena y l\u00f3gica suposici\u00f3n.<\/p>\n<p>Otra forma de contar el n\u00famero de barajas jugadas es considerar el n\u00famero de rondas jugadas. Si hay 6 jugadores y cada uno juega alrededor de 3 cartas por mano, eso supone un 1\/3 de una baraja. Tres rondas de juego igualar\u00edan a todo el mazo. Este m\u00e9todo requiere un poco m\u00e1s de matem\u00e1ticas, porque a veces los casinos hacen un buen trabajo \u00abescondiendo\u201d las barajas restantes.<\/p>\n<h3>Ventajas del Conteo Real<\/h3>\n<p>Cuanto mayor sea el conteo real, mayor es la ventaja para el jugador. En un t\u00edpico zapato de 6 mazos, cada punto adicional derivado de un conteo real ofrece al jugador una ventaja de 0,5 %. Cuando se baraja el zapato, el conteo actualizado es 0 y la ventaja de la banca es aproximadamente de 0,5 %. Cuando el conteo real es de +1, el juego estar\u00e1 a la par con el crupier. Cuando el conteo real aumenta otro punto hasta +2, el jugador ha ganado una ventaja de 0,5 %.<\/p>\n<p>Casi cada contador de cartas profesional utiliza el conteo real, porque ofrece una interpretaci\u00f3n m\u00e1s exacta de la baraja. La diferencia entre los contadores de cartas aficionados y los que lo hacen para ganarse la vida radica en el conteo real. En general, el potencial de ganancias aumenta cuando se utiliza esta t\u00e9cnica. Un conteo actualizado le seguir\u00e1 permitiendo tener \u00e9xito en una mesa de blackjack, pero utilizar un conteo real le puede elevar a la categor\u00eda de profesional e incluso de leyenda.<\/p>\n<p>Si busca una estrategia de apuestas para utilizar con un conteo real, pruebe la siguiente. Su base ser\u00e1 la cantidad m\u00ednima que desee apostar. Por ejemplo, si su cantidad base es de $5 y el zapato acaba de ser barajado, apueste $5. Si el conteo real es de +4, apueste $15.<\/p>\n<p><strong>Estrategia de Apuestas con Conteo Real en el Blackjack <\/strong><\/p>\n<p>Debemos dejar claro que el conteo real NO es un m\u00e9todo de apuestas. Es un m\u00e9todo de conteo de cartas. No obstante, se puede establecer un gu\u00eda general de apuestas a realizar basada en el valor del conteo:<\/p>\n<ul class=\"bullets mline the-icons \"  style=\"color:#666\"><li ><i class=\"fa fa-check\" style=\"color:#D42013;\"><\/i>Si el conteo real es +1 o inferior, apueste su cantidad base.<\/li><li ><i class=\"fa fa-check\" style=\"color:#D42013;\"><\/i>Si el conteo real es +2 \u00f3 +3, apueste 2 veces su unidad base.<\/li><li ><i class=\"fa fa-check\" style=\"color:#D42013;\"><\/i>Si el conteo real es +4 \u00f3 +5, apueste 3 veces su unidad base.<\/li><li ><i class=\"fa fa-check\" style=\"color:#D42013;\"><\/i>Si el conteo real es +6 \u00f3 +7, apueste 4 veces su unidad base.<\/li><li ><i class=\"fa fa-check\" style=\"color:#D42013;\"><\/i>Si el conteo real es +8 o superior, apueste 5 veces su unidad base.<\/li><\/ul>\n<p>Estas son s\u00f3lo sugerencias que no se deben seguir de manera autom\u00e1tica. Como contador de cartas tendr\u00e1 que variar su apuesta muy a menudo, sin importar cu\u00e1l es el conteo, para evitar ser identificado. Por supuesto, las pautas anteriores funcionar\u00e1n perfectamente para un jugador de blackjack principiante o para alguien que s\u00f3lo desee utilizar un enfoque sencillo. Lo importante es recordar que el prop\u00f3sito de cualquier m\u00e9todo de conteo de cartas es alertarle de situaciones favorables para apostar.<\/p>\n<div class=\"alert alert-info\"><button type=\"button\" class=\"close\" data-dismiss=\"alert\" aria-hidden=\"true\">&times;<\/button>Hoy en d\u00eda se puede <a href=\"https:\/\/www.countingedge.com\/es\/apostar-con-bitcoin\/\">apostar con Bitcoin<\/a> y aparte el casino <a href=\"https:\/\/www.countingedge.com\/es\/bonificaciones-en-el-blackjack\/\">bonifica con un bono de bienvenida grande<\/a>. El <a href=\"https:\/\/www.countingedge.com\/es\/el-blackjack-online\/\">blackjack online<\/a>, es una manera muy c\u00f3modo de jugar <a href=\"https:\/\/www.countingedge.com\/es\/\">blackjack<\/a> y hemos elaborado el mejor <a href=\"https:\/\/www.countingedge.com\/es\/sistema-blackjack\/\">sistema de blackjack<\/a> totalmente gratis!<\/div>\n<p>Aprenda a utilizar un conteo real y notar\u00e1 un aumento significativo de la precisi\u00f3n de su conteo en el blackjack presencial. Ese aumento de precisi\u00f3n le aportar\u00e1 grandes recompensas.<\/p>\n","protected":false},"excerpt":{"rendered":"<p>El conteo real es muy importante en muchos m\u00e9todos de conteo&#8230; El conteo real es muy importante en muchos m\u00e9todos de conteo de cartas, aunque las estrategias de conteo que se describen en estos m\u00e9todos s\u00f3lo representen la mitad de la cuesti\u00f3n. La otra mitad es determinada por el conteo real. Aprender a hacer esto [&hellip;]<\/p>\n","protected":false},"author":1,"featured_media":0,"parent":3882,"menu_order":0,"comment_status":"open","ping_status":"open","template":"","meta":{"footnotes":""},"class_list":["post-3907","page","type-page","status-publish","hentry"],"_links":{"self":[{"href":"https:\/\/www.countingedge.com\/es\/wp-json\/wp\/v2\/pages\/3907","targetHints":{"allow":["GET"]}}],"collection":[{"href":"https:\/\/www.countingedge.com\/es\/wp-json\/wp\/v2\/pages"}],"about":[{"href":"https:\/\/www.countingedge.com\/es\/wp-json\/wp\/v2\/types\/page"}],"author":[{"embeddable":true,"href":"https:\/\/www.countingedge.com\/es\/wp-json\/wp\/v2\/users\/1"}],"replies":[{"embeddable":true,"href":"https:\/\/www.countingedge.com\/es\/wp-json\/wp\/v2\/comments?post=3907"}],"version-history":[{"count":0,"href":"https:\/\/www.countingedge.com\/es\/wp-json\/wp\/v2\/pages\/3907\/revisions"}],"up":[{"embeddable":true,"href":"https:\/\/www.countingedge.com\/es\/wp-json\/wp\/v2\/pages\/3882"}],"wp:attachment":[{"href":"https:\/\/www.countingedge.com\/es\/wp-json\/wp\/v2\/media?parent=3907"}],"curies":[{"name":"wp","href":"https:\/\/api.w.org\/{rel}","templated":true}]}}