{"id":3897,"date":"2015-04-22T04:11:09","date_gmt":"2015-04-22T04:11:09","guid":{"rendered":"https:\/\/www.countingedge.com\/es\/conteo-de-cartas\/kiss-2\/"},"modified":"2020-07-08T19:44:02","modified_gmt":"2020-07-08T19:44:02","slug":"kiss-2","status":"publish","type":"page","link":"https:\/\/www.countingedge.com\/es\/conteo-de-cartas\/kiss-2\/","title":{"rendered":"El M\u00e9todo KISS II de Conteo de Cartas en Blackjack"},"content":{"rendered":"<h2>Fred Renzey ten\u00eda una filosof\u00eda bastante b\u00e1sica en mente&#8230;<\/h2>\n<p><img decoding=\"async\" class=\"alignleft size-medium\" src=\"https:\/\/www.countingedge.com\/wp-content\/uploads\/2014\/01\/cardcouning-fingers-300x232.png\" alt=\"counting cards\" \/>Fred Renzey ten\u00eda una filosof\u00eda bastante b\u00e1sica en mente cuando cre\u00f3 el conteo de cartas KISS II, un m\u00e9todo de conteo breve y sencillo. Renzey public\u00f3 el m\u00e9todo KISS II en su libro \u201cBlackjack Bluebook II\u201d. Renzey public\u00f3 una versi\u00f3n ampliada de este libro de blackjack en 2006, lo cual significa que sigue actualizando y mejorando su m\u00e9todo KISS II. Fred Renzey es conocido en el mundo de juego como un experto en blackjack y otros juegos de cartas, lo cual otorga mucha credibilidad a su m\u00e9todo KISS II.<\/p>\n<p>A los contadores de cartas principiantes les va a encantar el m\u00e9todo KISS II. Como su nombre indica, este m\u00e9todo hace todo lo posible para simplificar el proceso del conteo de cartas. A pesar de ser muy f\u00e1cil de aprender y utilizar en un juego de blackjack presencial, el KISS II es todav\u00eda lo suficientemente potente como para dar al jugador una ventaja a\u00f1adida de +0,64% sobre la casa.<\/p>\n<h2>Lo Que Necesita Saber sobre el M\u00e9todo de Conteo de Cartas KISS II <\/h2>\n<p>Lo primero que se debe entender sobre el KISS II es que se adhiere a los fundamentos b\u00e1sicos del conteo de cartas. El objetivo del m\u00e9todo es ayudar al jugador a desarrollar un conteo que identifique cuando la baraja se ha vuelto favorable. Cuando el conteo alcanza un alto nivel, como +3,+4,+5, las oportunidades de ganancias en el blackjack se disparan y se deben aumentar las apuestas. Si ese conteo cae por debajo de cero hasta un rango negativo, tenga cuidado.<\/p>\n<div class=\"alert alert-info\"><img loading=\"lazy\" decoding=\"async\" class=\"alignnone\" src=\"https:\/\/www.countingedge.com\/wp-content\/uploads\/2020\/10\/betway-features-es.gif\" alt=\"Mejor Casino Espa\u00f1ol\" width=\"950\" height=\"417\" \/> <\/p>\n<div align=\"center\"><a class=\"btn btn-theme btn-lg\" href=\"https:\/\/www.countingedge.com\/recommends\/betway-es\/\" target=\"_blank\" data-bgcolor=\"#CC3333\" data-bghovercolor=\"#242424\" data-txtcolor=\"#FFFFFF\" data-txthovercolor=\"#FFFFFF\" >\u2764 Visita Mi Casino Favorito \u2764<\/a><\/div>\n<p> <\/div>\n<p>Tal vez sea el momento de visitar el restaurante y tomarse un descanso. En segundo lugar, el m\u00e9todo de conteo de cartas KISS II es lo que se conoce como un sistema desequilibrado. Esto sencillamente significa que si todas las cartas se repartieran desde el zapato, su conteo final no necesariamente ser\u00eda cero. \u00bfPor qu\u00e9 ocurre esto? Porque el conteo inicial no comienza en cero. Hay diferentes teor\u00edas acerca de d\u00f3nde empezar a contar.<\/p>\n<div class=\"alert alert-info\"><button type=\"button\" class=\"close\" data-dismiss=\"alert\" aria-hidden=\"true\">&times;<\/button>Hoy en d\u00eda se puede <a href=\"https:\/\/www.countingedge.com\/es\/apostar-con-bitcoin\/\">apostar con Bitcoin<\/a> y aparte el casino <a href=\"https:\/\/www.countingedge.com\/es\/bonificaciones-en-el-blackjack\/\">bonifica con un bono de bienvenida grande<\/a>. El <a href=\"https:\/\/www.countingedge.com\/es\/el-blackjack-online\/\">blackjack online<\/a>, es una manera muy c\u00f3modo de jugar <a href=\"https:\/\/www.countingedge.com\/es\/\">blackjack<\/a> y hemos elaborado el mejor <a href=\"https:\/\/www.countingedge.com\/es\/sistema-blackjack\/\">sistema de blackjack<\/a> totalmente gratis!<\/div>\n<p>\u00a1Algunos defensores del KISS II sugieren que se empiece a contar un nuevo zapato a -12! Mientras que nosotros no ir\u00edamos tan lejos y colocar\u00edamos el punto de partida en un conteo negativo en vez de en 0, porque as\u00ed puede estar absolutamente seguro de que la baraja le ser\u00e1 favorable en cuanto cruce al terreno positivo y podr\u00e1 ganar dinero jugando al blackjack.<\/p>\n<p>Otra cosa que hay que saber sobre el m\u00e9todo KISS II es que se trata de un conteo que tiene en cuenta los palos de la baraja. A las parejas se les asigna valores diferentes en funci\u00f3n del palo. Esto a\u00f1ade una peque\u00f1a cantidad de dificultad al m\u00e9todo y muchos jugadores evitan conteos que tengan en cuenta el palo de la baraja<strong>.<\/strong><\/p>\n<p><strong>El Valor de las Cartas en el KISS II <\/strong> A continuaci\u00f3n se muestran los valores num\u00e9ricos asignados a las cartas en el KISS II: Valor de las Cartas \n<table id=\"tablepress-6\" class=\"tablepress tablepress-id-6\">\n<thead>\n<tr class=\"row-1\">\n\t<th class=\"column-1\">Red 2<\/th><th class=\"column-2\">Black 2<\/th><th class=\"column-3\">3<\/th><th class=\"column-4\">4<\/th><th class=\"column-5\">5<\/th><th class=\"column-6\">6<\/th><th class=\"column-7\">7<\/th><th class=\"column-8\">8<\/th><th class=\"column-9\">9<\/th><th class=\"column-10\">10<\/th><th class=\"column-11\">J<\/th><th class=\"column-12\">Q<\/th><th class=\"column-13\">K<\/th><th class=\"column-14\">A<\/th>\n<\/tr>\n<\/thead>\n<tbody class=\"row-striping row-hover\">\n<tr class=\"row-2\">\n\t<td class=\"column-1\">0<\/td><td class=\"column-2\">+1<\/td><td class=\"column-3\">+1<\/td><td class=\"column-4\">+1<\/td><td class=\"column-5\">+1<\/td><td class=\"column-6\">+1<\/td><td class=\"column-7\">0<\/td><td class=\"column-8\">0<\/td><td class=\"column-9\">0<\/td><td class=\"column-10\">-1<\/td><td class=\"column-11\">-1<\/td><td class=\"column-12\">-1<\/td><td class=\"column-13\">-1<\/td><td class=\"column-14\">0<\/td>\n<\/tr>\n<\/tbody>\n<\/table>\n<!-- #tablepress-6 from cache -->\n<p>Hay dos cosas importantes a tener en cuenta cuando se trata de los valores de las cartas. En primer lugar, como hemos dicho anteriormente, a las parejas se les otorga valores diferentes en funci\u00f3n de su palo. Hay una constante, y esa es el debate abierto en el mundo del blackjack sobre los pros y los contras de un conteo que tenga en cuenta los palos. En \u00faltima instancia, el jugador tiene que decidir si se siente c\u00f3modo con el m\u00e9todo.<\/p>\n<p>En segundo lugar, se dar\u00e1 cuenta de que el m\u00e9todo KISS II se simplifica en gran medida al permitir que un jugador elimine el 50% de las cartas del conteo. Esto se debe al hecho de que cuatro de las cartas se valoran con un 1 y otras cuatro se valoran con un -1. Esto significa que las cartas se anulan entre s\u00ed. Contar cartas con el KISS II en el juego presencial es mucho m\u00e1s f\u00e1cil porque hay menos cartas a seguir y agregar al conteo.<\/p>\n<p>En el m\u00e9todo KISS II no hay necesidad de mantener un conteo separado de los ases en juego. S\u00f3lo tiene que contar los ases como 0 en el conteo.<\/p>\n<h3>Resumiendo el Kiss II<\/h3>\n<p>Para los principiantes, <em>Counting Edge<\/em> cree que el m\u00e9todo KISS II supone una gran introducci\u00f3n en el conteo de cartas para aquellos principiantes. Es f\u00e1cil de aprender y sencillo de ejecutar en una mesa de blackjack. Ser\u00e1 ventajoso para el jugador practicar el KISS II en la intimidad de su propio hogar antes de intentar ponerlo en pr\u00e1ctica en un casino.<\/p>\n<p>El \u00fanico punto de dificultad del KISS II implica el conteo variable dependiendo del palo de las parejas. Cabe se\u00f1alar que el KISS II funcionar\u00e1 sin la asignaci\u00f3n de valores diferentes a parejas rojas y negras, pero eso reducir\u00eda la eficacia global del m\u00e9todo.<\/p>\n","protected":false},"excerpt":{"rendered":"<p>Fred Renzey ten\u00eda una filosof\u00eda bastante b\u00e1sica en mente&#8230; Fred Renzey ten\u00eda una filosof\u00eda bastante b\u00e1sica en mente cuando cre\u00f3 el conteo de cartas KISS II, un m\u00e9todo de conteo breve y sencillo. Renzey public\u00f3 el m\u00e9todo KISS II en su libro \u201cBlackjack Bluebook II\u201d. Renzey public\u00f3 una versi\u00f3n ampliada de este libro de blackjack [&hellip;]<\/p>\n","protected":false},"author":1,"featured_media":0,"parent":3882,"menu_order":0,"comment_status":"open","ping_status":"open","template":"","meta":{"footnotes":""},"class_list":["post-3897","page","type-page","status-publish","hentry"],"_links":{"self":[{"href":"https:\/\/www.countingedge.com\/es\/wp-json\/wp\/v2\/pages\/3897","targetHints":{"allow":["GET"]}}],"collection":[{"href":"https:\/\/www.countingedge.com\/es\/wp-json\/wp\/v2\/pages"}],"about":[{"href":"https:\/\/www.countingedge.com\/es\/wp-json\/wp\/v2\/types\/page"}],"author":[{"embeddable":true,"href":"https:\/\/www.countingedge.com\/es\/wp-json\/wp\/v2\/users\/1"}],"replies":[{"embeddable":true,"href":"https:\/\/www.countingedge.com\/es\/wp-json\/wp\/v2\/comments?post=3897"}],"version-history":[{"count":0,"href":"https:\/\/www.countingedge.com\/es\/wp-json\/wp\/v2\/pages\/3897\/revisions"}],"up":[{"embeddable":true,"href":"https:\/\/www.countingedge.com\/es\/wp-json\/wp\/v2\/pages\/3882"}],"wp:attachment":[{"href":"https:\/\/www.countingedge.com\/es\/wp-json\/wp\/v2\/media?parent=3897"}],"curies":[{"name":"wp","href":"https:\/\/api.w.org\/{rel}","templated":true}]}}