{"id":3735,"date":"2015-04-23T21:01:59","date_gmt":"2015-04-23T21:01:59","guid":{"rendered":"https:\/\/www.countingedge.com\/es\/how-do-casinos-stop-card-counting\/"},"modified":"2020-07-08T17:42:00","modified_gmt":"2020-07-08T17:42:00","slug":"como-los-casinos-intentan-detener-a-un-contador-de-cartas","status":"publish","type":"page","link":"https:\/\/www.countingedge.com\/es\/como-los-casinos-intentan-detener-a-un-contador-de-cartas\/","title":{"rendered":"C\u00f3mo Los Casinos Intentan Detener A Un Contador De Cartas"},"content":{"rendered":"<h2>Overview<\/h2>\n<h3>Overview<\/h3>\n<p><img decoding=\"async\" class=\"alignleft size-medium\" src=\"https:\/\/www.countingedge.com\/wp-content\/uploads\/2014\/01\/cardcouning-fingers-300x232.png\" alt=\"counting cards\" \/> Mientras que la legalidad del conteo de cartas es todav\u00eda algo muy debatido, siendo llevada una y otra vez ante los tribunales de justicia, el hecho es que los casinos consideran el conteo de cartas como un tab\u00fa. Los casinos no ser\u00e1n capaces de condenar a un contador de cartas, pero pueden y van a hacerle la vida muy dif\u00edcil a un jugador de blackjack al que descubran contando cartas.<\/p>\n<p>En los viejos tiempos de los juegos de azar en casinos, especialmente en el entorno del lejano oeste de Las Vegas, los contadores de cartas eran tratados con dureza. Cuando alguien era descubierto contando en una mesa de blackjack, la justicia del casino era r\u00e1pida y brutal. Abundan historias de contadores de cartas maltratados f\u00edsicamente por pesos pesados del casino de Las Vegas y abandonados a su merced a las afueras de la ciudad.<\/p>\n<p>Este tipo de comportamiento continu\u00f3 hasta principios de la d\u00e9cada de los ochenta cuando, finalmente, la mafia de Las Vegas fue reemplazada por un ambiente m\u00e1s amistoso. Las nuevas empresas del juego que operan en Las Vegas, y otras zonas donde el juego es legal, ya no siguen las t\u00e1cticas de mano dura de sus antepasados. En vez de ello, tan s\u00f3lo proh\u00edben la entrada en el casino a los contadores de cartas.<\/p>\n<div class=\"alert alert-info\"><img loading=\"lazy\" decoding=\"async\" class=\"alignnone\" src=\"https:\/\/www.countingedge.com\/wp-content\/uploads\/2020\/10\/betway-features-es.gif\" alt=\"Mejor Casino Espa\u00f1ol\" width=\"950\" height=\"417\" \/> <\/p>\n<div align=\"center\"><a class=\"btn btn-theme btn-lg\" href=\"https:\/\/www.countingedge.com\/recommends\/betway-es\/\" target=\"_blank\" data-bgcolor=\"#CC3333\" data-bghovercolor=\"#242424\" data-txtcolor=\"#FFFFFF\" data-txthovercolor=\"#FFFFFF\" >\u2764 Visita Mi Casino Favorito \u2764<\/a><\/div>\n<p> <\/div>\n<p>El motivo por el cual el casino puede prohibir la entrada es porque los casinos son considerados propiedades privadas y legalmente equiparados a clubs privados. Cuando usted supera la barrera de seguridad de las puertas del casino, acepta cumplir las normas establecidas por la compa\u00f1\u00eda de juegos que gestiona dicho casino. Mientras est\u00e9 jugando en el casino, se le considerar\u00e1 un \u00abmiembro \u00bb del club, con todos los beneficios y privilegios que esta pertenencia proporciona. Si rompe estas normas contando cartas, el casino puede retirarle el acceso y echarle.<\/p>\n<p>Los casinos saben que algunos jugadores cuentan cartas. Y saben que no pueden detenerlos. Por ello, centran sus esfuerzos en intentar solucionarlo con m\u00e9todos benignos antes de utilizar mano dura y echar a alguien. Como contador de cartas, necesitar\u00e1 reconocer los m\u00e9todos utilizados por el casino para disuadir a los contadores.<\/p>\n<h3>El \u201cojo Del Cielo\u201d<\/h3>\n<p>La pr\u00f3xima vez que juegue al blackjack en un casino, det\u00e9ngase un momento y mire hacia arriba. \u00a1En vez de contar las cartas, intente contar el n\u00famero de c\u00e1maras de vigilancia! Esas c\u00e1maras, y muchas m\u00e1s que hay en el casino, son la primera l\u00ednea de defensa del casino cuando se trata de identificar a los contadores de cartas.<\/p>\n<p>Las im\u00e1genes de todas las c\u00e1maras llegan a una habitaci\u00f3n del casino repleta de monitores de circuito cerrado y chicos con trajes oscuros. Estos tipos son los empleados del casino que usted no ver\u00e1 o, al menos, desear\u00e1 no ver nunca. Si alguna vez se topa con uno de ellos en persona, lo m\u00e1s probable es que usted no regrese a ese casino en mucho tiempo.<\/p>\n<p>El personal de seguridad en la sala de las c\u00e1maras est\u00e1 bien entrenado para detener tramposos. Ellos saben lo que deben buscar y las c\u00e1maras son tan avanzadas que pueden leer hasta el color de sus ojos. Estos hombres y mujeres estudian las c\u00e1maras en busca de signos de actividad de conteo de cartas.<\/p>\n<p>Cuando observan a alguien que ellos creen que est\u00e1 contando cartas, levantan un tel\u00e9fono y alertan al supervisor de sala de blackjack. En ese momento, el jefe de sector o supervisor de turno comenzar\u00e1n a implementar una serie de mensajes dise\u00f1ados para conseguir que el contador de cartas se aleje de la mesa con un beneficio m\u00ednimo. El casino es inteligente. Y el personal sabe que montar una escena en el casino es contraproducente.<\/p>\n<h3>Obsequiar Al Contador De Cartas<\/h3>\n<p>Muy a menudo, la primera medida tomada por el casino ser\u00e1 ofrecer al sospechoso de contar cartas lo que se conoce como un obsequio. Este obsequio consiste en un vale para una comida gratis o incluso una habitaci\u00f3n gratis en el hotel del casino. En muchas ocasiones, este m\u00e9todo es muy efectivo para detener a un contador de cartas.<\/p>\n<p>El jefe de la sala se acercar\u00e1 a la mesa y entablar\u00e1 una agradable conversaci\u00f3n con usted. Le hablar\u00e1 sobre la buena racha que est\u00e1 teniendo. Tras unos minutos, el jefe de sala le ofrecer\u00e1 al contador una comida gratis en el buffet o una habitaci\u00f3n para pasar la noche. En muchos casos, el contador de cartas aceptar\u00e1 esta oferta y decidir\u00e1 sacar provecho con un buen beneficio para luego subir a descansar o pasar por el restaurante y disfrutar de una buena comida.<\/p>\n<p>\u00bfPor qu\u00e9 el casino est\u00e1 dispuesto a ofrecerle cosas gratis a contadores de cartas? La respuesta es sencilla. Para alejarlos de la mesa utilizando cualquier medio necesario. El casino entiende que cuando el contador vuelva tendr\u00e1n que empezar a contar de nuevo y encontrar otra mesa que est\u00e9 \u00abcaliente\u00bb. Si se trata de un fin de semana, puede ser que no encuentre una mesa disponible a su regreso. En realidad eso no importa.<\/p>\n<p>Lo \u00fanico que le importa al casino es alejar al contador de cartas de ese asiento. A los casinos les encanta ofrecer una noche de habitaci\u00f3n gratis a los contadores de cartas porque saben que muchos jugadores de blackjack, tarde o temprano ceder\u00e1n al impulso de jugar. Est\u00e1n contando con que usted pierda todas sus ganancias obtenidas en el blackjack en una mesa de dados o en una m\u00e1quina tragaperras.<\/p>\n<h3>Cambiar Al Crupier<\/h3>\n<p>Cambiar al crupier es otro de los m\u00e9todos preferidos del casino para detener el conteo de cartas. En medio de una baraja caliente, el jefe de sala cambiar\u00e1 al crupier y le pedir\u00e1 que vaya a otra mesa. Por lo general, el nuevo crupier es uno con m\u00e1s experiencia en ese tipo de situaciones. Y se apresurar\u00e1 a interrumpir el conteo.<\/p>\n<p>\u00bfPor qu\u00e9 cambiar al crupier marca la diferencia? Se trata de un factor psicol\u00f3gico. Todos los jugadores son, por naturaleza, criaturas supersticiosas. Sus subconscientes creen que un nuevo crupier influenciar\u00e1 el juego para peor. Nada podr\u00eda estar m\u00e1s lejos de la realidad, pero es una t\u00e9cnica eficaz que ha dejado a m\u00e1s de un contador de cartas fuera de \u00f3rbita.<\/p>\n<h3>Barajar A Mitad Del Zapato<\/h3>\n<p>En un juego de blackjack con m\u00faltiples mazos, el crupier no tiene control sobre las barajas cuando \u00e9stas se vuelven a barajar. Despu\u00e9s de cortar las cartas, una carta amarilla es insertada cerca de la cuarta parte inferior del mazo. Cuando esta carta sale del zapato, el crupier sabe que es hora de barajar las cartas.<\/p>\n<p>Si un casino teme que alguien est\u00e9 contando las cartas, puede pedir que se baraje el mazo. El jefe de sala vendr\u00e1 a la mesa y le pedir\u00e1 al crupier que baraje una vez la mano haya finalizado. Por supuesto, un nuevo mazo barajado fuerza al jugador a comenzar el conteo otra vez. Los dos primeros m\u00e9todos que hemos mencionado son muy sutiles.<\/p>\n<p>Si un jefe de \u00e1rea solicita un barajeo forzoso en medio de un juego de blackjack, las cosas se est\u00e1n poniendo serias. Esto significa que el casino est\u00e1 convencido de que alguien en la mesa de blackjack est\u00e1 contando cartas.<\/p>\n<h3>Subir El M\u00ednimo De La Mesa<\/h3>\n<p>Una \u00faltima medida tomada por muchos casinos antes de aplicar mano dura es elevar el m\u00ednimo de la mesa. Cada mesa de blackjack tiene una apuesta m\u00ednima que se publica en un panel colocado sobre la mesa. Los jugadores deben cubrir la apuesta m\u00ednima en cada mano. Supongamos, por ejemplo, que un contador de cartas est\u00e1 jugando en una mesa de $10 cuando, de repente, el jefe de sala se acerca y cambia el panel de apuestas que est\u00e1 sobre la mesa.<\/p>\n<p>Con este sencillo gesto, la apuesta m\u00ednima se ha incrementado a $50 por mano. Sorprendido, el contador de cartas mira toda la zona de blackjack en busca de un asiento libre en otra mesa de $10, pero todos est\u00e1n ocupados.<\/p>\n<p>El casino sabe que incluso los contadores de cartas tienen un l\u00edmite de apuestas que le saca de sus zonas de confort personal. Psicol\u00f3gicamente, algunos apostadores no pueden superar una cierta cantidad en cada apuesta sin sentirse inc\u00f3modos. Cuando el m\u00ednimo de la mesa sube sin previo aviso, una persona as\u00ed buscar\u00e1 otra mesa, cambiar\u00e1 sus fichas por dinero en efectivo o comenzar a apostar de manera muy conservadora. Las tres opciones son perfectamente aceptables para el casino.<\/p>\n<p><strong>Cuando Todo Lo Dem\u00e1s No Funciona, Aplicar Mano Dura <\/strong><\/p>\n<p>El casino emplear\u00e1 todos los m\u00e9todos anteriormente mencionados en un intento por detener a los contadores de cartas. En la mayor\u00eda de los casos, estos m\u00e9todos son muy eficaces. A veces, sin embargo, la gente tiene que aprender por las malas. Si todos estos m\u00e9todos preliminares fallan, el contador de cartas podr\u00e1 ser invitado a contar sus ganancias en privado.<\/p>\n<p>Existen muchas historias de apostadores que se han encontrado a s\u00ed mismos en la legendaria \u00abhabitaci\u00f3n sin ventanas o cuarto trasero\u00bb del casino, enfrent\u00e1ndose a un grupo de enfadados matones a sueldo del casino. En Michigan, una jugadora de edad avanzada se vio a s\u00ed misma en esa habitaci\u00f3n despu\u00e9s de encontrar una horquilla que alguien hab\u00eda abandonado en una m\u00e1quina tragaperras.<\/p>\n<p>La se\u00f1ora cogi\u00f3 la horquilla y jug\u00f3 a las m\u00e1quinas. En cuesti\u00f3n de segundos, se la llevaron a una habitaci\u00f3n y la detuvieron durante horas, mientras el personal de seguridad del casino trataba de intimidarla con amenazas. La se\u00f1ora demand\u00f3 al casino y, finalmente, gan\u00f3 el caso ante los tribunales.<\/p>\n<p>Los contadores de cartas no son ajenos a las habitaciones ocultas del casino. Si las cosas llegan a ese punto, el contador de cartas puede estar seguro de una cosa: el casino le dejar\u00e1 perfectamente claro que los contadores no son bienvenidos en su establecimiento. Aprenda a leer las se\u00f1ales de advertencia y evitar\u00e1 que le proh\u00edban la entrada por contar cartas.<\/p>\n<ul>\n<li><a href=\"https:\/\/www.countingedge.com\/es-el-conteo-de-cartas-cosa-del-pasado\/\">\u00bfes El Conteo De Cartas Cosa Del Pasado?<\/a>\n<\/li>\n<li><a href=\"https:\/\/www.countingedge.com\/es\/como-son-descubiertos-los-contadores-de-cartas\/\">C\u00f3mo Son Descubiertos Los Contadores De Cartas!<\/a>\n<\/li>\n<li><a href=\"https:\/\/www.countingedge.com\/es\/como-los-casinos-intentan-detener-a-un-contador-de-cartas\/\">C\u00f3mo Los Casinos Intentan Detener A Un Contador De Cartas<\/a>\n<\/li>\n<li><a href=\"https:\/\/www.countingedge.com\/es\/la-legalidad-del-conteo-de-cartas\/\">La Legalidad Del Conteo De Cartas<\/a>\n<\/li>\n<li><a href=\"https:\/\/www.countingedge.com\/es\/asi-es-como-los-\u2026adores-de-cartas\/\">\u00a1as\u00ed Es C\u00f3mo Los Casinos Identifican A Los Contadores De Cartas!<\/a>\n<\/li>\n<\/ul>\n<p> &nbsp;<\/p>\n","protected":false},"excerpt":{"rendered":"<p>Overview Overview Mientras que la legalidad del conteo de cartas es todav\u00eda algo muy debatido, siendo llevada una y otra vez ante los tribunales de justicia, el hecho es que los casinos consideran el conteo de cartas como un tab\u00fa. Los casinos no ser\u00e1n capaces de condenar a un contador de cartas, pero pueden y [&hellip;]<\/p>\n","protected":false},"author":1,"featured_media":0,"parent":0,"menu_order":0,"comment_status":"open","ping_status":"open","template":"","meta":{"footnotes":""},"class_list":["post-3735","page","type-page","status-publish","hentry"],"_links":{"self":[{"href":"https:\/\/www.countingedge.com\/es\/wp-json\/wp\/v2\/pages\/3735","targetHints":{"allow":["GET"]}}],"collection":[{"href":"https:\/\/www.countingedge.com\/es\/wp-json\/wp\/v2\/pages"}],"about":[{"href":"https:\/\/www.countingedge.com\/es\/wp-json\/wp\/v2\/types\/page"}],"author":[{"embeddable":true,"href":"https:\/\/www.countingedge.com\/es\/wp-json\/wp\/v2\/users\/1"}],"replies":[{"embeddable":true,"href":"https:\/\/www.countingedge.com\/es\/wp-json\/wp\/v2\/comments?post=3735"}],"version-history":[{"count":0,"href":"https:\/\/www.countingedge.com\/es\/wp-json\/wp\/v2\/pages\/3735\/revisions"}],"wp:attachment":[{"href":"https:\/\/www.countingedge.com\/es\/wp-json\/wp\/v2\/media?parent=3735"}],"curies":[{"name":"wp","href":"https:\/\/api.w.org\/{rel}","templated":true}]}}