{"id":3733,"date":"2015-04-23T20:44:43","date_gmt":"2015-04-23T20:44:43","guid":{"rendered":"https:\/\/www.countingedge.com\/es\/is-card-counting-dead\/"},"modified":"2020-07-08T17:40:30","modified_gmt":"2020-07-08T17:40:30","slug":"es-el-conteo-de-cartas-cosa-del-pasado","status":"publish","type":"page","link":"https:\/\/www.countingedge.com\/es\/es-el-conteo-de-cartas-cosa-del-pasado\/","title":{"rendered":"\u00bfes El Conteo De Cartas Cosa Del Pasado?"},"content":{"rendered":"<h2>Overview<\/h2>\n<h3>Overview<\/h3>\n<p><img decoding=\"async\" class=\"alignleft size-medium\" src=\"https:\/\/www.countingedge.com\/wp-content\/uploads\/2014\/01\/cardcouning-fingers-300x232.png\" alt=\"counting cards\" \/> Durante muchos a\u00f1os, el conteo de cartas ha sido un modo seguro de conseguir un beneficio consistente en las mesas de <a href=\"https:\/\/www.countingedge.com\/es\/\">blackjack<\/a>. Igual que todo lo dem\u00e1s en la vida, el blackjack est\u00e1 sujeto a cambios. Los casinos han invertido tiempo y dinero en el desarrollo de mejores m\u00e9todos para disuadir a los contadores de cartas. Por otro lado, los casinos online consiguen que sea casi imposible contar. Todos estos cambios nos hacen preguntarnos, \u00bfes el conteo de cartas algo del pasado?<\/p>\n<p>La respuesta corta es no. Todav\u00eda existen varias ventajas para un contador de cartas experto. No obstante, el modo en el que los jugadores de blackjack utilizan sus habilidades en el conteo de cartas est\u00e1 evolucionando y si usted desea ir por delante del juego, tiene que estar dispuesto a pensar en el conteo de cartas de manera diferente. Estos son algunos motivos por los que el conteo de cartas no es cosa del pasado.<\/p>\n<div class=\"alert alert-info\"><img loading=\"lazy\" decoding=\"async\" class=\"alignnone\" src=\"https:\/\/www.countingedge.com\/wp-content\/uploads\/2020\/10\/betway-features-es.gif\" alt=\"Mejor Casino Espa\u00f1ol\" width=\"950\" height=\"417\" \/> <\/p>\n<div align=\"center\"><a class=\"btn btn-theme btn-lg\" href=\"https:\/\/www.countingedge.com\/recommends\/betway-es\/\" target=\"_blank\" data-bgcolor=\"#CC3333\" data-bghovercolor=\"#242424\" data-txtcolor=\"#FFFFFF\" data-txthovercolor=\"#FFFFFF\" >\u2764 Visita Mi Casino Favorito \u2764<\/a><\/div>\n<p> <\/div>\n<p><strong>El conteo de cartas todav\u00eda funciona en los casinos presenciales <\/strong><\/p>\n<p>M\u00e1quinas de barajar electr\u00f3nicas, varios mazos y cambios en las reglas del juego. Todas estas son medidas tomadas por los casinos presenciales en los \u00faltimos treinta a\u00f1os para detener a los contadores de cartas, y algunas de ellas han resultado eficaces. Sin embargo, y a pesar de los mejores esfuerzos de los casinos, algunos contadores serios todav\u00eda prosperan. \u00bfPor qu\u00e9?<\/p>\n<p>Por una simple cuesti\u00f3n matem\u00e1tica. Aunque el n\u00famero de contadores de cartas profesionales se ha mantenido m\u00e1s o menos igual, el n\u00famero de jugadores de casino no expertos ha aumentado. Con todo el pescado fresco en el oc\u00e9ano, los casinos han dejado de acosar a las ballenas. Todav\u00eda intentan identificar y prohibir la entrada a los contadores de cartas, pero la verdad es que no pierden el sue\u00f1o por ello.<\/p>\n<p>El constante flujo de personas jugando a las m\u00e1quinas tragaperras, al blackjack presencial con crupier electr\u00f3nico y otros juegos, compensa la mayor parte de las p\u00e9rdidas que un casino sufre a manos de un contador de cartas. Por lo tanto, si un contador de cartas entra y, de vez en cuando, le gana al casino una buena suma, no tiene muchas probabilidades de ser detenido. El truco est\u00e1 en no ser avaricioso. Mantener un perfil bajo ha sido siempre la t\u00e1ctica de supervivencia de un contador.<\/p>\n<p>Y hay algo m\u00e1s. Contrariamente a lo que muchos creen, todav\u00eda hay casinos donde es posible encontrar mesas de blackjack que no barajen electr\u00f3nicamente despu\u00e9s de cada mano. Por lo general, se utilizan varios mazos. Pero si invierte algo de tiempo, encontrar\u00e1 muchos juegos de dos mazos e incluso el casi extinguido juego de una sola baraja. Tan s\u00f3lo tiene que estar dispuesto a trabajar un poco m\u00e1s para encontrar estas oportunidades.<\/p>\n<h3>\u00bfQu\u00e9 ocurre con el blackjack online?<\/h3>\n<p>No enga\u00f1aremos a nuestros lectores: el conteo de cartas en un casino online no presenta muchas probabilidades a favor del jugador. \u00bfPor qu\u00e9? Debido a que cada nueva mano se reparte mediante un programa inform\u00e1tico que selecciona al azar cartas de una baraja completa. Cada mano que juegue se repartir\u00e1 desde un nuevo mazo.<\/p>\n<p>A fin de contar cartas y conseguir una ventaja, necesitar\u00e1 algo conocido como penetraci\u00f3n del mazo. Esto significa entrar profundamente en el mazo o utilizar el mayor n\u00famero posible de cartas de esa baraja. Cuanto m\u00e1s profundo se llegue, m\u00e1s preciso ser\u00e1 el conteo que se realice.<\/p>\n<p>Dese cuenta de que no hemos dicho que el conteo de cartas online no tenga ning\u00fan valor. Por el contrario, deber\u00e1 contar en cada mano que juegue online. Pi\u00e9nselo un momento. \u00bfEn qu\u00e9 otra parte podr\u00eda practicar sus habilidades sobre el conteo de cartas por $1 la mano? Repartirse a s\u00ed mismo una carta tras otra en casa es aburrido y tedioso. Al jugar online, tendr\u00e1 la oportunidad de perfeccionar esas habilidades que luego utilizar\u00e1 de manera rentable en un casino presencial.<\/p>\n<p>\u00a1Puede que incluso gane algo de dinero!<\/p>\n<div class=\"alert alert-info\"><button type=\"button\" class=\"close\" data-dismiss=\"alert\" aria-hidden=\"true\">&times;<\/button>Hoy en d\u00eda se puede <a href=\"https:\/\/www.countingedge.com\/es\/apostar-con-bitcoin\/\">apostar con Bitcoin<\/a> y aparte el casino <a href=\"https:\/\/www.countingedge.com\/es\/bonificaciones-en-el-blackjack\/\">bonifica con un bono de bienvenida grande<\/a>. El <a href=\"https:\/\/www.countingedge.com\/es\/el-blackjack-online\/\">blackjack online<\/a>, es una manera muy c\u00f3modo de jugar <a href=\"https:\/\/www.countingedge.com\/es\/\">blackjack<\/a> y hemos elaborado el mejor <a href=\"https:\/\/www.countingedge.com\/es\/sistema-blackjack\/\">sistema de blackjack<\/a> totalmente gratis!<\/div>\n<p>Adem\u00e1s, el conteo de cartas online anima a hacer apuestas disciplinadamente. Debido a que tiene que empezar un nuevo conteo en cada mano, las posibilidades de apostar de manera irracional se reducen. Centrarse en el conteo y en la estrategia b\u00e1sica le otorgar\u00e1 una especie de visi\u00f3n reducida que le mantendr\u00e1 en jaque si decide empezar a gestionar mal su dinero.<\/p>\n<p>No preste demasiada atenci\u00f3n a sus p\u00e9rdidas. Tan s\u00f3lo siga contando y haciendo la jugada correcta, manteniendo apuestas peque\u00f1as hasta que acumule beneficios. A continuaci\u00f3n, podr\u00e1 jugar con el dinero de la casa y aumentar sus apuestas.<\/p>\n<p><strong>El conteo de cartas est\u00e1 vivo y en buena forma <\/strong><\/p>\n<p>S\u00ed, jugadores de blackjack, el conteo de cartas est\u00e1 vivo y en buena forma. A\u00fan hoy en d\u00eda, es la mejor opci\u00f3n y no estar\u00e1 perdiendo su tiempo aprendiendo nuevos m\u00e9todos y estrategias de conteo. No vea los cambios en el juego de blackjack como obst\u00e1culos. Enf\u00f3quelos como retos que le ayudar\u00e1n a convertirse en un mejor contador de cartas.<\/p>\n<p>Abrace esos cambios. Encuentre una manera de ganarles. Al hacer esto, se unir\u00e1 a las filas de jugadores como Ken Uston, Arnold Snyder y otros que dedicaron su tiempo a la b\u00fasqueda de nuevas formas de explotar los defectos de los casinos.<\/p>\n<ul>\n<li><a href=\"https:\/\/www.countingedge.com\/es-el-conteo-de-cartas-cosa-del-pasado\/\">\u00bfes El Conteo De Cartas Cosa Del Pasado?<\/a>\n<\/li>\n<li><a href=\"https:\/\/www.countingedge.com\/es\/como-son-descubiertos-los-contadores-de-cartas\/\">C\u00f3mo Son Descubiertos Los Contadores De Cartas!<\/a>\n<\/li>\n<li><a href=\"https:\/\/www.countingedge.com\/es\/como-los-casinos-intentan-detener-a-un-contador-de-cartas\/\">C\u00f3mo Los Casinos Intentan Detener A Un Contador De Cartas<\/a>\n<\/li>\n<li><a href=\"https:\/\/www.countingedge.com\/es\/la-legalidad-del-conteo-de-cartas\/\">La Legalidad Del Conteo De Cartas<\/a>\n<\/li>\n<li><a href=\"https:\/\/www.countingedge.com\/es\/asi-es-como-los-\u2026adores-de-cartas\/\">\u00a1as\u00ed Es C\u00f3mo Los Casinos Identifican A Los Contadores De Cartas!<\/a>\n<\/li>\n<\/ul>\n<p> &nbsp;<\/p>\n","protected":false},"excerpt":{"rendered":"<p>Overview Overview Durante muchos a\u00f1os, el conteo de cartas ha sido un modo seguro de conseguir un beneficio consistente en las mesas de blackjack. Igual que todo lo dem\u00e1s en la vida, el blackjack est\u00e1 sujeto a cambios. Los casinos han invertido tiempo y dinero en el desarrollo de mejores m\u00e9todos para disuadir a los [&hellip;]<\/p>\n","protected":false},"author":1,"featured_media":0,"parent":0,"menu_order":0,"comment_status":"open","ping_status":"open","template":"","meta":{"footnotes":""},"class_list":["post-3733","page","type-page","status-publish","hentry"],"_links":{"self":[{"href":"https:\/\/www.countingedge.com\/es\/wp-json\/wp\/v2\/pages\/3733","targetHints":{"allow":["GET"]}}],"collection":[{"href":"https:\/\/www.countingedge.com\/es\/wp-json\/wp\/v2\/pages"}],"about":[{"href":"https:\/\/www.countingedge.com\/es\/wp-json\/wp\/v2\/types\/page"}],"author":[{"embeddable":true,"href":"https:\/\/www.countingedge.com\/es\/wp-json\/wp\/v2\/users\/1"}],"replies":[{"embeddable":true,"href":"https:\/\/www.countingedge.com\/es\/wp-json\/wp\/v2\/comments?post=3733"}],"version-history":[{"count":0,"href":"https:\/\/www.countingedge.com\/es\/wp-json\/wp\/v2\/pages\/3733\/revisions"}],"wp:attachment":[{"href":"https:\/\/www.countingedge.com\/es\/wp-json\/wp\/v2\/media?parent=3733"}],"curies":[{"name":"wp","href":"https:\/\/api.w.org\/{rel}","templated":true}]}}