{"id":3383,"date":"2015-04-21T16:28:05","date_gmt":"2015-04-21T16:28:05","guid":{"rendered":"https:\/\/www.countingedge.com\/es\/jugadores-profesionales-de-blackjack\/ken-uston\/"},"modified":"2020-07-08T20:15:25","modified_gmt":"2020-07-08T20:15:25","slug":"ken-uston","status":"publish","type":"page","link":"https:\/\/www.countingedge.com\/es\/jugadores-profesionales-de-blackjack\/ken-uston\/","title":{"rendered":"Ken Uston (Autor de \u00abMillion dollar blackjack\u00bb)"},"content":{"rendered":"<h2>Overview<\/h2>\n<h3>Overview<\/h3>\n<p><img decoding=\"async\" class=\"alignleft size-full \" src=\"https:\/\/www.countingedge.com\/wp-content\/uploads\/2015\/04\/ken-uston-blackjack.jpg\" alt=\"Ken Uston\" \/> Cuando se trata de leyendas del blackjack, Ken Uston sobresale por encima del resto. Si bien muchos le precedieron en el desarrollo del conteo de cartas, Ken Uston fue el primer jugador de blackjack en aplicar sistem\u00e1ticamente sus conocimientos y t\u00e9cnicas para hacer millones en las mesas de blackjack.<\/p>\n<p>En la actualidad, su comprensi\u00f3n del conteo de cartas y sus incre\u00edbles conocimientos sobre el juego del blackjack, siguen influyendo a jugadores a todos los niveles. El verdadero nombre de Uston era Kenneth Senzo Usui. \u00c9l era de herencia mixta, una madre austr\u00edaca y un padre hombre de negocios japon\u00e9s.<\/p>\n<p>Uston era el mayor de los tres hijos de la pareja, y un ser muy inteligente. El padre de Uston estableci\u00f3 un nivel intelectual alto para sus hijos, anim\u00e1ndoles a aprender y desarrollarse a un ritmo m\u00e1s r\u00e1pido que otros ni\u00f1os de su edad. Como resultado, Uston fue aceptado en la Universidad de Yale a la tierna edad de 16 a\u00f1os.<\/p>\n<p>Aunque este fue un gran logro, Uston fue un paso m\u00e1s all\u00e1 al convertirse en un miembro de la fraternidad y de la Sociedad de Honor Phi Betta Kappa. Tras su per\u00edodo en Yale, Uston obtuvo su MBA por la Universidad de Harvard. No mucha gente, jugadores de blackjack o cualquier otra persona, puede afirmar que ha sido alumno de dos escuelas de la Ivy League.<\/p>\n<div class=\"alert alert-info\"><img loading=\"lazy\" decoding=\"async\" class=\"alignnone\" src=\"https:\/\/www.countingedge.com\/wp-content\/uploads\/2020\/10\/betway-features-es.gif\" alt=\"Mejor Casino Espa\u00f1ol\" width=\"950\" height=\"417\" \/> <\/p>\n<div align=\"center\"><a class=\"btn btn-theme btn-lg\" href=\"https:\/\/www.countingedge.com\/recommends\/betway-es\/\" target=\"_blank\" data-bgcolor=\"#CC3333\" data-bghovercolor=\"#242424\" data-txtcolor=\"#FFFFFF\" data-txthovercolor=\"#FFFFFF\" >\u2764 Visita Mi Casino Favorito \u2764<\/a><\/div>\n<p> <\/div>\n<p>Este nivel de inteligencia y superioridad acad\u00e9mica se puede encontrar entre muchos expertos del blackjack. La mayor\u00eda de ellos muestran una sorprendente habilidad para las matem\u00e1ticas. Uston no era una excepci\u00f3n. Su experiencia en la universidad le llev\u00f3 a puestos de trabajo en la industria telef\u00f3nica y a posiciones como consultor altamente remunerado en diversas empresas.<\/p>\n<p>En \u00faltima instancia, Uston se convirti\u00f3 en Vicepresidente de la Bolsa de Valores del Pac\u00edfico. Mientras Uston se hac\u00eda un nombre por s\u00ed mismo en el mercado de valores, comenz\u00f3 a leer el libro de Edward O. Thorp, \u201cBeat the Dealer\u201d. Leyendo durante los fines de semana, Uston se convenci\u00f3 de que era posible hacer grandes cantidades de dinero jugando al blackjack.<\/p>\n<div class=\"alert alert-info\"><button type=\"button\" class=\"close\" data-dismiss=\"alert\" aria-hidden=\"true\">&times;<\/button>Hoy en d\u00eda se puede <a href=\"https:\/\/www.countingedge.com\/es\/apostar-con-bitcoin\/\">apostar con Bitcoin<\/a> y aparte el casino <a href=\"https:\/\/www.countingedge.com\/es\/bonificaciones-en-el-blackjack\/\">bonifica con un bono de bienvenida grande<\/a>. El <a href=\"https:\/\/www.countingedge.com\/es\/el-blackjack-online\/\">blackjack online<\/a>, es una manera muy c\u00f3modo de jugar <a href=\"https:\/\/www.countingedge.com\/es\/\">blackjack<\/a> y hemos elaborado el mejor <a href=\"https:\/\/www.countingedge.com\/es\/sistema-blackjack\/\">sistema de blackjack<\/a> totalmente gratis!<\/div>\n<p>Su habilidad con los n\u00fameros sent\u00f3 la base que lo convertir\u00eda en un excelente contador de cartas, y no pas\u00f3 mucho tiempo antes de que Uston viajara regularmente a Las Vegas durante los fines de semana. Un encuentro casual con el jugador profesional Al Francesco se convirti\u00f3 en un momento crucial para Ken Uston.<\/p>\n<p>Francesco fue uno de los primeros jugadores de blackjack en explorar el concepto de equipos, reuniendo a jugadores expertos que atacar\u00edan los casinos en grupo. Una caracter\u00edstica distintiva del equipo de Francesco fue la inclusi\u00f3n de un \u00abBig Player.\u00bb El gran jugador era el miembro del equipo llevado a las mesas m\u00e1s calientes para hacer las grandes apuestas. No pas\u00f3 mucho tiempo antes de que Uston asumiera ese papel de gran jugador en el equipo de Francesco, gracias a sus notables habilidades en el conteo de cartas.<\/p>\n<p>Las cosas iban bien con el equipo de Francesco hasta que Uston public\u00f3 su primer libro, apropiadamente titulado <em>The Big Player- El Gran Jugador<\/em>. No era raro que los expertos de blackjack escribieran libros sobre el conteo de cartas, pero Uston hab\u00eda cometido un grave error. Su libro identific\u00f3 a los miembros del equipo de Francesco.<\/p>\n<p>El resultado fue que al equipo de Francesco se le prohibi\u00f3 la entrada en los casinos de Las Vegas. De un solo golpe, Uston hab\u00eda matado a la gallina de los huevos de oro. Separado de Francesco, y sin un sitio donde jugar al blackjack, las habilidades de Uston en el conteo de cartas ser\u00edan de poca utilidad hasta 1978.<\/p>\n<p>Ese a\u00f1o, el juego del casino fue legalizado en Atlantic City, Nueva Jersey. Una nueva frontera se abr\u00eda para los contadores de cartas, y Ken Uston se uni\u00f3 al \u00e9xodo de jugadores de blackjack hacia el Este. En esta ocasi\u00f3n, Uston form\u00f3 su propio equipo de contadores de cartas profesionales. Los hombres descendieron sobre Atlantic City como un torbellino y comenzaron a acumular enormes beneficios.<\/p>\n<p>A pesar de su experiencia en el <a href=\"https:\/\/www.countingedge.com\/es\/\">conteo de cartas<\/a>, Uston hizo un trabajo muy pobre ocultando la identidad de su equipo. En un per\u00edodo relativamente corto de tiempo, fueron descubiertos y se les prohibi\u00f3 la entrada a los casinos de Atlantic City. La respuesta de Uston fue comenzar una larga batalla legal en la que se convirti\u00f3 en el primer contador de cartas en llevar a los casinos frente a un tribunal de justicia.<\/p>\n<p>Cuando en 1979 Resorts International prohibi\u00f3 la entrada de Uston y su equipo en sus casinos, Uston present\u00f3 una demanda en la que afirmaba que el conteo de cartas era una habilidad, por lo que los jugadores no deb\u00edan ser excluidos de los casinos. El resultado final de la demanda fue una victoria para Uston, pero una victoria ensombrecida. A pesar de que, a d\u00eda de hoy, los casinos en Atlantic City no pueden prohibir la entrada a sus casinos a los contadores de cartas, han tomado otras medidas para evitar el conteo, incluyendo el uso de varios mazos, m\u00e1quinas autom\u00e1ticas para barajar, y otros diversos cambios en el juego.<\/p>\n<p>Uston continu\u00f3 escribiendo libros sobre blackjack que se hicieron muy populares como \u201cMillion Dollar Blackjack- El Blackjack del Mill\u00f3n de D\u00f3lares\u201d. Como jugador, sin embargo, su carrera nunca se recuper\u00f3 de la prohibici\u00f3n de entrada a varios casinos. Finalmente, fue obligado a utilizar una gran variedad de disfraces para entrar en un casino, y con la puesta en marcha de sistemas de reconocimiento facial, esta medida tambi\u00e9n fracas\u00f3. Al final, Uston acab\u00f3 en Par\u00eds, Francia, donde muri\u00f3 v\u00edctima de un paro card\u00edaco a la edad de 52 a\u00f1os.<\/p>\n","protected":false},"excerpt":{"rendered":"<p>Overview Overview Cuando se trata de leyendas del blackjack, Ken Uston sobresale por encima del resto. Si bien muchos le precedieron en el desarrollo del conteo de cartas, Ken Uston fue el primer jugador de blackjack en aplicar sistem\u00e1ticamente sus conocimientos y t\u00e9cnicas para hacer millones en las mesas de blackjack. En la actualidad, su [&hellip;]<\/p>\n","protected":false},"author":1,"featured_media":0,"parent":3350,"menu_order":0,"comment_status":"open","ping_status":"open","template":"","meta":{"footnotes":""},"class_list":["post-3383","page","type-page","status-publish","hentry"],"_links":{"self":[{"href":"https:\/\/www.countingedge.com\/es\/wp-json\/wp\/v2\/pages\/3383","targetHints":{"allow":["GET"]}}],"collection":[{"href":"https:\/\/www.countingedge.com\/es\/wp-json\/wp\/v2\/pages"}],"about":[{"href":"https:\/\/www.countingedge.com\/es\/wp-json\/wp\/v2\/types\/page"}],"author":[{"embeddable":true,"href":"https:\/\/www.countingedge.com\/es\/wp-json\/wp\/v2\/users\/1"}],"replies":[{"embeddable":true,"href":"https:\/\/www.countingedge.com\/es\/wp-json\/wp\/v2\/comments?post=3383"}],"version-history":[{"count":0,"href":"https:\/\/www.countingedge.com\/es\/wp-json\/wp\/v2\/pages\/3383\/revisions"}],"up":[{"embeddable":true,"href":"https:\/\/www.countingedge.com\/es\/wp-json\/wp\/v2\/pages\/3350"}],"wp:attachment":[{"href":"https:\/\/www.countingedge.com\/es\/wp-json\/wp\/v2\/media?parent=3383"}],"curies":[{"name":"wp","href":"https:\/\/api.w.org\/{rel}","templated":true}]}}