{"id":3379,"date":"2015-04-21T16:30:11","date_gmt":"2015-04-21T16:30:11","guid":{"rendered":"https:\/\/www.countingedge.com\/es\/jugadores-profesionales-de-blackjack\/peter-griffin-card-counter\/"},"modified":"2020-07-08T20:15:59","modified_gmt":"2020-07-08T20:15:59","slug":"peter-griffin","status":"publish","type":"page","link":"https:\/\/www.countingedge.com\/es\/jugadores-profesionales-de-blackjack\/peter-griffin\/","title":{"rendered":"Peter Griffin &#8211; Contadores de Cartas"},"content":{"rendered":"<h2>Peter Griffin comparti\u00f3 un aspecto muy importante con muchos&#8230;<\/h2>\n<p><img decoding=\"async\" class=\"alignleft size-full \" src=\"https:\/\/www.countingedge.com\/wp-content\/uploads\/2015\/04\/peter-griffin-blackjack.png\" alt=\"Peter Griffin\" \/>Peter Griffin comparti\u00f3 un aspecto muy importante con muchos contadores de cartas de blackjack que revolucion\u00f3 el juego del 21: Griffin era matem\u00e1tico. Muchos de los pioneros en el conteo de cartas ten\u00edan formaci\u00f3n matem\u00e1tica y Peter Griffin era uno de ellos. Nacido en 1937 en Nueva Jersey, Griffin proven\u00eda de una familia bien educada.<\/p>\n<p>Su abuelo hab\u00eda sido profesor de matem\u00e1ticas en el Reed College y hab\u00eda escrito muchos libros de texto universitarios sobre matem\u00e1ticas. No es de extra\u00f1ar que el joven Griffin creciera fascinado por los n\u00fameros y las probabilidades, dos de los temas centrales en el conteo de cartas. Despu\u00e9s de su educaci\u00f3n obligatoria, en 1965 Peter Griffin comenz\u00f3 a trabajar como profesor de matem\u00e1ticas en la Universidad Estatal de California en Sacramento, donde permaneci\u00f3 en la facultad hasta su muerte en 1998. Al igual que muchos otros, incluyendo Stanford Wong, Griffin desarroll\u00f3 su afici\u00f3n por el blackjack y el conteo de cartas mientras trabajaba como profesor de matem\u00e1ticas.<\/p>\n<p>El inter\u00e9s de Griffin en <a href=\"https:\/\/www.countingedge.com\/es\/\">el blackjack<\/a> se remonta al a\u00f1o 1970. Ese a\u00f1o, Griffin propone al consejo de su universidad una clase sobre las matem\u00e1ticas en los juegos de azar. Los cursos de esta naturaleza eran cada vez m\u00e1s populares y se ofrec\u00edan en muchas universidades de prestigio como el MIT.<\/p>\n<p>Los cursos desarrollados por Peter Griffin y otros ser\u00edan la base de las actuales clases en la teor\u00eda del juego. Con el fin de desarrollar el necesario plan de estudios para ense\u00f1ar en clase, Griffin necesit\u00f3 investigar y probar diversas teor\u00edas sobre el conteo de cartas y otras probabilidades en el blackjack.<\/p>\n<p>S\u00f3lo hab\u00eda una manera desarrollar estas teor\u00edas y pasaba por ir a Las Vegas, para poner a prueba sus teor\u00edas del blackjack en un entorno real. Los viajes iniciales fueron un desastre. Griffin volv\u00eda a casa con apabullantes derrotas tras cada visita al casino. Griffin progres\u00f3 gracias a las derrotas, sinti\u00e9ndose animado a llevar a cabo m\u00e1s investigaci\u00f3n y estudio.<\/p>\n<p>Se sumergi\u00f3 en toda obra escrita que pudo encontrar sobre el tema. Practic\u00f3 y analiz\u00f3 las t\u00e9cnicas que hab\u00eda aprendido, mientras las refinaba cuando se daba cuenta de cualquier inexactitud. Griffin tambi\u00e9n le dio otro enfoque al juego. Para ello, recopil\u00f3 gran cantidad de estad\u00edsticas sobre jugadores profesionales de blackjack en Atlantic City, Las Vegas y Reno.<\/p>\n<div class=\"alert alert-info\"><img loading=\"lazy\" decoding=\"async\" class=\"alignnone\" src=\"https:\/\/www.countingedge.com\/wp-content\/uploads\/2020\/10\/betway-features-es.gif\" alt=\"Mejor Casino Espa\u00f1ol\" width=\"950\" height=\"417\" \/> <\/p>\n<div align=\"center\"><a class=\"btn btn-theme btn-lg\" href=\"https:\/\/www.countingedge.com\/recommends\/betway-es\/\" target=\"_blank\" data-bgcolor=\"#CC3333\" data-bghovercolor=\"#242424\" data-txtcolor=\"#FFFFFF\" data-txthovercolor=\"#FFFFFF\" >\u2764 Visita Mi Casino Favorito \u2764<\/a><\/div>\n<p> <\/div>\n<p>Este fue un trabajo pionero en la metodolog\u00eda del conteo de cartas. Peter Griffin, a trav\u00e9s de su comparaci\u00f3n de estad\u00edsticas, fue capaz de determinar que hab\u00eda diferencias en la ventaja de la casa en funci\u00f3n de donde se juegue. Este conocimiento no es necesariamente novedoso, pero Griffin fue de los primeros en explorar a fondo las diferencias entre los casinos de Atlantic City y los casinos de Las Vegas.<\/p>\n<p>En muchos aspectos, el trabajo de Peter Griffin sobre estad\u00edsticas en el blackjack era muy similar al trabajo que, posteriormente, llev\u00f3 a cabo Bill James sobre b\u00e9isbol. Los hallazgos de Griffin fueron muy \u00fatiles para explicar la teor\u00eda del conteo de cartas.<\/p>\n<p>Peter Griffin fue uno de los primeros en calcular los porcentajes exactos en el blackjack. Se determin\u00f3 que el jugador de blackjack medio tiene una desventaja de un 2%. Nadie hab\u00eda dado un n\u00famero tan espec\u00edfico a las probabilidades antes que \u00e9l. Entonces, Griffin determin\u00f3 las ganancias medias en porcentajes para manos espec\u00edficas en las que se aplica la estrategia del blackjack.<\/p>\n<p>La mayor parte del trabajo de Griffin nunca ser\u00e1 entendido por muchos contadores de cartas, pero se ha convertido en un fundamento esencial en el conteo de cartas. En la \u00e9poca de Griffin, era muy com\u00fan que la gente publicara su informaci\u00f3n sobre el conteo de cartas en un libro. Muchos autores promocionaban sus sistemas personales de conteo de cartas en sus libros y Griffin sigui\u00f3 este ejemplo.<\/p>\n<p>En 1979, escribi\u00f3 y public\u00f3 <em>The Theory of Blackjack: The Complete Card Counter\u2019s Guide to the Casino Game of 21<\/em> (<em>La teor\u00eda del Blackjack: La Gu\u00eda Completa del Contador de Cartas para el Juego de Casino del 21)<\/em>. R\u00e1pidamente, el libro se convirti\u00f3 en un cl\u00e1sico de la literatura del blackjack.<\/p>\n<p>Fue un \u00e9xito, aunque tal vez no tan exitoso como los libros publicados por Edward Thorp y Arnold Snyder. Esto se deb\u00eda al estilo que Griffin utiliz\u00f3 al escribir su libro. Griffin era un hombre muy culto y escribi\u00f3 de una manera muy formal. Algunos jugadores de blackjack pensaron que el libro era demasiado cient\u00edfico y acad\u00e9mico.<\/p>\n<div class=\"alert alert-info\"><button type=\"button\" class=\"close\" data-dismiss=\"alert\" aria-hidden=\"true\">&times;<\/button>Hoy en d\u00eda se puede <a href=\"https:\/\/www.countingedge.com\/es\/apostar-con-bitcoin\/\">apostar con Bitcoin<\/a> y aparte el casino <a href=\"https:\/\/www.countingedge.com\/es\/bonificaciones-en-el-blackjack\/\">bonifica con un bono de bienvenida grande<\/a>. El <a href=\"https:\/\/www.countingedge.com\/es\/el-blackjack-online\/\">blackjack online<\/a>, es una manera muy c\u00f3modo de jugar <a href=\"https:\/\/www.countingedge.com\/es\/\">blackjack<\/a> y hemos elaborado el mejor <a href=\"https:\/\/www.countingedge.com\/es\/sistema-blackjack\/\">sistema de blackjack<\/a> totalmente gratis!<\/div>\n<p>Se puede decir que la gran pasi\u00f3n de Peter Griffin era la ense\u00f1anza. Esto es lo que le diferencia de muchos otros expertos de blackjack. Peter Griffin no era un contador de cartas per se, sino un instructor. Otros escritores sobre el tema del blackjack y el conteo de cartas intentaron activamente ganarse la vida jugando a las cartas.<\/p>\n<p>Este nunca fue el objetivo de Peter Griffin. Era muy feliz estudiando los m\u00e9todos de conteo de cartas y dando clases de matem\u00e1ticas aplicadas a los juegos de azar en la universidad. De hecho, nunca dej\u00f3 de ense\u00f1ar a lo largo de toda su vida. Peter Griffin muri\u00f3 en 1998 despu\u00e9s de una larga lucha contra un c\u00e1ncer de pr\u00f3stata.<\/p>\n<p>Aunque su nombre no es tan familiar entre los jugadores de blackjack como los de Ken Uston, Edward Thorp, o Stanford Wong, vale la pena recordar que muchas de las aportaciones realizadas por Peter Griffin han mejorado la eficiencia de muchos m\u00e9todos de conteo de cartas.<\/p>\n","protected":false},"excerpt":{"rendered":"<p>Peter Griffin comparti\u00f3 un aspecto muy importante con muchos&#8230; Peter Griffin comparti\u00f3 un aspecto muy importante con muchos contadores de cartas de blackjack que revolucion\u00f3 el juego del 21: Griffin era matem\u00e1tico. Muchos de los pioneros en el conteo de cartas ten\u00edan formaci\u00f3n matem\u00e1tica y Peter Griffin era uno de ellos. Nacido en 1937 en [&hellip;]<\/p>\n","protected":false},"author":1,"featured_media":0,"parent":3350,"menu_order":0,"comment_status":"open","ping_status":"open","template":"","meta":{"footnotes":""},"class_list":["post-3379","page","type-page","status-publish","hentry"],"_links":{"self":[{"href":"https:\/\/www.countingedge.com\/es\/wp-json\/wp\/v2\/pages\/3379","targetHints":{"allow":["GET"]}}],"collection":[{"href":"https:\/\/www.countingedge.com\/es\/wp-json\/wp\/v2\/pages"}],"about":[{"href":"https:\/\/www.countingedge.com\/es\/wp-json\/wp\/v2\/types\/page"}],"author":[{"embeddable":true,"href":"https:\/\/www.countingedge.com\/es\/wp-json\/wp\/v2\/users\/1"}],"replies":[{"embeddable":true,"href":"https:\/\/www.countingedge.com\/es\/wp-json\/wp\/v2\/comments?post=3379"}],"version-history":[{"count":0,"href":"https:\/\/www.countingedge.com\/es\/wp-json\/wp\/v2\/pages\/3379\/revisions"}],"up":[{"embeddable":true,"href":"https:\/\/www.countingedge.com\/es\/wp-json\/wp\/v2\/pages\/3350"}],"wp:attachment":[{"href":"https:\/\/www.countingedge.com\/es\/wp-json\/wp\/v2\/media?parent=3379"}],"curies":[{"name":"wp","href":"https:\/\/api.w.org\/{rel}","templated":true}]}}