{"id":3376,"date":"2015-04-21T16:23:11","date_gmt":"2015-04-21T16:23:11","guid":{"rendered":"https:\/\/www.countingedge.com\/es\/jugadores-profesionales-de-blackjack\/arnold-snyder\/"},"modified":"2020-07-08T20:15:06","modified_gmt":"2020-07-08T20:15:06","slug":"arnold-snyder","status":"publish","type":"page","link":"https:\/\/www.countingedge.com\/es\/jugadores-profesionales-de-blackjack\/arnold-snyder\/","title":{"rendered":"Arnold Snyder &#8211; \u00abBlackbelt in Blackjack\u00bb"},"content":{"rendered":"<h2>Overview<\/h2>\n<h3>Overview<\/h3>\n<p><img decoding=\"async\" class=\"alignleft size-full \" src=\"https:\/\/www.countingedge.com\/wp-content\/uploads\/2015\/04\/arnold-snyder-blackjack.jpg\" alt=\"Arnold Snyder\" \/><\/p>\n<p>Arnold Snyder ha hecho muchas notables contribuciones a la comunidad del blackjack. No s\u00f3lo es Snyder un autor muy respetado de libros sobre el arte de tener \u00e9xito en <a href=\"https:\/\/www.countingedge.com\/es\/\">el blackjack<\/a> y, tambi\u00e9n, el creador de numerosos m\u00e9todos de conteo de cartas. Adem\u00e1s, Snyder se ha convertido en uno de los estadistas m\u00e1s importantes en el blackjack, defendiendo los derechos de los jugadores de blackjack en todas partes.<\/p>\n<p>Cualquier discusi\u00f3n sobre Arnold Snyder deber\u00e1 comenzar con los libros de blackjack que ha escrito. Cada uno de ellos ofrece su propia mirada en profundidad sobre el juego con matices espec\u00edficos. Tal vez el libro con el que la mayor\u00eda de los jugadores de blackjack est\u00e1n m\u00e1s familiarizados sea <em>Blackbelt In Blackjack<\/em>.<\/p>\n<p><em>Blackbelt in Blackjack<\/em> fue publicado por Arnold Snyder en 1983 y revisado en 1998. Utilizando una tem\u00e1tica de artes marciales, Snyder elabor\u00f3 el libro en tres vol\u00famenes dise\u00f1ados para convertir a un jugador de blackjack novato en un profesional de \u00e9xito. La primera parte del libro proporciona toda la informaci\u00f3n b\u00e1sica sobre el blackjack.<\/p>\n<p>Cubre las reglas del juego, la estrategia b\u00e1sica, y examina la mec\u00e1nica real de la partida en el juego presencial. En la segunda parte, al lector se le explica dos de los m\u00e9todos de conteo de cartas m\u00e1s populares de Snyder: el sistema de Conteo Hi-Lo Lite y el Conteo Zen. La tercera parte fue escrita para el contador de cartas avanzado y contiene informaci\u00f3n sobre la configuraci\u00f3n de los equipos de blackjack y el rastreo de ganancias.<\/p>\n<div class=\"alert alert-info\"><img loading=\"lazy\" decoding=\"async\" class=\"alignnone\" src=\"https:\/\/www.countingedge.com\/wp-content\/uploads\/2020\/10\/betway-features-es.gif\" alt=\"Mejor Casino Espa\u00f1ol\" width=\"950\" height=\"417\" \/> <\/p>\n<div align=\"center\"><a class=\"btn btn-theme btn-lg\" href=\"https:\/\/www.countingedge.com\/recommends\/betway-es\/\" target=\"_blank\" data-bgcolor=\"#CC3333\" data-bghovercolor=\"#242424\" data-txtcolor=\"#FFFFFF\" data-txthovercolor=\"#FFFFFF\" >\u2764 Visita Mi Casino Favorito \u2764<\/a><\/div>\n<p> <\/div> El tema de los equipos de blackjack, tal y como se describe en la tercera parte del libro <em>Blackbelt in Blackjack<\/em>, ha sido muy importante en la vida de Arnold Snyder. Un equipo de blackjack es un grupo de contadores de cartas que trabajan juntos para obtener enormes ganancias en el blackjack. Estos individuos combinan sus habilidades y comparten las ganancias que acumulan. Quiz\u00e1s el m\u00e1s famoso equipo de blackjack en trabajar jam\u00e1s en los casinos fue el formado por los estudiantes del MIT. Estos estudiantes utilizaban una variaci\u00f3n de uno de los m\u00e9todos de conteo de Arnold Snyder. <\/p>\n<p>Las trampas en el conteo de cartas en equipo se hicieron evidentes cuando Tommy Hyland, un jugador de blackjack profesional y amigo de Arnold Snyder, fue detenido por las autoridades canadienses en Windsor por hacer trampas. Hyland era el l\u00edder de un potente equipo de blackjack. En el juicio de Hyland, Arnold Snyder declar\u00f3 en nombre de su amigo.<\/p>\n<p>Desde entonces, Snyder se ha mantenido activo en la defensa de los derechos legales de los equipos de blackjack. A Arnold Snyder tambi\u00e9n se le atribuye el honor de ser uno de los primeros jugadores de blackjack en hacer hincapi\u00e9 en la importancia de la penetraci\u00f3n del mazo.<\/p>\n<p>Su primer libro, <em>The Blackjack Formula La F\u00f3rmula del Blackjack,<\/em> trata casi exclusivamente sobre este tema. La penetraci\u00f3n del mazo se refiere a la profundidad a la que se reparte el mazo antes de ser barajado otra vez. Snyder fue el primero en demostrar que la tasa de ganancias de un contador de cartas se ve\u00eda afectada considerablemente por la penetraci\u00f3n del mazo.<\/p>\n<p>La penetraci\u00f3n del mazo, fue expresada por Snyder en un porcentaje fraccional que calculaba que proporci\u00f3n del mazo segu\u00eda en juego. En \u00faltima instancia, este estudio de penetraci\u00f3n del mazo condujo a la utilizaci\u00f3n de un conteo real de cartas y al aumento en la eficiencia general de los sistemas de conteo de cartas.<\/p>\n<p>Algo a tener en cuenta en relaci\u00f3n con las teor\u00edas de la profundidad del mazo de Snyder es que casi todas estas teor\u00edas han sido confirmadas por simulaciones inform\u00e1ticas independientes. Esto otorga un inmenso apoyo a la credibilidad de los m\u00e9todos de Arnold Snyder. El rastreo de barajeo es otro concepto iniciado por Arnold Snyder, quien tambi\u00e9n escribi\u00f3 un libro entero sobre el tema en 2003.<\/p>\n<p>Este fue menos popular que algunos de los otros libros escritos por Snyder, muy probablemente debido a que rastrear el barajeo es una t\u00e9cnica muy avanzada y muy dif\u00edcil de dominar. Existe, sin embargo, la posibilidad de obtener grandes ganancias si se hace un rastreo del barajeo y es por ello que muchos profesionales de blackjack utilizan los conceptos desarrollados por Arnold Snyder.<\/p>\n<p>Todos los conocimientos y la experiencia de Arnold Snyder en el blackjack, fue resumida en 2006 con la publicaci\u00f3n de su <em>Gran Libro del Blackjack.<\/em> Este libro podr\u00eda considerarse con toda raz\u00f3n como la \u201cBiblia del blackjack\u201d. Se trata de un tomo integral que incluye material sobre todos los aspectos del juego.<\/p>\n<p>En este libro, Snyder destila toda una vida de conocimientos sobre el blackjack cubriendo cada tema en detalle. Hay incluso una historia detallada sobre el juego de blackjack, algo que rara vez se encuentra en otros libros. Los m\u00e9todos de la estrategia b\u00e1sica del blackjack y del conteo de cartas son explicados en detalle en esta publicaci\u00f3n. Sin duda alguna, este libro pasar\u00e1 a la historia del blackjack como el mayor legado de Arnold Snyder. Es la culminaci\u00f3n del trabajo de toda una vida dedicada al blackjack y al conteo de cartas.<\/p>\n<div class=\"alert alert-info\"><button type=\"button\" class=\"close\" data-dismiss=\"alert\" aria-hidden=\"true\">&times;<\/button>Hoy en d\u00eda se puede <a href=\"https:\/\/www.countingedge.com\/es\/apostar-con-bitcoin\/\">apostar con Bitcoin<\/a> y aparte el casino <a href=\"https:\/\/www.countingedge.com\/es\/bonificaciones-en-el-blackjack\/\">bonifica con un bono de bienvenida grande<\/a>. El <a href=\"https:\/\/www.countingedge.com\/es\/el-blackjack-online\/\">blackjack online<\/a>, es una manera muy c\u00f3modo de jugar <a href=\"https:\/\/www.countingedge.com\/es\/\">blackjack<\/a> y hemos elaborado el mejor <a href=\"https:\/\/www.countingedge.com\/es\/sistema-blackjack\/\">sistema de blackjack<\/a> totalmente gratis!<\/div>\n<p>Uno de los mayores honores que un contador de cartas o jugador de blackjack puede recibir es ser honrado por sus compa\u00f1eros de juego debido a sus contribuciones al juego. Arnold Snyder estuvo incluido entre los siete miembros inaugurales del Sal\u00f3n de la Fama del Blackjack. Este fue el reconocimiento por la contribuci\u00f3n de Snyder al entendimiento del blackjack.<\/p>\n<p>Snyder sigue siendo muy activo en la comunidad del juego a trav\u00e9s de su Foro de Blackjack, el cual cre\u00f3 en 1981 y todav\u00eda publica trimestralmente. En estos momentos, esta revista profesional se encuentra exclusivamente online y contiene art\u00edculos de jugadores de blackjack, matem\u00e1ticos y abogados sobre diversos aspectos del blackjack y el conteo de cartas.<\/p>\n","protected":false},"excerpt":{"rendered":"<p>Overview Overview Arnold Snyder ha hecho muchas notables contribuciones a la comunidad del blackjack. No s\u00f3lo es Snyder un autor muy respetado de libros sobre el arte de tener \u00e9xito en el blackjack y, tambi\u00e9n, el creador de numerosos m\u00e9todos de conteo de cartas. Adem\u00e1s, Snyder se ha convertido en uno de los estadistas m\u00e1s [&hellip;]<\/p>\n","protected":false},"author":1,"featured_media":0,"parent":3350,"menu_order":0,"comment_status":"open","ping_status":"open","template":"","meta":{"footnotes":""},"class_list":["post-3376","page","type-page","status-publish","hentry"],"_links":{"self":[{"href":"https:\/\/www.countingedge.com\/es\/wp-json\/wp\/v2\/pages\/3376","targetHints":{"allow":["GET"]}}],"collection":[{"href":"https:\/\/www.countingedge.com\/es\/wp-json\/wp\/v2\/pages"}],"about":[{"href":"https:\/\/www.countingedge.com\/es\/wp-json\/wp\/v2\/types\/page"}],"author":[{"embeddable":true,"href":"https:\/\/www.countingedge.com\/es\/wp-json\/wp\/v2\/users\/1"}],"replies":[{"embeddable":true,"href":"https:\/\/www.countingedge.com\/es\/wp-json\/wp\/v2\/comments?post=3376"}],"version-history":[{"count":0,"href":"https:\/\/www.countingedge.com\/es\/wp-json\/wp\/v2\/pages\/3376\/revisions"}],"up":[{"embeddable":true,"href":"https:\/\/www.countingedge.com\/es\/wp-json\/wp\/v2\/pages\/3350"}],"wp:attachment":[{"href":"https:\/\/www.countingedge.com\/es\/wp-json\/wp\/v2\/media?parent=3376"}],"curies":[{"name":"wp","href":"https:\/\/api.w.org\/{rel}","templated":true}]}}