{"id":4432,"date":"2015-04-22T18:41:30","date_gmt":"2015-04-22T18:41:30","guid":{"rendered":"https:\/\/www.countingedge.com\/kartenzaehlen\/silver-fox\/"},"modified":"2020-07-08T00:11:35","modified_gmt":"2020-07-08T00:11:35","slug":"silver-fox","status":"publish","type":"page","link":"https:\/\/www.countingedge.com\/de\/kartenzaehlen\/silver-fox\/","title":{"rendered":"Das Silver Fox Kartenz\u00e4hlsystem"},"content":{"rendered":"<h2>Das Silver Fox Kartenz\u00e4hlsystem ist vielleicht eine der&#8230;<\/h2>\n<p><img decoding=\"async\" class=\"alignleft size-medium\" src=\"https:\/\/www.countingedge.com\/wp-content\/uploads\/2014\/01\/cardcouning-fingers-300x232.png\" alt=\"counting cards\" \/>Das Silver Fox Kartenz\u00e4hlsystem ist vielleicht eine der einfachsten Kartenz\u00e4hlmethoden, die es \u00fcberhaupt gibt. Sie wurde von einem Herrn namens Ralph Stricker entwickelt und im Buch <em>The Silver Fox Blackjack System<\/em> ver\u00f6ffentlicht, welches in einer aktualisierten Ausgabe 1997 neu aufgelegt wurde.<\/p>\n<p> Jetzt k\u00f6nnte man vielleicht denken, dass ein so einfaches Kartenz\u00e4hlsystem wie das Silver Fox nicht besonders wirkungsvoll w\u00e4re. Dann solltest du folgendes bedenken. Das Silver Fox System erhielt seinen Namen auf Grund Strickers F\u00e4higkeiten beim Kartenz\u00e4hlen. Weil er so viele Casinos in Atlantic City um ihr Geld brachte, wurde Stricker sehr oft gejagt. Einer der M\u00e4nner, der hinter ihm her war, um Stricker beim Kartenz\u00e4hlen zu erwischen, verpasste ihm den Spitznamen &#8222;Fox&#8220; (Fuchs). Stricker konnte es n\u00e4mlich immer wieder vermeiden, gefasst zu werden, w\u00e4hrend sein System ihm gleichzeitig weiterhin jede Menge Bargeld einbrachte. Stricker benannte sein System nach seinem Spitznamen und der Tatsache, dass er sich oft einen Bart wachsen lie\u00df, um nicht gefasst zu werden. <div class=\"alert alert-info\"><img loading=\"lazy\" decoding=\"async\" class=\"alignnone\" src=\"https:\/\/www.countingedge.com\/wp-content\/uploads\/2020\/10\/lasvegasusa-de.jpg\" alt=\"Bestes Deutsches Casino\" width=\"950\" height=\"417\" \/> <\/p>\n<div align=\"center\"><a class=\"btn btn-theme btn-lg\" href=\"https:\/\/www.countingedge.com\/recommends\/luckyred\/\" target=\"_blank\" data-bgcolor=\"#CC3333\" data-bghovercolor=\"#242424\" data-txtcolor=\"#FFFFFF\" data-txthovercolor=\"#FFFFFF\" >\u2764 Besuchen Sie mein Lieblingskasino \u2764<\/a><\/div>\n<p> <\/div> <strong>WIE DAS SILVER FOX SYSTEM FUNKTIONIERT<\/strong> Das Silver Fox System verwendet, wie alle <a href=\"https:\/\/www.countingedge.com\/de\/kartenzaehlen\/\">Kartenz\u00e4hlmethoden <\/a>eine laufende Z\u00e4hlung, die anzeigt, ob das Deck f\u00fcr den Spieler vorteilhaft ist. Eine positive laufende Z\u00e4hlung bedeutet, dass die Eins\u00e4tze erh\u00f6ht werden k\u00f6nnen. Eine negative laufende Z\u00e4hlung bedeutet, dass es Zeit ist, abzuhauen. Das Silver Fox z\u00e4hlt zu den Level 1 Systemen, es kann also auch von Anf\u00e4ngern gemeistert werden. Au\u00dferdem geh\u00f6rt es zu den ausgeglichenen Systemen. In einem ausgeglichenen System beginnt die Z\u00e4hlung bei 0 mit einem neu gemischten Deck und endet bei 0, wenn alle Karten ausgegeben wurden. Das ist gut zu wissen, wenn du zu Hause \u00fcbst. Wenn du alle Karten gez\u00e4hlt hast und bei 0 ankommst, hast du das System korrekt angewendet. <strong>KARTENWERTE IM SILVER FOX SYSTEM<\/strong> Wie wir schon erw\u00e4hnt haben, geht es beim Kartenz\u00e4hlen kaum einfacher, als mit diesem System. Hier ein \u00dcberblick, wie jede Karte im Silver Fox gez\u00e4hlt wird:<\/p>\n<h3>DIE KARTENWERTE<\/h3>\n\n<table id=\"tablepress-10\" class=\"tablepress tablepress-id-10\">\n<thead>\n<tr class=\"row-1\">\n\t<th class=\"column-1\">2<\/th><th class=\"column-2\">3<\/th><th class=\"column-3\">4<\/th><th class=\"column-4\">5<\/th><th class=\"column-5\">6<\/th><th class=\"column-6\">7<\/th><th class=\"column-7\">8<\/th><th class=\"column-8\">9<\/th><th class=\"column-9\">10<\/th><th class=\"column-10\">J<\/th><th class=\"column-11\">Q<\/th><th class=\"column-12\">K<\/th><th class=\"column-13\">A<\/th>\n<\/tr>\n<\/thead>\n<tbody class=\"row-striping row-hover\">\n<tr class=\"row-2\">\n\t<td class=\"column-1\">+1<\/td><td class=\"column-2\">+1<\/td><td class=\"column-3\">+1<\/td><td class=\"column-4\">+1<\/td><td class=\"column-5\">+1<\/td><td class=\"column-6\">+1<\/td><td class=\"column-7\">0<\/td><td class=\"column-8\">-1<\/td><td class=\"column-9\">-1<\/td><td class=\"column-10\">-1<\/td><td class=\"column-11\">-1<\/td><td class=\"column-12\">-1<\/td><td class=\"column-13\">-1<\/td>\n<\/tr>\n<\/tbody>\n<\/table>\n<!-- #tablepress-10 from cache --> Das macht das Silver Fox System so einfach. Wie du anhand der Tabelle oben sehen kannst, hebt sich jede Karte im Deck, mit Ausnahme der 8, der ein Wert von 0 zugewiesen wird, durch eine andere Karte auf. Das hei\u00dft, jede Karte hat eine andere Karte im Deck, die sie w\u00e4hrend der laufenden Z\u00e4hlung ausl\u00f6scht. Man kann gar nicht genug betonen, wie einfach dadurch das Kartenz\u00e4hlen wird.<\/p>\n<p>Wenn du dir die Karten anschauen und sofort Kartenpaare ausl\u00f6schen kannst, die sich gegenseitig aufheben, ist es viel einfacher, die laufende Z\u00e4hlung in einem Live Spiel beizubehalten. Indem die Werte auf nur 2 (+1, -1) reduziert werden, ist das Silver Fox System f\u00fcr wirklich jeden sehr einfach zu erlernen, um davon beim Blackjack zu profitieren. <span style=\"color: #731616;\"><strong>ASSE IM SILVER FOX SYSTEM<\/strong><\/span> Worauf du bei der Anwendung des Silver Fox Systems achten solltest ist, wie die Asse behandelt werden. Das Silver Fox erfordert eine separate Z\u00e4hlung der Asse im Spiel.<\/p>\n<p>Das hei\u00dft, zus\u00e4tzlich zur laufenden Z\u00e4hlung schreibt das Silver Fox System vor, auch zu verfolgen, wie viele Asse aus dem Deck gefallen sind. Dazu stellst du einfach die Startanzahl der Asse im Spiel fest, indem du die Anzahl der Decks mit 4 multiplizierst und dann die Anzahl verringerst, sobald ein As gespielt wird. Der Grund, warum das Silver Fox und viele andere Systeme auch, die Asse ber\u00fccksichtigen, ist ziemlich einfach. Du ben\u00f6tigst ein As, um einen Blackjack zu erhalten, und ein Blackjack wird 3:2 ausgezahlt.<\/p>\n<p>Wenn du wei\u00dft, dass das Deck g\u00fcnstig f\u00fcr dich ist (also eine hohe positive Z\u00e4hlung hat) und au\u00dferdem reich an Assen ist (also nur wenige Asse ausgespielt wurden), stehen die Chancen darauf, das Casino zu schlagen, richtig gut. Wer wei\u00df? Vielleicht nennen sie dich auch eines Tages Fuchs. <span style=\"color: #731616;\"><strong>DAS SILVER FOX SYSTEM ZUSAMMENGEFASST<\/strong><\/span> Kartenz\u00e4hlen ist eine F\u00e4higkeit, die \u00dcbung erfordert. Du kannst einige Methoden jahrelang \u00fcben und sie trotzdem niemals perfekt beherrschen. Das Sch\u00f6ne am Silver Fox System ist, dass es in nur kurzer Zeit erlernt werden kann und in einem Live-Blackjackspiel sehr leicht anzuwenden ist.<\/p>\n<p>Somit eignet sich das Silver Fox perfekt f\u00fcr Anf\u00e4nger, die es einmal mit dem Kartenz\u00e4hlen versuchen und ihren Vorteil gegen\u00fcber dem Casino ausbauen m\u00f6chten. <\/p>\n<div class=\"alert alert-info\"><button type=\"button\" class=\"close\" data-dismiss=\"alert\" aria-hidden=\"true\">&times;<\/button><a href=\"https:\/\/www.countingedge.com\/de\/online-blackjack\/\">Online Blackjack<\/a> ist so bequem. Sie k\u00f6nnen mit <a href=\"https:\/\/www.countingedge.com\/de\/wetten-mit-bitcoin\/\">Bitcoin spielen<\/a> und erhalten auch einen sch\u00f6nen <a href=\"https:\/\/www.countingedge.com\/de\/blackjack-boni\/\">Willkommensbonus<\/a>. Siehe die <a href=\"https:\/\/www.countingedge.com\/de\/erfahre-wie-man-blackjack-spielt\/\">blackjack regeln<\/a>.<\/p>\n<p>\u00dcberpr\u00fcfen Sie das <a href=\"https:\/\/www.countingedge.com\/de\/blackjack-system\/\">Blackjack-System<\/a> des <a href=\"https:\/\/www.countingedge.com\/de\/\">CountingEdge<\/a>.<\/div>\n","protected":false},"excerpt":{"rendered":"<p>Das Silver Fox Kartenz\u00e4hlsystem ist vielleicht eine der&#8230; Das Silver Fox Kartenz\u00e4hlsystem ist vielleicht eine der einfachsten Kartenz\u00e4hlmethoden, die es \u00fcberhaupt gibt. Sie wurde von einem Herrn namens Ralph Stricker entwickelt und im Buch The Silver Fox Blackjack System ver\u00f6ffentlicht, welches in einer aktualisierten Ausgabe 1997 neu aufgelegt wurde. Jetzt k\u00f6nnte man vielleicht denken, dass [&hellip;]<\/p>\n","protected":false},"author":1,"featured_media":0,"parent":4415,"menu_order":0,"comment_status":"open","ping_status":"open","template":"","meta":{"footnotes":""},"class_list":["post-4432","page","type-page","status-publish","hentry"],"_links":{"self":[{"href":"https:\/\/www.countingedge.com\/de\/wp-json\/wp\/v2\/pages\/4432","targetHints":{"allow":["GET"]}}],"collection":[{"href":"https:\/\/www.countingedge.com\/de\/wp-json\/wp\/v2\/pages"}],"about":[{"href":"https:\/\/www.countingedge.com\/de\/wp-json\/wp\/v2\/types\/page"}],"author":[{"embeddable":true,"href":"https:\/\/www.countingedge.com\/de\/wp-json\/wp\/v2\/users\/1"}],"replies":[{"embeddable":true,"href":"https:\/\/www.countingedge.com\/de\/wp-json\/wp\/v2\/comments?post=4432"}],"version-history":[{"count":0,"href":"https:\/\/www.countingedge.com\/de\/wp-json\/wp\/v2\/pages\/4432\/revisions"}],"up":[{"embeddable":true,"href":"https:\/\/www.countingedge.com\/de\/wp-json\/wp\/v2\/pages\/4415"}],"wp:attachment":[{"href":"https:\/\/www.countingedge.com\/de\/wp-json\/wp\/v2\/media?parent=4432"}],"curies":[{"name":"wp","href":"https:\/\/api.w.org\/{rel}","templated":true}]}}