{"id":4428,"date":"2015-04-22T04:11:09","date_gmt":"2015-04-22T04:11:09","guid":{"rendered":"https:\/\/www.countingedge.com\/kartenzaehlen\/kiss-2\/"},"modified":"2020-07-08T00:17:12","modified_gmt":"2020-07-08T00:17:12","slug":"kiss-2","status":"publish","type":"page","link":"https:\/\/www.countingedge.com\/de\/kartenzaehlen\/kiss-2\/","title":{"rendered":"KISS II Kartenz\u00e4hlsystem beim Blackjack"},"content":{"rendered":"<h2>Overview<\/h2>\n<p><img decoding=\"async\" class=\"alignleft size-medium\" src=\"https:\/\/www.countingedge.com\/wp-content\/uploads\/2014\/01\/cardcouning-fingers-300x232.png\" alt=\"counting cards\" \/><\/p>\n<p> Als Fred Renzey das KISS II Kartenz\u00e4hlsystem entwickelte, hatte er eine ziemlich grundlegende Philosophie im Kopf, die das System kurz und einfach halten sollte. Renzey ver\u00f6ffentlichte die KISS II Methode in seinem Buch Blackjack Bluebook II. Die erweiterte Version des <a href=\"https:\/\/www.countingedge.com\/best-blackjack-books\/\">Blackjack-Buches<\/a> wurde 2006 ver\u00f6ffentlicht, aber die KISS II Methode entwickelt sich auch jetzt noch stetig weiter und wird st\u00e4ndig von Renzey verbessert. Fred Renzey gilt in der Spielerwelt als erfahrener Experte im Blackjack und anderen Kartenspielen, was der KISS II Methode mehr Glaubhaftigkeit verleiht. Anf\u00e4nger im Kartenz\u00e4hlen werden das KISS II System lieben. Wie der Name schon andeutet, versucht diese Methode den Prozess des Kartenz\u00e4hlens so einfach, wie m\u00f6glich zu gestalten. Obwohl das KISS II System sehr einfach zu erlernen und im Blackjack anzuwenden ist, ist es trotzdem machtvoll genug, dem Spieler einen Vorteil gegen\u00fcber dem Haus von +0,64% zu verschaffen. <div class=\"alert alert-info\"><img loading=\"lazy\" decoding=\"async\" class=\"alignnone\" src=\"https:\/\/www.countingedge.com\/wp-content\/uploads\/2020\/10\/lasvegasusa-de.jpg\" alt=\"Bestes Deutsches Casino\" width=\"950\" height=\"417\" \/> <\/p>\n<div align=\"center\"><a class=\"btn btn-theme btn-lg\" href=\"https:\/\/www.countingedge.com\/recommends\/luckyred\/\" target=\"_blank\" data-bgcolor=\"#CC3333\" data-bghovercolor=\"#242424\" data-txtcolor=\"#FFFFFF\" data-txthovercolor=\"#FFFFFF\" >\u2764 Besuchen Sie mein Lieblingskasino \u2764<\/a><\/div>\n<p> <\/div>\n<p><strong>Was du \u00fcber die KISS II Kartenz\u00e4hlmethode wissen musst <\/strong><\/p>\n<p>\u00dcber die KISS II Methode muss man zun\u00e4chst verstehen, dass es sich an die allgemeinen Grundlagen des Kartenz\u00e4hlens h\u00e4lt. Ziel der Methode ist es, dem Spieler dabei zu helfen, eine laufende Z\u00e4hlung zu entwickeln, und festzustellen, wann ein Deck vorteilhaft f\u00fcr ihn wird. Erreicht die laufende Z\u00e4hlung ein sehr hohes Niveau wie +3, +4, +5 erh\u00f6hen sich die Chancen f\u00fcr Blackjackprofis immens und du solltest deine Eins\u00e4tze erh\u00f6hen. Wenn die Z\u00e4hlung jedoch gegen 0 f\u00e4llt, solltest du vorsichtig werden. Das w\u00e4re genau die richtige Zeit, sich ans Buffet zu begeben und eine Auszeit zu nehmen. Zweitens, geh\u00f6rt die KISS II Kartenz\u00e4hlmethode zu den sogenannten unausgeglichenen Systemen. Das bedeutet, dass, sobald alle Karten aus dem Schlitten verteilt wurden, die Endz\u00e4hlung nicht zwingend bei 0 liegt. Warum ist das so? Das liegt daran, dass die Z\u00e4hlung nicht bei 0 beginnt. Es existieren verschiedene Theorien dar\u00fcber, wo die Z\u00e4hlung beginnen sollte. Einige Bef\u00fcrworter des KISS II Systems empfehlen, mit der Z\u00e4hlung bei einem neuen Schlitten und -12 zu beginnen. So weit zur\u00fcck w\u00fcrden wir zwar nicht gehen, aber die Tatsache mit der Z\u00e4hlung bei einem negativen Wert zu beginnen, anstatt bei 0, l\u00e4sst dich ganz sicher erkennen, wann ein Deck f\u00fcr dich vorteilhaft wird, sobald die Z\u00e4hlung in einen positiven Bereich ger\u00e4t und du richtig Geld gewinnen kannst. Eine weitere Sache, die du \u00fcber die KISS II Methode wissen solltest ist, dass die Z\u00e4hlung auf Farben beruht. Den 2en im Deck werden unterschiedliche Werte basierend auf der Farbe ihres Blattes zugewissen. Das f\u00fcgt der Methode eine gewisse Schwierigkeit hinzu und viele Spieler scheuen sich davor, auf Farben basierende Z\u00e4hlungen anzuwenden. <strong>Die Kartenwerte im KISS II<\/strong> Hier die Zahlenwerte, die den Karten im KISS II zugewiesen werden: Die Kartenwerte \n<table id=\"tablepress-6\" class=\"tablepress tablepress-id-6\">\n<thead>\n<tr class=\"row-1\">\n\t<th class=\"column-1\">Red 2<\/th><th class=\"column-2\">Black 2<\/th><th class=\"column-3\">3<\/th><th class=\"column-4\">4<\/th><th class=\"column-5\">5<\/th><th class=\"column-6\">6<\/th><th class=\"column-7\">7<\/th><th class=\"column-8\">8<\/th><th class=\"column-9\">9<\/th><th class=\"column-10\">10<\/th><th class=\"column-11\">J<\/th><th class=\"column-12\">Q<\/th><th class=\"column-13\">K<\/th><th class=\"column-14\">A<\/th>\n<\/tr>\n<\/thead>\n<tbody class=\"row-striping row-hover\">\n<tr class=\"row-2\">\n\t<td class=\"column-1\">0<\/td><td class=\"column-2\">+1<\/td><td class=\"column-3\">+1<\/td><td class=\"column-4\">+1<\/td><td class=\"column-5\">+1<\/td><td class=\"column-6\">+1<\/td><td class=\"column-7\">0<\/td><td class=\"column-8\">0<\/td><td class=\"column-9\">0<\/td><td class=\"column-10\">-1<\/td><td class=\"column-11\">-1<\/td><td class=\"column-12\">-1<\/td><td class=\"column-13\">-1<\/td><td class=\"column-14\">0<\/td>\n<\/tr>\n<\/tbody>\n<\/table>\n<!-- #tablepress-6 from cache --> Zwei wichtige Dinge muss man bei diesen Kartenwerten beachten. Zun\u00e4chst erhalten die 2en, wie wir weiter oben schon erw\u00e4hnt haben, verschiedene Werte basierend auf der Farbe ihres Blattes. In der Blackjack-Gemeinschaft wird st\u00e4ndig und hitzig \u00fcber die Vor- und Nachteile der farbenbasierenden Z\u00e4hlung diskutiert. Letztlich muss der Spieler aber selbst entscheiden, ob er mit dieser Methode gut zurecht kommt. <div class=\"alert alert-info\"><button type=\"button\" class=\"close\" data-dismiss=\"alert\" aria-hidden=\"true\">&times;<\/button><a href=\"https:\/\/www.countingedge.com\/de\/online-blackjack\/\">Online Blackjack<\/a> ist so bequem. Sie k\u00f6nnen mit <a href=\"https:\/\/www.countingedge.com\/de\/wetten-mit-bitcoin\/\">Bitcoin spielen<\/a> und erhalten auch einen sch\u00f6nen <a href=\"https:\/\/www.countingedge.com\/de\/blackjack-boni\/\">Willkommensbonus<\/a>. Siehe die <a href=\"https:\/\/www.countingedge.com\/de\/erfahre-wie-man-blackjack-spielt\/\">blackjack regeln<\/a>. \u00dcberpr\u00fcfen Sie das <a href=\"https:\/\/www.countingedge.com\/de\/blackjack-system\/\">Blackjack-System<\/a> des <a href=\"https:\/\/www.countingedge.com\/de\/\">CountingEdge<\/a>.<\/div> Zweitens wirst du feststellen, dass die KISS II Methode sehr vereinfacht ist, weil sie dem Spieler erlaubt, 50% der Karten von der Z\u00e4hlung auszuschlie\u00dfen. Und zwar deshalb, weil vier der Karten einen Wert von +1 und vier Karten einen Wert von -1 haben. Diese Karten heben sich also gegenseitig auf. Die Kiss II Z\u00e4hlung in einem Live-Spiel anzuwenden ist viel einfacher, weil man weniger Karten verfolgen und zur laufenden Z\u00e4hlung hinzuf\u00fcgen muss. In der KISS II Methode ist es nicht n\u00f6tig, die Asse separat zu z\u00e4hlen. Du z\u00e4hlst die Asse einfach mit 0 in die laufende Z\u00e4hlung. <strong>Das KISS II zusammengefasst<\/strong> <a href=\"https:\/\/www.countingedge.com\/de\/\">Counting Edge <\/a>h\u00e4lt die KISS II Methode f\u00fcr eine gro\u00dfartige Einf\u00fchrung in das Kartez\u00e4hlen. Sie l\u00e4sst sich leicht erlernen und am Blackjacktisch ausf\u00fchren. Es ist auf jeden Fall vorteilhaft f\u00fcr den Spieler, das KISS II System privat zu Hause zu \u00fcben, bevor er es in einem Casino anwendet. Die einzige Schwierigkeit des KISS II Systems liegt in der farbenbasierten Z\u00e4hlung der 2en im Deck. Es sei gesagt, dass die KISS II Methode auch ohne die Zuweisung verschiedener Werte f\u00fcr die roten und schwarzen 2en funktioniert, was aber die gesamte Wirksamkeit der Methode reduziert.<\/p>\n","protected":false},"excerpt":{"rendered":"<p>Overview Als Fred Renzey das KISS II Kartenz\u00e4hlsystem entwickelte, hatte er eine ziemlich grundlegende Philosophie im Kopf, die das System kurz und einfach halten sollte. Renzey ver\u00f6ffentlichte die KISS II Methode in seinem Buch Blackjack Bluebook II. Die erweiterte Version des Blackjack-Buches wurde 2006 ver\u00f6ffentlicht, aber die KISS II Methode entwickelt sich auch jetzt noch [&hellip;]<\/p>\n","protected":false},"author":1,"featured_media":0,"parent":4415,"menu_order":0,"comment_status":"open","ping_status":"open","template":"","meta":{"footnotes":""},"class_list":["post-4428","page","type-page","status-publish","hentry"],"_links":{"self":[{"href":"https:\/\/www.countingedge.com\/de\/wp-json\/wp\/v2\/pages\/4428","targetHints":{"allow":["GET"]}}],"collection":[{"href":"https:\/\/www.countingedge.com\/de\/wp-json\/wp\/v2\/pages"}],"about":[{"href":"https:\/\/www.countingedge.com\/de\/wp-json\/wp\/v2\/types\/page"}],"author":[{"embeddable":true,"href":"https:\/\/www.countingedge.com\/de\/wp-json\/wp\/v2\/users\/1"}],"replies":[{"embeddable":true,"href":"https:\/\/www.countingedge.com\/de\/wp-json\/wp\/v2\/comments?post=4428"}],"version-history":[{"count":0,"href":"https:\/\/www.countingedge.com\/de\/wp-json\/wp\/v2\/pages\/4428\/revisions"}],"up":[{"embeddable":true,"href":"https:\/\/www.countingedge.com\/de\/wp-json\/wp\/v2\/pages\/4415"}],"wp:attachment":[{"href":"https:\/\/www.countingedge.com\/de\/wp-json\/wp\/v2\/media?parent=4428"}],"curies":[{"name":"wp","href":"https:\/\/api.w.org\/{rel}","templated":true}]}}