{"id":3633,"date":"2015-04-21T16:28:05","date_gmt":"2015-04-21T16:28:05","guid":{"rendered":"https:\/\/www.countingedge.com\/de\/professionelle-blackjack-spieler\/ken-uston\/"},"modified":"2020-07-08T00:19:29","modified_gmt":"2020-07-08T00:19:29","slug":"ken-uston","status":"publish","type":"page","link":"https:\/\/www.countingedge.com\/de\/professionelle-blackjack-spieler\/ken-uston\/","title":{"rendered":"Ken Uston &#8222;Million dollar blackjack&#8220;"},"content":{"rendered":"<h2>Overview<\/h2>\n<h3>Overview<\/h3>\n<p><img decoding=\"async\" class=\"alignleft size-full \" src=\"https:\/\/www.countingedge.com\/wp-content\/uploads\/2015\/04\/ken-uston-blackjack.jpg\" alt=\"Ken Uston\" \/><\/p>\n<p>Geht es um Blackjack-Legenden, hebt sich Ken Uston von den anderen deutlich ab. Es gab zwar viele, die bei der Entwicklung des Kartenz\u00e4hlens Uston voraus waren, aber Ken Uston war der erste Blackjack-Spieler, der sein Wissen und seine Techniken durchg\u00e4ngig an den Blackjack-Tischen anwendete und damit Millionen verdiente. Sein Verst\u00e4ndis f\u00fcrs Kartenz\u00e4hlen und sein unglaublich fundiertes Wissen des Spiels Blackjack beeinflussen Spieler aller F\u00e4higkeitsstufen bis heute.<\/p>\n<p>Uston&#8217;s echter Name war Kenneth Senzo Usui. Er war von gemischter Herkunft. Uston&#8217;s Mutter war \u00d6sterreicherin und sein Vater ein japanischer Gesch\u00e4ftsmann. Uston war das \u00e4lteste von drei Kindern des Paares und hochintelligent. Uston&#8217;s Vater stellte hohe geistige Anforderungen an seine Kinder, trieb sie beim Lernen voran, und so entwickelten sie sich viel schneller als andere Kinder ihres Alters.<\/p>\n<p>So kam es, dass Uston im zarten Alter von 16 Jahren nach Yale ging. Das war eine erstaunliche Leistung, doch Uston setzte noch einen drauf, als er Mitglied der Phi Betta Kappa Bruderschaft und Ehrengesellschaft wurde. Nach seiner Zeit in Yale machte Uston seinen Abschluss als Betriebswirt an der Harvard Universit\u00e4t. Nicht viele Menschen &#8211; Blackjackspieler oder andere &#8211; k\u00f6nnen von sich behaupten, Sch\u00fcler von 2 Top-Elite-Schulen gewesen zu sein.<\/p>\n<div class=\"alert alert-info\"><img loading=\"lazy\" decoding=\"async\" class=\"alignnone\" src=\"https:\/\/www.countingedge.com\/wp-content\/uploads\/2020\/10\/lasvegasusa-de.jpg\" alt=\"Bestes Deutsches Casino\" width=\"950\" height=\"417\" \/> <\/p>\n<div align=\"center\"><a class=\"btn btn-theme btn-lg\" href=\"https:\/\/www.countingedge.com\/recommends\/luckyred\/\" target=\"_blank\" data-bgcolor=\"#CC3333\" data-bghovercolor=\"#242424\" data-txtcolor=\"#FFFFFF\" data-txthovercolor=\"#FFFFFF\" >\u2764 Besuchen Sie mein Lieblingskasino \u2764<\/a><\/div>\n<p> <\/div>\n<p>Doch findet man diese Intelligenz und akademische \u00dcberlegenheit bei vielen Blackjack-Experten. Die meisten von ihnen zeigen eine erstaunliche Begabung f\u00fcr Mathematik. Uston war da keine Ausnahme. Durch seine schulische Ausbildung bekam er Jobs in der Telefonindustrie und als hochbezahlter Berater bei verschiedenen Unternehmen. Schlie\u00dflich wurde Uston Senior Vize-Pr\u00e4sident der pazifischen B\u00f6rse.<\/p>\n<p>W\u00e4hrend Uston sich einen Namen an der B\u00f6rse machte begann er, Edward O. Thorps <em>Beat The Dealer <\/em>zu lesen. Uston war davon \u00fcberzeugt, dass man unglaubliche Mengen an Geld mit Blackjack spielen gewinnen konnte. Seine Affinit\u00e4t f\u00fcr Zahlen machte aus ihm einen hervorragenden Kartenz\u00e4hler und es dauert nicht lange, da fuhr Uston nahezu jedes Wochenende nach Las Vegas.<\/p>\n<p>Ein zuf\u00e4lliges Zusammentreffen mit Profispieler Al Francesco erwies sich als Wendepunkt in Ken Uston&#8217;s Leben. Francesco war einer der ersten Blackjack Spieler, die das Team-Konzept erforschten. Er stellte verschiedene Expertenspieler zu eine Team zusammen und gemeinsam griffen sie die Casinos an.<\/p>\n<p>Ein besonderes Kennzeichen von Francesco&#8217;s Teams war der &#8222;Big Player&#8220;. Dieser Spieler war derjenige im Team, der zu den hei\u00dfesten Tischen gef\u00fchrt wurde, um die h\u00f6chsten Eins\u00e4tze zu machen. Es dauerte nicht lange und Uston hatte, auf Grund seiner bemerkenswerten Kartenz\u00e4hlkenntnisse, die Rolle des Big Player in Francesco&#8217;s Team inne.<\/p>\n<p>F\u00fcr Francesco&#8217;s Team lief es hervorragned, bis Uston sein erste Buch ver\u00f6ffentlichte, mit dem bezeichnenden Titel <em>The Big Player<\/em>. Es war nicht ungew\u00f6hnlich, dass Blackjack-Experten B\u00fccher \u00fcber das Kartenz\u00e4hlung schrieben, aber Uston machte einen schwerwiegenden Fehler. Sein Buch identifizierte eindeutig Mitglieder aus Francesco\u2019s Team. Das Ergebnis war, dass Francesco&#8217;s Team aus den Casinos in Las Vegas verbannt wurde. Auf einen Schlag hatte Uston der goldenen Gans den Hals umgedreht.<\/p>\n<div class=\"alert alert-info\"><button type=\"button\" class=\"close\" data-dismiss=\"alert\" aria-hidden=\"true\">&times;<\/button><a href=\"https:\/\/www.countingedge.com\/de\/online-blackjack\/\">Online Blackjack<\/a> ist so bequem. Sie k\u00f6nnen mit <a href=\"https:\/\/www.countingedge.com\/de\/wetten-mit-bitcoin\/\">Bitcoin spielen<\/a> und erhalten auch einen sch\u00f6nen <a href=\"https:\/\/www.countingedge.com\/de\/blackjack-boni\/\">Willkommensbonus<\/a>. Siehe die <a href=\"https:\/\/www.countingedge.com\/de\/erfahre-wie-man-blackjack-spielt\/\">blackjack regeln<\/a>. \u00dcberpr\u00fcfen Sie das <a href=\"https:\/\/www.countingedge.com\/de\/blackjack-system\/\">Blackjack-System<\/a> des <a href=\"https:\/\/www.countingedge.com\/de\/\">CountingEdge<\/a>.<\/div>\n<p>Getrennt von Francesco und ohne Ort, an dem er Blackjack spielen konnte, waren Uston\u2019s Kartenz\u00e4hlf\u00e4higkeiten bis 1978 nutzlos. In diesem Jahr wurde das Casino-Gl\u00fccksspiel in Atlantic City, New Jersey legalisiert. Das er\u00f6ffnete Kartenz\u00e4hlern neue M\u00f6glichkeiten und Ken Uston schloss sich dem Zug von Spielern Richtung Osten an. Doch dieses Mal stellte Uston sein eigenes Team professioneller Kartenspieler zusammen. Die M\u00e4nner stiegen in Atlantic City schnell auf und fuhren erhebliche Gewinne ein.<\/p>\n<p>Auch wenn er im Kartenz\u00e4hlen hervorragend war, schaffte es Uston auf der anderen Seite nicht, die Arbeit seines Teams geheim zu halten. Nach relativ kurzer Zeit kam man ihnen auf die Schliche und schloss sie aus den Casinos Atlantic City&#8217;s aus. Darauf antwortete Uston mit einem jahrelang w\u00e4hrenden Rechtsstreit und wurde dabei zum ersten Kartenz\u00e4hler, der die Casinos ernsthaft auch gerichtlich herausforderte.<\/p>\n<p>Nachdem Resorts International Uston und sein Team 1979 verbannt hatten, klagte Uston gegen sie und begr\u00fcndete das damit, dass Kartenz\u00e4hlen eine F\u00e4higkeit war, wegen der Spieler nicht ausgeschlossen werden sollten. Die Klage war zwar ein Erfolg f\u00fcr Uston, allerdings mit schalem Beigeschmack. Obwohl die Casinos in Atlantic City bis heute keine Kartenz\u00e4hler von Spielen ausschlie\u00dfen k\u00f6nnen, wurden andere Ma\u00dfnahmen ergriffen, um dem Kartenz\u00e4hlen vorzubeugen. Dazu geh\u00f6rten multiple Decks, automatische Mischmaschinen und zahlreiche andere Ver\u00e4nderungen des Spiels.<\/p>\n<p>Uston schrieb weiterhin viele popul\u00e4re B\u00fccher \u00fcber Blackjack, wie auch <em>Million Dollar Blackjack<\/em>. Als Spieler hat er sich jedoch nie wieder richtig von den diversen Ausschl\u00fcssen erholt. Er war schlie\u00dflich gezwungen, einige erhebliche Anstrengungen zu unternehmen, um ein Casino betreten zu k\u00f6nnen, doch mit Einf\u00fchrung der Gesichtserkennungssysteme war auch das bald sinnlos. Uston fand sich letztendlich in Paris wieder, wo er im Alter von 52 Jahren an Herzversagen starb.<\/p>\n","protected":false},"excerpt":{"rendered":"<p>Overview Overview Geht es um Blackjack-Legenden, hebt sich Ken Uston von den anderen deutlich ab. Es gab zwar viele, die bei der Entwicklung des Kartenz\u00e4hlens Uston voraus waren, aber Ken Uston war der erste Blackjack-Spieler, der sein Wissen und seine Techniken durchg\u00e4ngig an den Blackjack-Tischen anwendete und damit Millionen verdiente. Sein Verst\u00e4ndis f\u00fcrs Kartenz\u00e4hlen und [&hellip;]<\/p>\n","protected":false},"author":1,"featured_media":0,"parent":3530,"menu_order":0,"comment_status":"open","ping_status":"open","template":"","meta":{"footnotes":""},"class_list":["post-3633","page","type-page","status-publish","hentry"],"_links":{"self":[{"href":"https:\/\/www.countingedge.com\/de\/wp-json\/wp\/v2\/pages\/3633","targetHints":{"allow":["GET"]}}],"collection":[{"href":"https:\/\/www.countingedge.com\/de\/wp-json\/wp\/v2\/pages"}],"about":[{"href":"https:\/\/www.countingedge.com\/de\/wp-json\/wp\/v2\/types\/page"}],"author":[{"embeddable":true,"href":"https:\/\/www.countingedge.com\/de\/wp-json\/wp\/v2\/users\/1"}],"replies":[{"embeddable":true,"href":"https:\/\/www.countingedge.com\/de\/wp-json\/wp\/v2\/comments?post=3633"}],"version-history":[{"count":0,"href":"https:\/\/www.countingedge.com\/de\/wp-json\/wp\/v2\/pages\/3633\/revisions"}],"up":[{"embeddable":true,"href":"https:\/\/www.countingedge.com\/de\/wp-json\/wp\/v2\/pages\/3530"}],"wp:attachment":[{"href":"https:\/\/www.countingedge.com\/de\/wp-json\/wp\/v2\/media?parent=3633"}],"curies":[{"name":"wp","href":"https:\/\/api.w.org\/{rel}","templated":true}]}}