{"id":3444,"date":"2015-04-23T04:54:36","date_gmt":"2015-04-23T04:54:36","guid":{"rendered":"https:\/\/www.countingedge.com\/de\/blackjack-varianten\/european-blackjack-how-to-play\/"},"modified":"2020-07-07T23:55:11","modified_gmt":"2020-07-07T23:55:11","slug":"european-blackjack","status":"publish","type":"page","link":"https:\/\/www.countingedge.com\/de\/blackjack-varianten\/european-blackjack\/","title":{"rendered":"European Blackjack"},"content":{"rendered":"<h2>Es ist nicht m\u00f6glich von Blackjack zu sprechen ohne davon zu&#8230;<\/h2>\n<p>Es ist nicht m\u00f6glich von Blackjack zu sprechen ohne davon zu reden, wo das Spiel entstanden ist. European Blackjack ist der Vorg\u00e4nger des heute in den USA und in anderen Teilen der Welt weit verbreiteten Blackjacks. Mit den Jahren entwickelte sich European Blackjack zu einem Spiel, das eher die standart variety repr\u00e4sentiert.<\/p>\n<p>Trotzdem unterscheiden sich einige Aspekte des Spiels in Europa von der amerikanischen Variante. Jeder, der dar\u00fcber nachdenkt in Europa Blackjack zu spielen sollte die Regelunterschiede kennen, bevor er sich daran wagt es zu spielen.<\/p>\n<div class=\"alert alert-info\"><img loading=\"lazy\" decoding=\"async\" class=\"alignnone\" src=\"https:\/\/www.countingedge.com\/wp-content\/uploads\/2020\/10\/lasvegasusa-de.jpg\" alt=\"Bestes Deutsches Casino\" width=\"950\" height=\"417\" \/> <\/p>\n<div align=\"center\"><a class=\"btn btn-theme btn-lg\" href=\"https:\/\/www.countingedge.com\/recommends\/luckyred\/\" target=\"_blank\" data-bgcolor=\"#CC3333\" data-bghovercolor=\"#242424\" data-txtcolor=\"#FFFFFF\" data-txthovercolor=\"#FFFFFF\" >\u2764 Besuchen Sie mein Lieblingskasino \u2764<\/a><\/div>\n<p> <\/div>\n<h3>Die Geschichte Des European Blackjack<\/h3>\n<p>Wie bereits erw\u00e4hnt ist Blackjack in Europa entstanden. Obwohl die genauen Wurzeln des Spiels heute unbekannt sind, sind die erste Quelle, die sich darauf bezieht, die Schriften von Miguel de Cervantes. Cervantes ist besonders f\u00fcr sein Werk <em>Don Quixote<\/em> bekannt. Cervantes war selbst ein Spieler, der in einem seiner Romane die Geschichter zweier Kartenspieler beschreibt, die geschickt darin waren im Spiel 21 zu betr\u00fcgen.<\/p>\n<p>Seit die Geschichte im Jahr 1601 oder 1602 zu Papier gebracht wurde konnte festgestellt werden, dass Blackjack schon zu dieser Zeit in Spanien gespielt wurde. Es waren jedoch die Franzosen und die Deutschen, die das Spiel in seiner Originalversion bekannt gemacht haben. In diesen Regionen war es als <em>Vingt-et-un<\/em> bekannt und besonders im 18. und 19. Jahrhundert sehr beliebt. Jeder, der heute Blackjack spielt kann diesen Kulturen daf\u00fcr danken die Grundlagen f\u00fcr die Blackjack regeln gelegt zu haben, die noch heute existieren.<\/p>\n<h3>Modernes European Blackjack<\/h3>\n<p>Auch heute ist Blackjack in Europa noch sehr beliebt. Die Regeln des European Blackjack spiegeln jedoch noch immer einige der urspr\u00fcnglichen Aspekte des Spiels wieder. Hier finden Sie die Grundregeln des European Blackjack:<\/p>\n<ul class=\"bullets mline the-icons \"  style=\"color:#666\"><li ><i class=\"fa fa-check\" style=\"color:#D42013;\"><\/i>8 Decks, die nach jeder Runde neu gemischt werden <\/li><li ><i class=\"fa fa-check\" style=\"color:#D42013;\"><\/i>Der Dealer muss mit weniger oder gleich 16 ziehen<\/li><li ><i class=\"fa fa-check\" style=\"color:#D42013;\"><\/i>Der Dealer muss mit einer weichen 17 passen <\/li><li ><i class=\"fa fa-check\" style=\"color:#D42013;\"><\/i>Blackjack zahlt 3:2 <\/li><li ><i class=\"fa fa-check\" style=\"color:#D42013;\"><\/i>Versicherung zahlt 2:1 <\/li><li ><i class=\"fa fa-check\" style=\"color:#D42013;\"><\/i>Gleichstand zahlt 1:1 <\/li><li ><i class=\"fa fa-check\" style=\"color:#D42013;\"><\/i>Verdoppeln m\u00f6glich mit 9, 10, 11 <\/li><li ><i class=\"fa fa-check\" style=\"color:#D42013;\"><\/i>Verdoppen mit dem Teilen<\/li><li ><i class=\"fa fa-check\" style=\"color:#D42013;\"><\/i>Kein teilen von 4en, 5en, oder 10er Karten <\/li><li ><i class=\"fa fa-check\" style=\"color:#D42013;\"><\/i>Mehrfaches Teilen ist nicht erlaubt <\/li><li ><i class=\"fa fa-check\" style=\"color:#D42013;\"><\/i>50% R\u00fcckzahlung bei Aufgabe wenn der Dealer ein Ass zeigt<\/li><li ><i class=\"fa fa-check\" style=\"color:#D42013;\"><\/i>Der Spieler verliert seinen kompletten Einsatz wenn der Dealer einen Blackjack hat, inkl.<\/p>\n<p>Teilungen und Verdoppelungen<\/li><\/ul>\n<h3>Neu Mischen Im European Blackjack<\/h3>\n<p>Im European Blackjack werden 8 Kartendecks verwenden. Alle acht Decks werden nach jeder Spielrunde gemischt. Hierbei handelt es sich um einen wahren Albtraum f\u00fcr Kartenz\u00e4hler, da dadurch das Z\u00e4hlen im European Blackjack geradezu unm\u00f6glich wird. Um das Mischen durchzuf\u00fchren wird einer automatischer Shuffler verwendet, \u00e4hnlich denen, die an Pokertischen zu finden sind.<\/p>\n<p>Die Karten im European Blackjack zu z\u00e4hlen ist sehr schwierig, da niemals gen\u00fcgend Karten in einer einzelnen Spielrunde gedealt werden, um auf eine passende Sch\u00e4tzung zu kommen ob das Deck gerade gut oder schlecht f\u00fcr den Spieler ist. <strong><span style=\"color: #d42013;\">Kein Teilen Von 4en, 5en, Oder 10en Im European Blackjack<\/span> <\/strong><\/p>\n<p>Diese Regel ist f\u00fcr <a href=\"https:\/\/www.countingedge.com\/professionelle-blackjack-spieler\/\">professionelle Blackjack Spieler<\/a> und Kartenz\u00e4hler eher weniger bedeutend, da diese Kartenpaare fast nie geteilt werden. Trotzdem wissen wissen, dass eine Blackjack-Regel, die ein Casino aufstellt, immer zu dessen Vorteil ist. Europ\u00e4ische Casinos wissen, dass Profis und Kartenz\u00e4hler diese Paare manchmal teilen, wenn ein Dealer schwach ist und wahrscheinlich \u00fcberzieht. Es handelt sich hierbei um ein weiteres Element des European Blackjack, das sich gegen Profis und Kartenz\u00e4hler richtet.<\/p>\n<h3>Kein Ansehen Der Dealerkarte Im European Blackjack<\/h3>\n<p>Die wohl gr\u00f6\u00dfte Regelabweichung im European Blackjack ist die Regel, die es dem Dealer verbietet seine verdeckte Karte anzusehen, bis alle Spieler gehandelt haben. Das bedeutet, dass der Dealer erst sieht ob er einen Blackjack hat, wenn alle Entscheidungen bereits getroffen sind. Wieso ist diese \u201eKEIN ANSEHEN\u201c-Regel so wichtig?<\/p>\n<p>Im American Blackjack wird ein Blackjack sofort durch den Dealer aufgedeckt und alle Spieler am Tisch ohne eigenen Blackjack verlieren ihren Einsatz. Sie erhalten nicht die M\u00f6glichkeit zu veroppeln oder zu teilen. Im European Blackjack muss der Spieler all diese Dinge tun, wodurch sich der urspr\u00fcngliche Einsatz erh\u00f6ht, ohne zu wissen, ob der Dealer einen Blackjack aufdecken wird. Wie Sie sehen ist dies ein gro\u00dfter Hausvorteil.<\/p>\n<p>Es ist unm\u00f6glich Dealer \u201cZeichen\u201d aufzuschnappen, da der Dealer selbst nicht wei\u00df, ob seine Karten einen Blackjack ergeben. Aus diesem Grund ist das Blackjackspiel in den USA und anderen Teilen der Welt, die sich den Standartregeln von 21 verschrieben haben, sehr viel vorteilhafter.<\/p>\n<div class=\"alert alert-info\"><button type=\"button\" class=\"close\" data-dismiss=\"alert\" aria-hidden=\"true\">&times;<\/button><a href=\"https:\/\/www.countingedge.com\/de\/online-blackjack\/\">Online Blackjack<\/a> ist so bequem. Sie k\u00f6nnen mit <a href=\"https:\/\/www.countingedge.com\/de\/wetten-mit-bitcoin\/\">Bitcoin spielen<\/a> und erhalten auch einen sch\u00f6nen <a href=\"https:\/\/www.countingedge.com\/de\/blackjack-boni\/\">Willkommensbonus<\/a>. Siehe die <a href=\"https:\/\/www.countingedge.com\/de\/erfahre-wie-man-blackjack-spielt\/\">blackjack regeln<\/a>. \u00dcberpr\u00fcfen Sie das <a href=\"https:\/\/www.countingedge.com\/de\/blackjack-system\/\">Blackjack-System<\/a> des <a href=\"https:\/\/www.countingedge.com\/de\/\">CountingEdge<\/a>.<\/div>\n","protected":false},"excerpt":{"rendered":"<p>Es ist nicht m\u00f6glich von Blackjack zu sprechen ohne davon zu&#8230; Es ist nicht m\u00f6glich von Blackjack zu sprechen ohne davon zu reden, wo das Spiel entstanden ist. European Blackjack ist der Vorg\u00e4nger des heute in den USA und in anderen Teilen der Welt weit verbreiteten Blackjacks. Mit den Jahren entwickelte sich European Blackjack zu [&hellip;]<\/p>\n","protected":false},"author":1,"featured_media":0,"parent":3238,"menu_order":0,"comment_status":"open","ping_status":"open","template":"","meta":{"footnotes":""},"class_list":["post-3444","page","type-page","status-publish","hentry"],"_links":{"self":[{"href":"https:\/\/www.countingedge.com\/de\/wp-json\/wp\/v2\/pages\/3444","targetHints":{"allow":["GET"]}}],"collection":[{"href":"https:\/\/www.countingedge.com\/de\/wp-json\/wp\/v2\/pages"}],"about":[{"href":"https:\/\/www.countingedge.com\/de\/wp-json\/wp\/v2\/types\/page"}],"author":[{"embeddable":true,"href":"https:\/\/www.countingedge.com\/de\/wp-json\/wp\/v2\/users\/1"}],"replies":[{"embeddable":true,"href":"https:\/\/www.countingedge.com\/de\/wp-json\/wp\/v2\/comments?post=3444"}],"version-history":[{"count":0,"href":"https:\/\/www.countingedge.com\/de\/wp-json\/wp\/v2\/pages\/3444\/revisions"}],"up":[{"embeddable":true,"href":"https:\/\/www.countingedge.com\/de\/wp-json\/wp\/v2\/pages\/3238"}],"wp:attachment":[{"href":"https:\/\/www.countingedge.com\/de\/wp-json\/wp\/v2\/media?parent=3444"}],"curies":[{"name":"wp","href":"https:\/\/api.w.org\/{rel}","templated":true}]}}